{"id":1139796,"date":"2025-03-15T11:29:40","date_gmt":"2025-03-15T11:29:40","guid":{"rendered":"https:\/\/kudocook.com\/selecciona-recetas-por-categoria\/"},"modified":"2025-03-15T12:01:47","modified_gmt":"2025-03-15T12:01:47","slug":"selecciona-recetas-por-categoria","status":"publish","type":"page","link":"https:\/\/kudocook.com\/es\/selecciona-recetas-por-categoria\/","title":{"rendered":"Selecciona recetas por categor\u00eda"},"content":{"rendered":"\t\t<div data-elementor-type=\"wp-page\" data-elementor-id=\"1139796\" class=\"elementor elementor-1139796 elementor-1139740\" data-elementor-post-type=\"page\">\n\t\t\t\t<div class=\"elementor-element elementor-element-234957b e-flex e-con-boxed e-con e-parent\" data-id=\"234957b\" data-element_type=\"container\" data-e-type=\"container\" data-settings=\"{&quot;pix_scale_in&quot;:&quot;none&quot;}\">\n\t\t\t\t\t<div class=\"e-con-inner\">\n\t\t\t\t<div class=\"elementor-element elementor-element-81c8e4c elementor-widget elementor-widget-shortcode\" data-id=\"81c8e4c\" data-element_type=\"widget\" data-e-type=\"widget\" data-widget_type=\"shortcode.default\">\n\t\t\t\t<div class=\"elementor-widget-container\">\n\t\t\t\t\t\t\t<div class=\"elementor-shortcode\"><div class=\"taxonomy-buttons\"><a class='elementor-button btn-lg btn-primary pix-m-10' href='https:\/\/kudocook.com\/es\/recetas\/?_recipe_category=grilled-es&#038;_compatible_robots=thermomix-es'>A la parrilla<\/a><a class='elementor-button btn-lg btn-primary pix-m-10' href='https:\/\/kudocook.com\/es\/recetas\/?_recipe_category=steamed-es&#038;_compatible_robots=thermomix-es'>Al vapor<\/a><a class='elementor-button btn-lg btn-primary pix-m-10' href='https:\/\/kudocook.com\/es\/recetas\/?_recipe_category=riz-es&#038;_compatible_robots=thermomix-es'>Arroz<\/a><a class='elementor-button btn-lg btn-primary pix-m-10' href='https:\/\/kudocook.com\/es\/recetas\/?_recipe_category=roasted-es&#038;_compatible_robots=thermomix-es'>Asado<\/a><a class='elementor-button btn-lg btn-primary pix-m-10' href='https:\/\/kudocook.com\/es\/recetas\/?_recipe_category=smoothies-es&#038;_compatible_robots=thermomix-es'>Batidos<\/a><a class='elementor-button btn-lg btn-primary pix-m-10' href='https:\/\/kudocook.com\/es\/recetas\/?_recipe_category=beverages-es&#038;_compatible_robots=thermomix-es'>Bebidas<\/a><a class='elementor-button btn-lg btn-primary pix-m-10' href='https:\/\/kudocook.com\/es\/recetas\/?_recipe_category=snacks-es&#038;_compatible_robots=thermomix-es'>Bocadillos<\/a><a class='elementor-button btn-lg btn-primary pix-m-10' href='https:\/\/kudocook.com\/es\/recetas\/?_recipe_category=bowls-es&#038;_compatible_robots=thermomix-es'>Boles<\/a><a class='elementor-button btn-lg btn-primary pix-m-10' href='https:\/\/kudocook.com\/es\/recetas\/?_recipe_category=fritters-es&#038;_compatible_robots=thermomix-es'>Bu\u00f1uelos<\/a><a class='elementor-button btn-lg btn-primary pix-m-10' href='https:\/\/kudocook.com\/es\/recetas\/?_recipe_category=broths-es&#038;_compatible_robots=thermomix-es'>Caldos<\/a><a class='elementor-button btn-lg btn-primary pix-m-10' href='https:\/\/kudocook.com\/es\/recetas\/?_recipe_category=ceviche-es&#038;_compatible_robots=thermomix-es'>Ceviche<\/a><a class='elementor-button btn-lg btn-primary pix-m-10' href='https:\/\/kudocook.com\/es\/recetas\/?_recipe_category=confiseries-es&#038;_compatible_robots=thermomix-es'>Confiter\u00eda<\/a><a class='elementor-button btn-lg btn-primary pix-m-10' href='https:\/\/kudocook.com\/es\/recetas\/?_recipe_category=curries-es&#038;_compatible_robots=thermomix-es'>Curris<\/a><a class='elementor-button btn-lg btn-primary pix-m-10' href='https:\/\/kudocook.com\/es\/recetas\/?_recipe_category=sauces-es&#038;_compatible_robots=thermomix-es'>Dips &amp; Salsas<\/a><a class='elementor-button btn-lg btn-primary pix-m-10' href='https:\/\/kudocook.com\/es\/recetas\/?_recipe_category=pickles-es&#038;_compatible_robots=thermomix-es'>Encurtidos<\/a><a class='elementor-button btn-lg btn-primary pix-m-10' href='https:\/\/kudocook.com\/es\/recetas\/?_recipe_category=salades-es&#038;_compatible_robots=thermomix-es'>Ensaladas<\/a><a class='elementor-button btn-lg btn-primary pix-m-10' href='https:\/\/kudocook.com\/es\/recetas\/?_recipe_category=wraps-es&#038;_compatible_robots=thermomix-es'>Envolturas<\/a><a class='elementor-button btn-lg btn-primary pix-m-10' href='https:\/\/kudocook.com\/es\/recetas\/?_recipe_category=ragout-es&#038;_compatible_robots=thermomix-es'>Estofado\/Guiso<\/a><a class='elementor-button btn-lg btn-primary pix-m-10' href='https:\/\/kudocook.com\/es\/recetas\/?_recipe_category=fermented-es&#038;_compatible_robots=thermomix-es'>Fermentado<\/a><a class='elementor-button btn-lg btn-primary pix-m-10' href='https:\/\/kudocook.com\/es\/recetas\/?_recipe_category=flans-es&#038;_compatible_robots=thermomix-es'>Flanes &amp; Cremas<\/a><a class='elementor-button btn-lg btn-primary pix-m-10' href='https:\/\/kudocook.com\/es\/recetas\/?_recipe_category=fondues-es&#038;_compatible_robots=thermomix-es'>Fondue<\/a><a class='elementor-button btn-lg btn-primary pix-m-10' href='https:\/\/kudocook.com\/es\/recetas\/?_recipe_category=fried-es&#038;_compatible_robots=thermomix-es'>Frito<\/a><a class='elementor-button btn-lg btn-primary pix-m-10' href='https:\/\/kudocook.com\/es\/recetas\/?_recipe_category=galettes-es&#038;_compatible_robots=thermomix-es'>Galletas<\/a><a class='elementor-button btn-lg btn-primary pix-m-10' href='https:\/\/kudocook.com\/es\/recetas\/?_recipe_category=gratins-es&#038;_compatible_robots=thermomix-es'>Gratin<\/a><a class='elementor-button btn-lg btn-primary pix-m-10' href='https:\/\/kudocook.com\/es\/recetas\/?_recipe_category=stews-es&#038;_compatible_robots=thermomix-es'>Guisos<\/a><a class='elementor-button btn-lg btn-primary pix-m-10' href='https:\/\/kudocook.com\/es\/recetas\/?_recipe_category=burgers-es&#038;_compatible_robots=thermomix-es'>Hamburguesas<\/a><a class='elementor-button btn-lg btn-primary pix-m-10' href='https:\/\/kudocook.com\/es\/recetas\/?_recipe_category=glaces-es&#038;_compatible_robots=thermomix-es'>Helados<\/a><a class='elementor-button btn-lg btn-primary pix-m-10' href='https:\/\/kudocook.com\/es\/recetas\/?_recipe_category=baked-es&#038;_compatible_robots=thermomix-es'>Horneado<\/a><a class='elementor-button btn-lg btn-primary pix-m-10' href='https:\/\/kudocook.com\/es\/recetas\/?_recipe_category=confitures-es&#038;_compatible_robots=thermomix-es'>Marmeladas<\/a><a class='elementor-button btn-lg btn-primary pix-m-10' href='https:\/\/kudocook.com\/es\/recetas\/?_recipe_category=pains-es&#038;_compatible_robots=thermomix-es'>Panes<\/a><a class='elementor-button btn-lg btn-primary pix-m-10' href='https:\/\/kudocook.com\/es\/recetas\/?_recipe_category=pates-es&#038;_compatible_robots=thermomix-es'>Pastas<\/a><a class='elementor-button btn-lg btn-primary pix-m-10' href='https:\/\/kudocook.com\/es\/recetas\/?_recipe_category=viennoiseries-es&#038;_compatible_robots=thermomix-es'>Pasteles<\/a><a class='elementor-button btn-lg btn-primary pix-m-10' href='https:\/\/kudocook.com\/es\/recetas\/?_recipe_category=patisseries-es&#038;_compatible_robots=thermomix-es'>Pasteller\u00eda<\/a><a class='elementor-button btn-lg btn-primary pix-m-10' href='https:\/\/kudocook.com\/es\/recetas\/?_recipe_category=pizzas-es&#038;_compatible_robots=thermomix-es'>Pizzas<\/a><a class='elementor-button btn-lg btn-primary pix-m-10' href='https:\/\/kudocook.com\/es\/recetas\/?_recipe_category=purees-es&#038;_compatible_robots=thermomix-es'>Pur\u00e9s<\/a><a class='elementor-button btn-lg btn-primary pix-m-10' href='https:\/\/kudocook.com\/es\/recetas\/?_recipe_category=quiches-es&#038;_compatible_robots=thermomix-es'>Quiches<\/a><a class='elementor-button btn-lg btn-primary pix-m-10' href='https:\/\/kudocook.com\/es\/recetas\/?_recipe_category=salsas-es&#038;_compatible_robots=thermomix-es'>Salsas<\/a><a class='elementor-button btn-lg btn-primary pix-m-10' href='https:\/\/kudocook.com\/es\/recetas\/?_recipe_category=dips-es&#038;_compatible_robots=thermomix-es'>Salsas<\/a><a class='elementor-button btn-lg btn-primary pix-m-10' href='https:\/\/kudocook.com\/es\/recetas\/?_recipe_category=stir-fried-es&#038;_compatible_robots=thermomix-es'>Salteado<\/a><a class='elementor-button btn-lg btn-primary pix-m-10' href='https:\/\/kudocook.com\/es\/recetas\/?_recipe_category=sandwiches-es&#038;_compatible_robots=thermomix-es'>S\u00e1ndwiches<\/a><a class='elementor-button btn-lg btn-primary pix-m-10' href='https:\/\/kudocook.com\/es\/recetas\/?_recipe_category=sashimi-es&#038;_compatible_robots=thermomix-es'>Sashimi<\/a><a class='elementor-button btn-lg btn-primary pix-m-10' href='https:\/\/kudocook.com\/es\/recetas\/?_recipe_category=soupes-es&#038;_compatible_robots=thermomix-es'>Sopas<\/a><a class='elementor-button btn-lg btn-primary pix-m-10' href='https:\/\/kudocook.com\/es\/recetas\/?_recipe_category=sushi-es&#038;_compatible_robots=thermomix-es'>Sushi<\/a><a class='elementor-button btn-lg btn-primary pix-m-10' href='https:\/\/kudocook.com\/es\/recetas\/?_recipe_category=tacos-es&#038;_compatible_robots=thermomix-es'>Tacos<\/a><a class='elementor-button btn-lg btn-primary pix-m-10' href='https:\/\/kudocook.com\/es\/recetas\/?_recipe_category=tapas-es&#038;_compatible_robots=thermomix-es'>Tapas<\/a><a class='elementor-button btn-lg btn-primary pix-m-10' href='https:\/\/kudocook.com\/es\/recetas\/?_recipe_category=tartes-es&#038;_compatible_robots=thermomix-es'>Tartas<\/a><a class='elementor-button btn-lg btn-primary pix-m-10' href='https:\/\/kudocook.com\/es\/recetas\/?_recipe_category=terrines-es&#038;_compatible_robots=thermomix-es'>Terrinas<\/a><a class='elementor-button btn-lg btn-primary pix-m-10' href='https:\/\/kudocook.com\/es\/recetas\/?_recipe_category=juice-es&#038;_compatible_robots=thermomix-es'>Zumo<\/a><\/div><\/div>\n\t\t\t\t\t\t<\/div>\n\t\t\t\t<\/div>\n\t\t\t\t\t<\/div>\n\t\t\t\t<\/div>\n\t\t<div class=\"elementor-element elementor-element-430d05a e-flex e-con-boxed e-con e-parent\" data-id=\"430d05a\" data-element_type=\"container\" data-e-type=\"container\" data-settings=\"{&quot;pix_scale_in&quot;:&quot;none&quot;}\">\n\t\t\t\t\t<div class=\"e-con-inner\">\n\t\t\t\t<div class=\"elementor-element elementor-element-6152e36 elementor-widget elementor-widget-shortcode\" data-id=\"6152e36\" data-element_type=\"widget\" data-e-type=\"widget\" data-widget_type=\"shortcode.default\">\n\t\t\t\t<div class=\"elementor-widget-container\">\n\t\t\t\t\t\t\t<div class=\"elementor-shortcode\"><div class=\"custom-related-recipes\"><h3>Recetas por descubrir<\/h3><div class=\"recipe-card-container\"><div class=\"recipe-card\"><a href=\"https:\/\/kudocook.com\/es\/recipe\/mojito-bavaro-utilizando-un-thermomix\/\"><img decoding=\"async\" width=\"270\" height=\"180\" src=\"https:\/\/kudocook.com\/wp-content\/uploads\/2025\/02\/67aa0397a7423-300x200.jpg\" class=\"recipe-thumbnail wp-post-image\" alt=\"\" srcset=\"https:\/\/kudocook.com\/wp-content\/uploads\/2025\/02\/67aa0397a7423-300x200.jpg 300w, https:\/\/kudocook.com\/wp-content\/uploads\/2025\/02\/67aa0397a7423-768x512.jpg 768w, https:\/\/kudocook.com\/wp-content\/uploads\/2025\/02\/67aa0397a7423.jpg 900w\" sizes=\"(max-width: 270px) 100vw, 270px\" \/><div class=\"recipe-title\">Mojito B\u00e1varo utilizando un Thermomix<\/div><\/a><\/div><div class=\"recipe-card\"><a href=\"https:\/\/kudocook.com\/es\/recipe\/ganaches-de-tagada-de-coco-y-fresa-para-macarrones-utilizando-un-thermomix\/\"><img decoding=\"async\" width=\"270\" height=\"180\" src=\"https:\/\/kudocook.com\/wp-content\/uploads\/2024\/09\/627ccb0992b21-300x200.jpg\" class=\"recipe-thumbnail wp-post-image\" alt=\"\" srcset=\"https:\/\/kudocook.com\/wp-content\/uploads\/2024\/09\/627ccb0992b21-300x200.jpg 300w, https:\/\/kudocook.com\/wp-content\/uploads\/2024\/09\/627ccb0992b21-768x512.jpg 768w, https:\/\/kudocook.com\/wp-content\/uploads\/2024\/09\/627ccb0992b21-600x400.jpg 600w, https:\/\/kudocook.com\/wp-content\/uploads\/2024\/09\/627ccb0992b21.jpg 900w\" sizes=\"(max-width: 270px) 100vw, 270px\" \/><div class=\"recipe-title\">Ganache de coco y fresa utilizando un Thermomix<\/div><\/a><\/div><div class=\"recipe-card\"><a href=\"https:\/\/kudocook.com\/es\/recipe\/galletas-de-cereza-utilizando-un-thermomix\/\"><img decoding=\"async\" width=\"270\" height=\"180\" src=\"https:\/\/kudocook.com\/wp-content\/uploads\/2024\/09\/64301abc33867-300x200.jpg\" class=\"recipe-thumbnail wp-post-image\" alt=\"\" srcset=\"https:\/\/kudocook.com\/wp-content\/uploads\/2024\/09\/64301abc33867-300x200.jpg 300w, https:\/\/kudocook.com\/wp-content\/uploads\/2024\/09\/64301abc33867-768x512.jpg 768w, https:\/\/kudocook.com\/wp-content\/uploads\/2024\/09\/64301abc33867-600x400.jpg 600w, https:\/\/kudocook.com\/wp-content\/uploads\/2024\/09\/64301abc33867.jpg 900w\" sizes=\"(max-width: 270px) 100vw, 270px\" \/><div class=\"recipe-title\">galletas de cereza utilizando un Thermomix<\/div><\/a><\/div><div class=\"recipe-card\"><a href=\"https:\/\/kudocook.com\/es\/recipe\/brioche-vaporoso-utilizando-un-thermomix\/\"><img loading=\"lazy\" decoding=\"async\" width=\"270\" height=\"180\" src=\"https:\/\/kudocook.com\/wp-content\/uploads\/2024\/09\/62793f8192413-300x200.jpg\" class=\"recipe-thumbnail wp-post-image\" alt=\"\" srcset=\"https:\/\/kudocook.com\/wp-content\/uploads\/2024\/09\/62793f8192413-300x200.jpg 300w, https:\/\/kudocook.com\/wp-content\/uploads\/2024\/09\/62793f8192413-768x512.jpg 768w, https:\/\/kudocook.com\/wp-content\/uploads\/2024\/09\/62793f8192413-600x400.jpg 600w, https:\/\/kudocook.com\/wp-content\/uploads\/2024\/09\/62793f8192413.jpg 900w\" sizes=\"(max-width: 270px) 100vw, 270px\" \/><div class=\"recipe-title\">Brioche Nube Esponjosa utilizando un Thermomix<\/div><\/a><\/div><div class=\"recipe-card\"><a href=\"https:\/\/kudocook.com\/es\/recipe\/albondigas-de-limon-y-ternera-utilizando-un-thermomix\/\"><img loading=\"lazy\" decoding=\"async\" width=\"270\" height=\"180\" src=\"https:\/\/kudocook.com\/wp-content\/uploads\/2024\/09\/628b9421cbb39-300x200.jpg\" class=\"recipe-thumbnail wp-post-image\" alt=\"\" srcset=\"https:\/\/kudocook.com\/wp-content\/uploads\/2024\/09\/628b9421cbb39-300x200.jpg 300w, https:\/\/kudocook.com\/wp-content\/uploads\/2024\/09\/628b9421cbb39-768x512.jpg 768w, https:\/\/kudocook.com\/wp-content\/uploads\/2024\/09\/628b9421cbb39-600x400.jpg 600w, https:\/\/kudocook.com\/wp-content\/uploads\/2024\/09\/628b9421cbb39.jpg 900w\" sizes=\"(max-width: 270px) 100vw, 270px\" \/><div class=\"recipe-title\">Bocados de ternera y puerro con c\u00edtricos utilizando un Thermomix<\/div><\/a><\/div><div class=\"recipe-card\"><a href=\"https:\/\/kudocook.com\/es\/recipe\/salchicha-de-atun-con-salsa-de-alcaparras-utilizando-un-thermomix\/\"><img loading=\"lazy\" decoding=\"async\" width=\"270\" height=\"180\" src=\"https:\/\/kudocook.com\/wp-content\/uploads\/2025\/02\/67ab209268b08-300x200.jpg\" class=\"recipe-thumbnail wp-post-image\" alt=\"\" srcset=\"https:\/\/kudocook.com\/wp-content\/uploads\/2025\/02\/67ab209268b08-300x200.jpg 300w, https:\/\/kudocook.com\/wp-content\/uploads\/2025\/02\/67ab209268b08-768x512.jpg 768w, https:\/\/kudocook.com\/wp-content\/uploads\/2025\/02\/67ab209268b08.jpg 900w\" sizes=\"(max-width: 270px) 100vw, 270px\" \/><div class=\"recipe-title\">Bocaditos de ensalada rusa de at\u00fan utilizando un Thermomix<\/div><\/a><\/div><div class=\"recipe-card\"><a href=\"https:\/\/kudocook.com\/es\/recipe\/clafoutis-de-cereza-utilizando-un-thermomix\/\"><img loading=\"lazy\" decoding=\"async\" width=\"270\" height=\"180\" src=\"https:\/\/kudocook.com\/wp-content\/uploads\/2024\/09\/627d0d12f323e-300x200.jpg\" class=\"recipe-thumbnail wp-post-image\" alt=\"\" srcset=\"https:\/\/kudocook.com\/wp-content\/uploads\/2024\/09\/627d0d12f323e-300x200.jpg 300w, https:\/\/kudocook.com\/wp-content\/uploads\/2024\/09\/627d0d12f323e-768x512.jpg 768w, https:\/\/kudocook.com\/wp-content\/uploads\/2024\/09\/627d0d12f323e-600x400.jpg 600w, https:\/\/kudocook.com\/wp-content\/uploads\/2024\/09\/627d0d12f323e.jpg 900w\" sizes=\"(max-width: 270px) 100vw, 270px\" \/><div class=\"recipe-title\">Clafoutis de cerezas utilizando un Thermomix<\/div><\/a><\/div><div class=\"recipe-card\"><a href=\"https:\/\/kudocook.com\/es\/recipe\/salsa-de-queso-maroilles-utilizando-un-thermomix\/\"><img loading=\"lazy\" decoding=\"async\" width=\"270\" height=\"180\" src=\"https:\/\/kudocook.com\/wp-content\/uploads\/2024\/09\/62b8549e041ab-300x200.jpg\" class=\"recipe-thumbnail wp-post-image\" alt=\"\" srcset=\"https:\/\/kudocook.com\/wp-content\/uploads\/2024\/09\/62b8549e041ab-300x200.jpg 300w, https:\/\/kudocook.com\/wp-content\/uploads\/2024\/09\/62b8549e041ab-768x512.jpg 768w, https:\/\/kudocook.com\/wp-content\/uploads\/2024\/09\/62b8549e041ab-600x400.jpg 600w, https:\/\/kudocook.com\/wp-content\/uploads\/2024\/09\/62b8549e041ab.jpg 900w\" sizes=\"(max-width: 270px) 100vw, 270px\" \/><div class=\"recipe-title\">Delicia de Maroilles utilizando un Thermomix<\/div><\/a><\/div><div class=\"recipe-card\"><a href=\"https:\/\/kudocook.com\/es\/recipe\/hojaldre-de-caracol-utilizando-un-thermomix\/\"><img loading=\"lazy\" decoding=\"async\" width=\"270\" height=\"180\" src=\"https:\/\/kudocook.com\/wp-content\/uploads\/2025\/02\/67a10590ec953-300x200.jpg\" class=\"recipe-thumbnail wp-post-image\" alt=\"\" srcset=\"https:\/\/kudocook.com\/wp-content\/uploads\/2025\/02\/67a10590ec953-300x200.jpg 300w, https:\/\/kudocook.com\/wp-content\/uploads\/2025\/02\/67a10590ec953-768x512.jpg 768w, https:\/\/kudocook.com\/wp-content\/uploads\/2025\/02\/67a10590ec953.jpg 900w\" sizes=\"(max-width: 270px) 100vw, 270px\" \/><div class=\"recipe-title\">Masa de hojaldre en espiral utilizando un Thermomix<\/div><\/a><\/div><\/div><\/div><\/div>\n\t\t\t\t\t\t<\/div>\n\t\t\t\t<\/div>\n\t\t\t\t\t<\/div>\n\t\t\t\t<\/div>\n\t\t\t\t<\/div>\n\t\t","protected":false},"excerpt":{"rendered":"Imag\u00ednate mordiendo un delicado y mantecoso hojaldre en forma de caracol que promete llevarte a un encantador caf\u00e9 franc\u00e9s, incluso si solo est\u00e1s en casa en tu cocina. Esta deliciosa golosina, a menudo llamada 'caracol' en el mundo de la...","protected":false},"author":1,"featured_media":0,"parent":0,"menu_order":0,"comment_status":"closed","ping_status":"closed","template":"","meta":{"_acf_changed":false,"footnotes":""},"class_list":["post-1139796","page","type-page","status-publish","hentry"],"acf":[],"yoast_head":"<!-- This site is optimized with the Yoast SEO plugin v27.4 - https:\/\/yoast.com\/product\/yoast-seo-wordpress\/ -->\n<title>Selecciona recetas por categor\u00eda - KudoCook<\/title>\n<meta name=\"robots\" content=\"index, follow, max-snippet:-1, max-image-preview:large, max-video-preview:-1\" \/>\n<link rel=\"canonical\" href=\"https:\/\/kudocook.com\/es\/selecciona-recetas-por-categoria\/\" \/>\n<meta property=\"og:locale\" content=\"es_ES\" \/>\n<meta property=\"og:type\" content=\"article\" \/>\n<meta property=\"og:title\" content=\"Selecciona recetas por categor\u00eda - KudoCook\" \/>\n<meta property=\"og:url\" content=\"https:\/\/kudocook.com\/es\/selecciona-recetas-por-categoria\/\" \/>\n<meta property=\"og:site_name\" content=\"KudoCook\" \/>\n<meta property=\"article:publisher\" content=\"https:\/\/www.facebook.com\/kudocook\" \/>\n<meta property=\"article:modified_time\" content=\"2025-03-15T12:01:47+00:00\" \/>\n<meta name=\"twitter:card\" content=\"summary_large_image\" \/>\n<meta name=\"twitter:site\" content=\"@kudocook\" \/>\n<meta name=\"twitter:label1\" content=\"Tiempo de lectura\" \/>\n\t<meta name=\"twitter:data1\" content=\"1 minuto\" \/>\n<script type=\"application\/ld+json\" class=\"yoast-schema-graph\">{\"@context\":\"https:\\\/\\\/schema.org\",\"@graph\":[{\"@type\":\"WebPage\",\"@id\":\"https:\\\/\\\/kudocook.com\\\/es\\\/selecciona-recetas-por-categoria\\\/\",\"url\":\"https:\\\/\\\/kudocook.com\\\/es\\\/selecciona-recetas-por-categoria\\\/\",\"name\":\"Selecciona recetas por categor\u00eda - KudoCook\",\"isPartOf\":{\"@id\":\"https:\\\/\\\/kudocook.com\\\/es\\\/#website\"},\"datePublished\":\"2025-03-15T11:29:40+00:00\",\"dateModified\":\"2025-03-15T12:01:47+00:00\",\"breadcrumb\":{\"@id\":\"https:\\\/\\\/kudocook.com\\\/es\\\/selecciona-recetas-por-categoria\\\/#breadcrumb\"},\"inLanguage\":\"es\",\"potentialAction\":[{\"@type\":\"ReadAction\",\"target\":[\"https:\\\/\\\/kudocook.com\\\/es\\\/selecciona-recetas-por-categoria\\\/\"]}]},{\"@type\":\"BreadcrumbList\",\"@id\":\"https:\\\/\\\/kudocook.com\\\/es\\\/selecciona-recetas-por-categoria\\\/#breadcrumb\",\"itemListElement\":[{\"@type\":\"ListItem\",\"position\":1,\"name\":\"Inicio\",\"item\":\"https:\\\/\\\/kudocook.com\\\/es\\\/\"},{\"@type\":\"ListItem\",\"position\":2,\"name\":\"Selecciona recetas por categor\u00eda\"}]},{\"@type\":\"WebSite\",\"@id\":\"https:\\\/\\\/kudocook.com\\\/es\\\/#website\",\"url\":\"https:\\\/\\\/kudocook.com\\\/es\\\/\",\"name\":\"KudoCook\",\"description\":\"Conquer a world of culinary possibilities!\",\"publisher\":{\"@id\":\"https:\\\/\\\/kudocook.com\\\/es\\\/#organization\"},\"potentialAction\":[{\"@type\":\"SearchAction\",\"target\":{\"@type\":\"EntryPoint\",\"urlTemplate\":\"https:\\\/\\\/kudocook.com\\\/es\\\/?s={search_term_string}\"},\"query-input\":{\"@type\":\"PropertyValueSpecification\",\"valueRequired\":true,\"valueName\":\"search_term_string\"}}],\"inLanguage\":\"es\"},{\"@type\":\"Organization\",\"@id\":\"https:\\\/\\\/kudocook.com\\\/es\\\/#organization\",\"name\":\"KudoCook\",\"url\":\"https:\\\/\\\/kudocook.com\\\/es\\\/\",\"logo\":{\"@type\":\"ImageObject\",\"inLanguage\":\"es\",\"@id\":\"https:\\\/\\\/kudocook.com\\\/es\\\/#\\\/schema\\\/logo\\\/image\\\/\",\"url\":\"https:\\\/\\\/kudocook.com\\\/wp-content\\\/uploads\\\/2024\\\/11\\\/playstore.png\",\"contentUrl\":\"https:\\\/\\\/kudocook.com\\\/wp-content\\\/uploads\\\/2024\\\/11\\\/playstore.png\",\"width\":512,\"height\":512,\"caption\":\"KudoCook\"},\"image\":{\"@id\":\"https:\\\/\\\/kudocook.com\\\/es\\\/#\\\/schema\\\/logo\\\/image\\\/\"},\"sameAs\":[\"https:\\\/\\\/www.facebook.com\\\/kudocook\",\"https:\\\/\\\/x.com\\\/kudocook\",\"https:\\\/\\\/www.instagram.com\\\/kudocook\",\"https:\\\/\\\/www.youtube.com\\\/channel\\\/UCIHQma3NSZUyloPZowJSBZQ\",\"https:\\\/\\\/pinterest.com\\\/kudocook\"]}]}<\/script>\n<!-- \/ Yoast SEO plugin. -->","yoast_head_json":{"title":"Selecciona recetas por categor\u00eda - KudoCook","robots":{"index":"index","follow":"follow","max-snippet":"max-snippet:-1","max-image-preview":"max-image-preview:large","max-video-preview":"max-video-preview:-1"},"canonical":"https:\/\/kudocook.com\/es\/selecciona-recetas-por-categoria\/","og_locale":"es_ES","og_type":"article","og_title":"Selecciona recetas por categor\u00eda - KudoCook","og_url":"https:\/\/kudocook.com\/es\/selecciona-recetas-por-categoria\/","og_site_name":"KudoCook","article_publisher":"https:\/\/www.facebook.com\/kudocook","article_modified_time":"2025-03-15T12:01:47+00:00","twitter_card":"summary_large_image","twitter_site":"@kudocook","twitter_misc":{"Tiempo de lectura":"1 minuto"},"schema":{"@context":"https:\/\/schema.org","@graph":[{"@type":"WebPage","@id":"https:\/\/kudocook.com\/es\/selecciona-recetas-por-categoria\/","url":"https:\/\/kudocook.com\/es\/selecciona-recetas-por-categoria\/","name":"Selecciona recetas por categor\u00eda - KudoCook","isPartOf":{"@id":"https:\/\/kudocook.com\/es\/#website"},"datePublished":"2025-03-15T11:29:40+00:00","dateModified":"2025-03-15T12:01:47+00:00","breadcrumb":{"@id":"https:\/\/kudocook.com\/es\/selecciona-recetas-por-categoria\/#breadcrumb"},"inLanguage":"es","potentialAction":[{"@type":"ReadAction","target":["https:\/\/kudocook.com\/es\/selecciona-recetas-por-categoria\/"]}]},{"@type":"BreadcrumbList","@id":"https:\/\/kudocook.com\/es\/selecciona-recetas-por-categoria\/#breadcrumb","itemListElement":[{"@type":"ListItem","position":1,"name":"Inicio","item":"https:\/\/kudocook.com\/es\/"},{"@type":"ListItem","position":2,"name":"Selecciona recetas por categor\u00eda"}]},{"@type":"WebSite","@id":"https:\/\/kudocook.com\/es\/#website","url":"https:\/\/kudocook.com\/es\/","name":"KudoCook","description":"Conquer a world of culinary possibilities!","publisher":{"@id":"https:\/\/kudocook.com\/es\/#organization"},"potentialAction":[{"@type":"SearchAction","target":{"@type":"EntryPoint","urlTemplate":"https:\/\/kudocook.com\/es\/?s={search_term_string}"},"query-input":{"@type":"PropertyValueSpecification","valueRequired":true,"valueName":"search_term_string"}}],"inLanguage":"es"},{"@type":"Organization","@id":"https:\/\/kudocook.com\/es\/#organization","name":"KudoCook","url":"https:\/\/kudocook.com\/es\/","logo":{"@type":"ImageObject","inLanguage":"es","@id":"https:\/\/kudocook.com\/es\/#\/schema\/logo\/image\/","url":"https:\/\/kudocook.com\/wp-content\/uploads\/2024\/11\/playstore.png","contentUrl":"https:\/\/kudocook.com\/wp-content\/uploads\/2024\/11\/playstore.png","width":512,"height":512,"caption":"KudoCook"},"image":{"@id":"https:\/\/kudocook.com\/es\/#\/schema\/logo\/image\/"},"sameAs":["https:\/\/www.facebook.com\/kudocook","https:\/\/x.com\/kudocook","https:\/\/www.instagram.com\/kudocook","https:\/\/www.youtube.com\/channel\/UCIHQma3NSZUyloPZowJSBZQ","https:\/\/pinterest.com\/kudocook"]}]}},"jetpack_sharing_enabled":true,"_links":{"self":[{"href":"https:\/\/kudocook.com\/es\/wp-json\/wp\/v2\/pages\/1139796","targetHints":{"allow":["GET"]}}],"collection":[{"href":"https:\/\/kudocook.com\/es\/wp-json\/wp\/v2\/pages"}],"about":[{"href":"https:\/\/kudocook.com\/es\/wp-json\/wp\/v2\/types\/page"}],"author":[{"embeddable":true,"href":"https:\/\/kudocook.com\/es\/wp-json\/wp\/v2\/users\/1"}],"replies":[{"embeddable":true,"href":"https:\/\/kudocook.com\/es\/wp-json\/wp\/v2\/comments?post=1139796"}],"version-history":[{"count":3,"href":"https:\/\/kudocook.com\/es\/wp-json\/wp\/v2\/pages\/1139796\/revisions"}],"predecessor-version":[{"id":1139799,"href":"https:\/\/kudocook.com\/es\/wp-json\/wp\/v2\/pages\/1139796\/revisions\/1139799"}],"wp:attachment":[{"href":"https:\/\/kudocook.com\/es\/wp-json\/wp\/v2\/media?parent=1139796"}],"curies":[{"name":"wp","href":"https:\/\/api.w.org\/{rel}","templated":true}]}}