{"id":1139885,"date":"2025-03-15T12:29:00","date_gmt":"2025-03-15T12:29:00","guid":{"rendered":"https:\/\/kudocook.com\/seleccione-recetas-por-temporada\/"},"modified":"2025-03-15T12:45:40","modified_gmt":"2025-03-15T12:45:40","slug":"seleccione-recetas-por-temporada","status":"publish","type":"page","link":"https:\/\/kudocook.com\/es\/seleccione-recetas-por-temporada\/","title":{"rendered":"Seleccione recetas por temporada"},"content":{"rendered":"\t\t<div data-elementor-type=\"wp-page\" data-elementor-id=\"1139885\" class=\"elementor elementor-1139885 elementor-1139863\" data-elementor-post-type=\"page\">\n\t\t\t\t<div class=\"elementor-element elementor-element-234957b e-flex e-con-boxed e-con e-parent\" data-id=\"234957b\" data-element_type=\"container\" data-e-type=\"container\" data-settings=\"{&quot;pix_scale_in&quot;:&quot;none&quot;}\">\n\t\t\t\t\t<div class=\"e-con-inner\">\n\t\t\t\t<div class=\"elementor-element elementor-element-81c8e4c elementor-widget elementor-widget-shortcode\" data-id=\"81c8e4c\" data-element_type=\"widget\" data-e-type=\"widget\" data-widget_type=\"shortcode.default\">\n\t\t\t\t<div class=\"elementor-widget-container\">\n\t\t\t\t\t\t\t<div class=\"elementor-shortcode\"><div class=\"taxonomy-buttons\"><a class='elementor-button btn-lg btn-primary pix-m-10' href='https:\/\/kudocook.com\/es\/recetas\/?_recipe_season=thanksgiving-es&#038;_compatible_robots=thermomix-es'>Acci\u00f3n de gracias<\/a><a class='elementor-button btn-lg btn-primary pix-m-10' href='https:\/\/kudocook.com\/es\/recetas\/?_recipe_season=new-year-es&#038;_compatible_robots=thermomix-es'>A\u00f1o nuevo<\/a><a class='elementor-button btn-lg btn-primary pix-m-10' href='https:\/\/kudocook.com\/es\/recetas\/?_recipe_season=summer-bbq-es&#038;_compatible_robots=thermomix-es'>Barbacoa de verano<\/a><a class='elementor-button btn-lg btn-primary pix-m-10' href='https:\/\/kudocook.com\/es\/recetas\/?_recipe_season=winter-comfort-es&#038;_compatible_robots=thermomix-es'>Confort de invierno<\/a><a class='elementor-button btn-lg btn-primary pix-m-10' href='https:\/\/kudocook.com\/es\/recetas\/?_recipe_season=autumn-harvest-es&#038;_compatible_robots=thermomix-es'>Cosecha de oto\u00f1o<\/a><a class='elementor-button btn-lg btn-primary pix-m-10' href='https:\/\/kudocook.com\/es\/recetas\/?_recipe_season=fete-des-meres-es&#038;_compatible_robots=thermomix-es'>D\u00eda de la Madre<\/a><a class='elementor-button btn-lg btn-primary pix-m-10' href='https:\/\/kudocook.com\/es\/recetas\/?_recipe_season=valentine-s-day-es&#038;_compatible_robots=thermomix-es'>D\u00eda de San Valent\u00edn<\/a><a class='elementor-button btn-lg btn-primary pix-m-10' href='https:\/\/kudocook.com\/es\/recetas\/?_recipe_season=aid-es&#038;_compatible_robots=thermomix-es'>Eid<\/a><a class='elementor-button btn-lg btn-primary pix-m-10' href='https:\/\/kudocook.com\/es\/recetas\/?_recipe_season=epiphany-es&#038;_compatible_robots=thermomix-es'>Epifan\u00eda<\/a><a class='elementor-button btn-lg btn-primary pix-m-10' href='https:\/\/kudocook.com\/es\/recetas\/?_recipe_season=autumn-equinox-es&#038;_compatible_robots=thermomix-es'>Equinoccio de oto\u00f1o<\/a><a class='elementor-button btn-lg btn-primary pix-m-10' href='https:\/\/kudocook.com\/es\/recetas\/?_recipe_season=spring-equinox-es&#038;_compatible_robots=thermomix-es'>Equinoccio de primavera<\/a><a class='elementor-button btn-lg btn-primary pix-m-10' href='https:\/\/kudocook.com\/es\/recetas\/?_recipe_season=halloween-es&#038;_compatible_robots=thermomix-es'>Halloween<\/a><a class='elementor-button btn-lg btn-primary pix-m-10' href='https:\/\/kudocook.com\/es\/recetas\/?_recipe_season=hiver-es&#038;_compatible_robots=thermomix-es'>Invierno<\/a><a class='elementor-button btn-lg btn-primary pix-m-10' href='https:\/\/kudocook.com\/es\/recetas\/?_recipe_season=noel-es&#038;_compatible_robots=thermomix-es'>Navidad<\/a><a class='elementor-button btn-lg btn-primary pix-m-10' href='https:\/\/kudocook.com\/es\/recetas\/?_recipe_season=automne-es&#038;_compatible_robots=thermomix-es'>Oto\u00f1o<\/a><a class='elementor-button btn-lg btn-primary pix-m-10' href='https:\/\/kudocook.com\/es\/recetas\/?_recipe_season=paques-es&#038;_compatible_robots=thermomix-es'>Pascua<\/a><a class='elementor-button btn-lg btn-primary pix-m-10' href='https:\/\/kudocook.com\/es\/recetas\/?_recipe_season=easter-es&#038;_compatible_robots=thermomix-es'>Pascua<\/a><a class='elementor-button btn-lg btn-primary pix-m-10' href='https:\/\/kudocook.com\/es\/recetas\/?_recipe_season=spring-picnic-es&#038;_compatible_robots=thermomix-es'>Picnic de primavera<\/a><a class='elementor-button btn-lg btn-primary pix-m-10' href='https:\/\/kudocook.com\/es\/recetas\/?_recipe_season=printemps-es&#038;_compatible_robots=thermomix-es'>Primavera<\/a><a class='elementor-button btn-lg btn-primary pix-m-10' href='https:\/\/kudocook.com\/es\/recetas\/?_recipe_season=ramadan-es&#038;_compatible_robots=thermomix-es'>Ramad\u00e1n<\/a><a class='elementor-button btn-lg btn-primary pix-m-10' href='https:\/\/kudocook.com\/es\/recetas\/?_recipe_season=winter-solstice-es&#038;_compatible_robots=thermomix-es'>Solsticio de invierno<\/a><a class='elementor-button btn-lg btn-primary pix-m-10' href='https:\/\/kudocook.com\/es\/recetas\/?_recipe_season=summer-solstice-es&#038;_compatible_robots=thermomix-es'>Solsticio de verano<\/a><a class='elementor-button btn-lg btn-primary pix-m-10' href='https:\/\/kudocook.com\/es\/recetas\/?_recipe_season=ete-es&#038;_compatible_robots=thermomix-es'>Verano<\/a><\/div><\/div>\n\t\t\t\t\t\t<\/div>\n\t\t\t\t<\/div>\n\t\t\t\t\t<\/div>\n\t\t\t\t<\/div>\n\t\t<div class=\"elementor-element elementor-element-430d05a e-flex e-con-boxed e-con e-parent\" data-id=\"430d05a\" data-element_type=\"container\" data-e-type=\"container\" data-settings=\"{&quot;pix_scale_in&quot;:&quot;none&quot;}\">\n\t\t\t\t\t<div class=\"e-con-inner\">\n\t\t\t\t<div class=\"elementor-element elementor-element-6152e36 elementor-widget elementor-widget-shortcode\" data-id=\"6152e36\" data-element_type=\"widget\" data-e-type=\"widget\" data-widget_type=\"shortcode.default\">\n\t\t\t\t<div class=\"elementor-widget-container\">\n\t\t\t\t\t\t\t<div class=\"elementor-shortcode\"><div class=\"custom-related-recipes\"><h3>Recetas por descubrir<\/h3><div class=\"recipe-card-container\"><div class=\"recipe-card\"><a href=\"https:\/\/kudocook.com\/es\/recipe\/tarta-de-manzana-y-datiles-utilizando-un-thermomix\/\"><img decoding=\"async\" width=\"270\" height=\"180\" src=\"https:\/\/kudocook.com\/wp-content\/uploads\/2024\/09\/63e65bfc6f73a-300x200.jpg\" class=\"recipe-thumbnail wp-post-image\" alt=\"\" srcset=\"https:\/\/kudocook.com\/wp-content\/uploads\/2024\/09\/63e65bfc6f73a-300x200.jpg 300w, https:\/\/kudocook.com\/wp-content\/uploads\/2024\/09\/63e65bfc6f73a-768x512.jpg 768w, https:\/\/kudocook.com\/wp-content\/uploads\/2024\/09\/63e65bfc6f73a-600x400.jpg 600w, https:\/\/kudocook.com\/wp-content\/uploads\/2024\/09\/63e65bfc6f73a.jpg 900w\" sizes=\"(max-width: 270px) 100vw, 270px\" \/><div class=\"recipe-title\">Tarta de manzana y d\u00e1tiles utilizando un Thermomix<\/div><\/a><\/div><div class=\"recipe-card\"><a href=\"https:\/\/kudocook.com\/es\/recipe\/tagine-de-cordero-oriental-utilizando-un-thermomix\/\"><img decoding=\"async\" width=\"270\" height=\"180\" src=\"https:\/\/kudocook.com\/wp-content\/uploads\/2024\/09\/63527e9f3aa77-300x200.jpg\" class=\"recipe-thumbnail wp-post-image\" alt=\"\" srcset=\"https:\/\/kudocook.com\/wp-content\/uploads\/2024\/09\/63527e9f3aa77-300x200.jpg 300w, https:\/\/kudocook.com\/wp-content\/uploads\/2024\/09\/63527e9f3aa77-768x512.jpg 768w, https:\/\/kudocook.com\/wp-content\/uploads\/2024\/09\/63527e9f3aa77-600x400.jpg 600w, https:\/\/kudocook.com\/wp-content\/uploads\/2024\/09\/63527e9f3aa77.jpg 900w\" sizes=\"(max-width: 270px) 100vw, 270px\" \/><div class=\"recipe-title\">Tagine de cordero oriental utilizando un Thermomix<\/div><\/a><\/div><div class=\"recipe-card\"><a href=\"https:\/\/kudocook.com\/es\/recipe\/pasta-flora-utilizando-un-thermomix\/\"><img decoding=\"async\" width=\"270\" height=\"180\" src=\"https:\/\/kudocook.com\/wp-content\/uploads\/2024\/09\/6281532bec5fd-300x200.jpg\" class=\"recipe-thumbnail wp-post-image\" alt=\"\" srcset=\"https:\/\/kudocook.com\/wp-content\/uploads\/2024\/09\/6281532bec5fd-300x200.jpg 300w, https:\/\/kudocook.com\/wp-content\/uploads\/2024\/09\/6281532bec5fd-768x513.jpg 768w, https:\/\/kudocook.com\/wp-content\/uploads\/2024\/09\/6281532bec5fd-600x400.jpg 600w, https:\/\/kudocook.com\/wp-content\/uploads\/2024\/09\/6281532bec5fd.jpg 899w\" sizes=\"(max-width: 270px) 100vw, 270px\" \/><div class=\"recipe-title\">Pasta flora utilizando un Thermomix<\/div><\/a><\/div><div class=\"recipe-card\"><a href=\"https:\/\/kudocook.com\/es\/recipe\/pure-de-zanahoria-y-camote-utilizando-un-thermomix\/\"><img loading=\"lazy\" decoding=\"async\" width=\"270\" height=\"180\" src=\"https:\/\/kudocook.com\/wp-content\/uploads\/2024\/09\/62793ed5b327f-300x200.jpg\" class=\"recipe-thumbnail wp-post-image\" alt=\"\" srcset=\"https:\/\/kudocook.com\/wp-content\/uploads\/2024\/09\/62793ed5b327f-300x200.jpg 300w, https:\/\/kudocook.com\/wp-content\/uploads\/2024\/09\/62793ed5b327f-768x512.jpg 768w, https:\/\/kudocook.com\/wp-content\/uploads\/2024\/09\/62793ed5b327f-600x400.jpg 600w, https:\/\/kudocook.com\/wp-content\/uploads\/2024\/09\/62793ed5b327f.jpg 900w\" sizes=\"(max-width: 270px) 100vw, 270px\" \/><div class=\"recipe-title\">Pur\u00e9 Vibrante de Zanahorias y Batatas utilizando un Thermomix<\/div><\/a><\/div><div class=\"recipe-card\"><a href=\"https:\/\/kudocook.com\/es\/recipe\/tarta-de-fresa-utilizando-un-thermomix\/\"><img loading=\"lazy\" decoding=\"async\" width=\"270\" height=\"180\" src=\"https:\/\/kudocook.com\/wp-content\/uploads\/2024\/09\/627927b6bedb6-300x200.jpg\" class=\"recipe-thumbnail wp-post-image\" alt=\"\" srcset=\"https:\/\/kudocook.com\/wp-content\/uploads\/2024\/09\/627927b6bedb6-300x200.jpg 300w, https:\/\/kudocook.com\/wp-content\/uploads\/2024\/09\/627927b6bedb6-768x512.jpg 768w, https:\/\/kudocook.com\/wp-content\/uploads\/2024\/09\/627927b6bedb6-600x400.jpg 600w, https:\/\/kudocook.com\/wp-content\/uploads\/2024\/09\/627927b6bedb6.jpg 900w\" sizes=\"(max-width: 270px) 100vw, 270px\" \/><div class=\"recipe-title\">Pastel de Fresa utilizando un Thermomix<\/div><\/a><\/div><div class=\"recipe-card\"><a href=\"https:\/\/kudocook.com\/es\/recipe\/schwowebredele-utilizando-un-thermomix\/\"><img loading=\"lazy\" decoding=\"async\" width=\"270\" height=\"180\" src=\"https:\/\/kudocook.com\/wp-content\/uploads\/2024\/09\/62838f52a1e58-300x200.jpg\" class=\"recipe-thumbnail wp-post-image\" alt=\"\" srcset=\"https:\/\/kudocook.com\/wp-content\/uploads\/2024\/09\/62838f52a1e58-300x200.jpg 300w, https:\/\/kudocook.com\/wp-content\/uploads\/2024\/09\/62838f52a1e58-768x513.jpg 768w, https:\/\/kudocook.com\/wp-content\/uploads\/2024\/09\/62838f52a1e58-600x400.jpg 600w, https:\/\/kudocook.com\/wp-content\/uploads\/2024\/09\/62838f52a1e58.jpg 899w\" sizes=\"(max-width: 270px) 100vw, 270px\" \/><div class=\"recipe-title\">Schwowebredele Estrellados utilizando un Thermomix<\/div><\/a><\/div><div class=\"recipe-card\"><a href=\"https:\/\/kudocook.com\/es\/recipe\/aloo-gobi-utilizando-un-thermomix\/\"><img loading=\"lazy\" decoding=\"async\" width=\"270\" height=\"180\" src=\"https:\/\/kudocook.com\/wp-content\/uploads\/2025\/03\/67d9a037ae929-300x200.jpg\" class=\"recipe-thumbnail wp-post-image\" alt=\"\" srcset=\"https:\/\/kudocook.com\/wp-content\/uploads\/2025\/03\/67d9a037ae929-300x200.jpg 300w, https:\/\/kudocook.com\/wp-content\/uploads\/2025\/03\/67d9a037ae929-768x512.jpg 768w, https:\/\/kudocook.com\/wp-content\/uploads\/2025\/03\/67d9a037ae929.jpg 900w\" sizes=\"(max-width: 270px) 100vw, 270px\" \/><div class=\"recipe-title\">Aloo Gobi utilizando un Thermomix<\/div><\/a><\/div><div class=\"recipe-card\"><a href=\"https:\/\/kudocook.com\/es\/recipe\/sopa-de-pescado-utilizando-un-thermomix\/\"><img loading=\"lazy\" decoding=\"async\" width=\"270\" height=\"180\" src=\"https:\/\/kudocook.com\/wp-content\/uploads\/2024\/09\/628b88ade42a8-300x200.jpg\" class=\"recipe-thumbnail wp-post-image\" alt=\"\" srcset=\"https:\/\/kudocook.com\/wp-content\/uploads\/2024\/09\/628b88ade42a8-300x200.jpg 300w, https:\/\/kudocook.com\/wp-content\/uploads\/2024\/09\/628b88ade42a8-768x512.jpg 768w, https:\/\/kudocook.com\/wp-content\/uploads\/2024\/09\/628b88ade42a8-600x400.jpg 600w, https:\/\/kudocook.com\/wp-content\/uploads\/2024\/09\/628b88ade42a8.jpg 900w\" sizes=\"(max-width: 270px) 100vw, 270px\" \/><div class=\"recipe-title\">Sopa Sinfon\u00eda de Mariscos utilizando un Thermomix<\/div><\/a><\/div><div class=\"recipe-card\"><a href=\"https:\/\/kudocook.com\/es\/recipe\/compota-de-ciruela-mirabelle-utilizando-un-thermomix\/\"><img loading=\"lazy\" decoding=\"async\" width=\"270\" height=\"180\" src=\"https:\/\/kudocook.com\/wp-content\/uploads\/2024\/09\/62836755cdc4a-300x200.jpg\" class=\"recipe-thumbnail wp-post-image\" alt=\"\" srcset=\"https:\/\/kudocook.com\/wp-content\/uploads\/2024\/09\/62836755cdc4a-300x200.jpg 300w, https:\/\/kudocook.com\/wp-content\/uploads\/2024\/09\/62836755cdc4a-768x513.jpg 768w, https:\/\/kudocook.com\/wp-content\/uploads\/2024\/09\/62836755cdc4a-600x400.jpg 600w, https:\/\/kudocook.com\/wp-content\/uploads\/2024\/09\/62836755cdc4a.jpg 899w\" sizes=\"(max-width: 270px) 100vw, 270px\" \/><div class=\"recipe-title\">Compota de ciruelas mirabel con canela utilizando un Thermomix<\/div><\/a><\/div><\/div><\/div><\/div>\n\t\t\t\t\t\t<\/div>\n\t\t\t\t<\/div>\n\t\t\t\t\t<\/div>\n\t\t\t\t<\/div>\n\t\t\t\t<\/div>\n\t\t","protected":false},"excerpt":{"rendered":"Sum\u00e9rgete en el dulce y \u00e1cido mundo de la compota de ciruelas mirabelle, una deliciosa creaci\u00f3n que proviene de los soleados huertos de Lorena, Francia. Estas peque\u00f1as ciruelas doradas, que parecen caramelos de la naturaleza, no solo son un fest\u00edn...","protected":false},"author":1,"featured_media":0,"parent":0,"menu_order":0,"comment_status":"closed","ping_status":"closed","template":"","meta":{"_acf_changed":false,"footnotes":""},"class_list":["post-1139885","page","type-page","status-publish","hentry"],"acf":[],"yoast_head":"<!-- This site is optimized with the Yoast SEO plugin v27.4 - https:\/\/yoast.com\/product\/yoast-seo-wordpress\/ -->\n<title>Seleccione recetas por temporada - KudoCook<\/title>\n<meta name=\"robots\" content=\"index, follow, max-snippet:-1, max-image-preview:large, max-video-preview:-1\" \/>\n<link rel=\"canonical\" href=\"https:\/\/kudocook.com\/es\/seleccione-recetas-por-temporada\/\" \/>\n<meta property=\"og:locale\" content=\"es_ES\" \/>\n<meta property=\"og:type\" content=\"article\" \/>\n<meta property=\"og:title\" content=\"Seleccione recetas por temporada - KudoCook\" \/>\n<meta property=\"og:url\" content=\"https:\/\/kudocook.com\/es\/seleccione-recetas-por-temporada\/\" \/>\n<meta property=\"og:site_name\" content=\"KudoCook\" \/>\n<meta property=\"article:publisher\" content=\"https:\/\/www.facebook.com\/kudocook\" \/>\n<meta property=\"article:modified_time\" content=\"2025-03-15T12:45:40+00:00\" \/>\n<meta name=\"twitter:card\" content=\"summary_large_image\" \/>\n<meta name=\"twitter:site\" content=\"@kudocook\" \/>\n<meta name=\"twitter:label1\" content=\"Tiempo de lectura\" \/>\n\t<meta name=\"twitter:data1\" content=\"1 minuto\" \/>\n<script type=\"application\/ld+json\" class=\"yoast-schema-graph\">{\"@context\":\"https:\\\/\\\/schema.org\",\"@graph\":[{\"@type\":\"WebPage\",\"@id\":\"https:\\\/\\\/kudocook.com\\\/es\\\/seleccione-recetas-por-temporada\\\/\",\"url\":\"https:\\\/\\\/kudocook.com\\\/es\\\/seleccione-recetas-por-temporada\\\/\",\"name\":\"Seleccione recetas por temporada - KudoCook\",\"isPartOf\":{\"@id\":\"https:\\\/\\\/kudocook.com\\\/es\\\/#website\"},\"datePublished\":\"2025-03-15T12:29:00+00:00\",\"dateModified\":\"2025-03-15T12:45:40+00:00\",\"breadcrumb\":{\"@id\":\"https:\\\/\\\/kudocook.com\\\/es\\\/seleccione-recetas-por-temporada\\\/#breadcrumb\"},\"inLanguage\":\"es\",\"potentialAction\":[{\"@type\":\"ReadAction\",\"target\":[\"https:\\\/\\\/kudocook.com\\\/es\\\/seleccione-recetas-por-temporada\\\/\"]}]},{\"@type\":\"BreadcrumbList\",\"@id\":\"https:\\\/\\\/kudocook.com\\\/es\\\/seleccione-recetas-por-temporada\\\/#breadcrumb\",\"itemListElement\":[{\"@type\":\"ListItem\",\"position\":1,\"name\":\"Inicio\",\"item\":\"https:\\\/\\\/kudocook.com\\\/es\\\/\"},{\"@type\":\"ListItem\",\"position\":2,\"name\":\"Seleccione recetas por temporada\"}]},{\"@type\":\"WebSite\",\"@id\":\"https:\\\/\\\/kudocook.com\\\/es\\\/#website\",\"url\":\"https:\\\/\\\/kudocook.com\\\/es\\\/\",\"name\":\"KudoCook\",\"description\":\"Conquer a world of culinary possibilities!\",\"publisher\":{\"@id\":\"https:\\\/\\\/kudocook.com\\\/es\\\/#organization\"},\"potentialAction\":[{\"@type\":\"SearchAction\",\"target\":{\"@type\":\"EntryPoint\",\"urlTemplate\":\"https:\\\/\\\/kudocook.com\\\/es\\\/?s={search_term_string}\"},\"query-input\":{\"@type\":\"PropertyValueSpecification\",\"valueRequired\":true,\"valueName\":\"search_term_string\"}}],\"inLanguage\":\"es\"},{\"@type\":\"Organization\",\"@id\":\"https:\\\/\\\/kudocook.com\\\/es\\\/#organization\",\"name\":\"KudoCook\",\"url\":\"https:\\\/\\\/kudocook.com\\\/es\\\/\",\"logo\":{\"@type\":\"ImageObject\",\"inLanguage\":\"es\",\"@id\":\"https:\\\/\\\/kudocook.com\\\/es\\\/#\\\/schema\\\/logo\\\/image\\\/\",\"url\":\"https:\\\/\\\/kudocook.com\\\/wp-content\\\/uploads\\\/2024\\\/11\\\/playstore.png\",\"contentUrl\":\"https:\\\/\\\/kudocook.com\\\/wp-content\\\/uploads\\\/2024\\\/11\\\/playstore.png\",\"width\":512,\"height\":512,\"caption\":\"KudoCook\"},\"image\":{\"@id\":\"https:\\\/\\\/kudocook.com\\\/es\\\/#\\\/schema\\\/logo\\\/image\\\/\"},\"sameAs\":[\"https:\\\/\\\/www.facebook.com\\\/kudocook\",\"https:\\\/\\\/x.com\\\/kudocook\",\"https:\\\/\\\/www.instagram.com\\\/kudocook\",\"https:\\\/\\\/www.youtube.com\\\/channel\\\/UCIHQma3NSZUyloPZowJSBZQ\",\"https:\\\/\\\/pinterest.com\\\/kudocook\"]}]}<\/script>\n<!-- \/ Yoast SEO plugin. -->","yoast_head_json":{"title":"Seleccione recetas por temporada - KudoCook","robots":{"index":"index","follow":"follow","max-snippet":"max-snippet:-1","max-image-preview":"max-image-preview:large","max-video-preview":"max-video-preview:-1"},"canonical":"https:\/\/kudocook.com\/es\/seleccione-recetas-por-temporada\/","og_locale":"es_ES","og_type":"article","og_title":"Seleccione recetas por temporada - KudoCook","og_url":"https:\/\/kudocook.com\/es\/seleccione-recetas-por-temporada\/","og_site_name":"KudoCook","article_publisher":"https:\/\/www.facebook.com\/kudocook","article_modified_time":"2025-03-15T12:45:40+00:00","twitter_card":"summary_large_image","twitter_site":"@kudocook","twitter_misc":{"Tiempo de lectura":"1 minuto"},"schema":{"@context":"https:\/\/schema.org","@graph":[{"@type":"WebPage","@id":"https:\/\/kudocook.com\/es\/seleccione-recetas-por-temporada\/","url":"https:\/\/kudocook.com\/es\/seleccione-recetas-por-temporada\/","name":"Seleccione recetas por temporada - KudoCook","isPartOf":{"@id":"https:\/\/kudocook.com\/es\/#website"},"datePublished":"2025-03-15T12:29:00+00:00","dateModified":"2025-03-15T12:45:40+00:00","breadcrumb":{"@id":"https:\/\/kudocook.com\/es\/seleccione-recetas-por-temporada\/#breadcrumb"},"inLanguage":"es","potentialAction":[{"@type":"ReadAction","target":["https:\/\/kudocook.com\/es\/seleccione-recetas-por-temporada\/"]}]},{"@type":"BreadcrumbList","@id":"https:\/\/kudocook.com\/es\/seleccione-recetas-por-temporada\/#breadcrumb","itemListElement":[{"@type":"ListItem","position":1,"name":"Inicio","item":"https:\/\/kudocook.com\/es\/"},{"@type":"ListItem","position":2,"name":"Seleccione recetas por temporada"}]},{"@type":"WebSite","@id":"https:\/\/kudocook.com\/es\/#website","url":"https:\/\/kudocook.com\/es\/","name":"KudoCook","description":"Conquer a world of culinary possibilities!","publisher":{"@id":"https:\/\/kudocook.com\/es\/#organization"},"potentialAction":[{"@type":"SearchAction","target":{"@type":"EntryPoint","urlTemplate":"https:\/\/kudocook.com\/es\/?s={search_term_string}"},"query-input":{"@type":"PropertyValueSpecification","valueRequired":true,"valueName":"search_term_string"}}],"inLanguage":"es"},{"@type":"Organization","@id":"https:\/\/kudocook.com\/es\/#organization","name":"KudoCook","url":"https:\/\/kudocook.com\/es\/","logo":{"@type":"ImageObject","inLanguage":"es","@id":"https:\/\/kudocook.com\/es\/#\/schema\/logo\/image\/","url":"https:\/\/kudocook.com\/wp-content\/uploads\/2024\/11\/playstore.png","contentUrl":"https:\/\/kudocook.com\/wp-content\/uploads\/2024\/11\/playstore.png","width":512,"height":512,"caption":"KudoCook"},"image":{"@id":"https:\/\/kudocook.com\/es\/#\/schema\/logo\/image\/"},"sameAs":["https:\/\/www.facebook.com\/kudocook","https:\/\/x.com\/kudocook","https:\/\/www.instagram.com\/kudocook","https:\/\/www.youtube.com\/channel\/UCIHQma3NSZUyloPZowJSBZQ","https:\/\/pinterest.com\/kudocook"]}]}},"jetpack_sharing_enabled":true,"_links":{"self":[{"href":"https:\/\/kudocook.com\/es\/wp-json\/wp\/v2\/pages\/1139885","targetHints":{"allow":["GET"]}}],"collection":[{"href":"https:\/\/kudocook.com\/es\/wp-json\/wp\/v2\/pages"}],"about":[{"href":"https:\/\/kudocook.com\/es\/wp-json\/wp\/v2\/types\/page"}],"author":[{"embeddable":true,"href":"https:\/\/kudocook.com\/es\/wp-json\/wp\/v2\/users\/1"}],"replies":[{"embeddable":true,"href":"https:\/\/kudocook.com\/es\/wp-json\/wp\/v2\/comments?post=1139885"}],"version-history":[{"count":2,"href":"https:\/\/kudocook.com\/es\/wp-json\/wp\/v2\/pages\/1139885\/revisions"}],"predecessor-version":[{"id":1139887,"href":"https:\/\/kudocook.com\/es\/wp-json\/wp\/v2\/pages\/1139885\/revisions\/1139887"}],"wp:attachment":[{"href":"https:\/\/kudocook.com\/es\/wp-json\/wp\/v2\/media?parent=1139885"}],"curies":[{"name":"wp","href":"https:\/\/api.w.org\/{rel}","templated":true}]}}