{"id":13911,"date":"2022-04-26T13:28:32","date_gmt":"2022-04-26T13:28:32","guid":{"rendered":"https:\/\/kudocook.com\/acerca-de-kudocook\/"},"modified":"2024-03-12T10:05:54","modified_gmt":"2024-03-12T10:05:54","slug":"acerca-de-kudocook","status":"publish","type":"page","link":"https:\/\/kudocook.com\/es\/acerca-de-kudocook\/","title":{"rendered":"Acerca de KudoCook"},"content":{"rendered":"\n<p class=\"has-medium-font-size\"><strong>\u00a1Bienvenido a KudoCook !<\/strong><\/p>\n\n<p class=\"has-medium-font-size\">Nuestro negocio empez\u00f3 cuando busc\u00e1bamos una manera f\u00e1cil de preparar comidas caseras lo m\u00e1s a menudo posible. Quer\u00edamos cocinar con un robot de cocina, pero utilizarlo nos intimidaba y necesit\u00e1bamos consejo y ayuda.<\/p>\n\n<p class=\"has-medium-font-size\">Desde entonces, nos hemos dedicado a ayudar a los expertos en tecnolog\u00eda a sacar el m\u00e1ximo partido de su robot de cocina. Queremos que sea m\u00e1s eficiente y pueda explorar nuevas opciones culinarias. Sabemos que el proceso entre la decisi\u00f3n de cocinar y poner el plato en el plato puede ser largo y estar plagado de obst\u00e1culos, y a veces eso significa decidir no cocinar nada en absoluto.<\/p>\n\n<p class=\"has-medium-font-size\">Por eso KudoCook est\u00e1 aqu\u00ed: para ayudarte a pasar por el proceso, disfrutarlo y ser feliz con tu elecci\u00f3n.<\/p>\n\n<p class=\"has-medium-font-size\">Una vez que hayas usado KudoCook, \u00a1nunca volver\u00e1s atr\u00e1s!<\/p>\n\n<p><\/p>\n\n<p><\/p>\n\n<p><\/p>\n","protected":false},"excerpt":{"rendered":"\u00a1Bienvenido a KudoCook ! Nuestro negocio empez\u00f3 cuando busc\u00e1bamos una manera f\u00e1cil de preparar comidas caseras lo m\u00e1s a menudo posible. Quer\u00edamos cocinar con un robot de cocina, pero utilizarlo nos intimidaba y necesit\u00e1bamos consejo y ayuda. Desde entonces, nos&#8230;","protected":false},"author":1,"featured_media":0,"parent":0,"menu_order":0,"comment_status":"closed","ping_status":"closed","template":"","meta":{"_acf_changed":false,"footnotes":""},"class_list":["post-13911","page","type-page","status-publish","hentry"],"acf":[],"yoast_head":"<!-- This site is optimized with the Yoast SEO plugin v27.4 - https:\/\/yoast.com\/product\/yoast-seo-wordpress\/ -->\n<title>Acerca de KudoCook - KudoCook<\/title>\n<meta name=\"description\" content=\"Nuestro negocio comenz\u00f3 cuando busc\u00e1bamos una manera f\u00e1cil de preparar comidas caseras con la mayor frecuencia posible utilizando una cocina\" \/>\n<meta name=\"robots\" content=\"index, follow, max-snippet:-1, max-image-preview:large, max-video-preview:-1\" \/>\n<link rel=\"canonical\" href=\"https:\/\/kudocook.com\/es\/acerca-de-kudocook\/\" \/>\n<meta property=\"og:locale\" content=\"es_ES\" \/>\n<meta property=\"og:type\" content=\"article\" \/>\n<meta property=\"og:title\" content=\"Acerca de KudoCook - KudoCook\" \/>\n<meta property=\"og:description\" content=\"Nuestro negocio comenz\u00f3 cuando busc\u00e1bamos una manera f\u00e1cil de preparar comidas caseras con la mayor frecuencia posible utilizando una cocina\" \/>\n<meta property=\"og:url\" content=\"https:\/\/kudocook.com\/es\/acerca-de-kudocook\/\" \/>\n<meta property=\"og:site_name\" content=\"KudoCook\" \/>\n<meta property=\"article:publisher\" content=\"https:\/\/www.facebook.com\/kudocook\" \/>\n<meta property=\"article:modified_time\" content=\"2024-03-12T10:05:54+00:00\" \/>\n<meta name=\"twitter:card\" content=\"summary_large_image\" \/>\n<meta name=\"twitter:site\" content=\"@kudocook\" \/>\n<meta name=\"twitter:label1\" content=\"Tiempo de lectura\" \/>\n\t<meta name=\"twitter:data1\" content=\"1 minuto\" \/>\n<script type=\"application\/ld+json\" class=\"yoast-schema-graph\">{\"@context\":\"https:\\\/\\\/schema.org\",\"@graph\":[{\"@type\":\"WebPage\",\"@id\":\"https:\\\/\\\/kudocook.com\\\/es\\\/acerca-de-kudocook\\\/\",\"url\":\"https:\\\/\\\/kudocook.com\\\/es\\\/acerca-de-kudocook\\\/\",\"name\":\"Acerca de KudoCook - KudoCook\",\"isPartOf\":{\"@id\":\"https:\\\/\\\/kudocook.com\\\/es\\\/#website\"},\"datePublished\":\"2022-04-26T13:28:32+00:00\",\"dateModified\":\"2024-03-12T10:05:54+00:00\",\"description\":\"Nuestro negocio comenz\u00f3 cuando busc\u00e1bamos una manera f\u00e1cil de preparar comidas caseras con la mayor frecuencia posible utilizando una cocina\",\"breadcrumb\":{\"@id\":\"https:\\\/\\\/kudocook.com\\\/es\\\/acerca-de-kudocook\\\/#breadcrumb\"},\"inLanguage\":\"es\",\"potentialAction\":[{\"@type\":\"ReadAction\",\"target\":[\"https:\\\/\\\/kudocook.com\\\/es\\\/acerca-de-kudocook\\\/\"]}]},{\"@type\":\"BreadcrumbList\",\"@id\":\"https:\\\/\\\/kudocook.com\\\/es\\\/acerca-de-kudocook\\\/#breadcrumb\",\"itemListElement\":[{\"@type\":\"ListItem\",\"position\":1,\"name\":\"Inicio\",\"item\":\"https:\\\/\\\/kudocook.com\\\/es\\\/\"},{\"@type\":\"ListItem\",\"position\":2,\"name\":\"Acerca de KudoCook\"}]},{\"@type\":\"WebSite\",\"@id\":\"https:\\\/\\\/kudocook.com\\\/es\\\/#website\",\"url\":\"https:\\\/\\\/kudocook.com\\\/es\\\/\",\"name\":\"KudoCook\",\"description\":\"Conquer a world of culinary possibilities!\",\"publisher\":{\"@id\":\"https:\\\/\\\/kudocook.com\\\/es\\\/#organization\"},\"potentialAction\":[{\"@type\":\"SearchAction\",\"target\":{\"@type\":\"EntryPoint\",\"urlTemplate\":\"https:\\\/\\\/kudocook.com\\\/es\\\/?s={search_term_string}\"},\"query-input\":{\"@type\":\"PropertyValueSpecification\",\"valueRequired\":true,\"valueName\":\"search_term_string\"}}],\"inLanguage\":\"es\"},{\"@type\":\"Organization\",\"@id\":\"https:\\\/\\\/kudocook.com\\\/es\\\/#organization\",\"name\":\"KudoCook\",\"url\":\"https:\\\/\\\/kudocook.com\\\/es\\\/\",\"logo\":{\"@type\":\"ImageObject\",\"inLanguage\":\"es\",\"@id\":\"https:\\\/\\\/kudocook.com\\\/es\\\/#\\\/schema\\\/logo\\\/image\\\/\",\"url\":\"https:\\\/\\\/kudocook.com\\\/wp-content\\\/uploads\\\/2024\\\/11\\\/playstore.png\",\"contentUrl\":\"https:\\\/\\\/kudocook.com\\\/wp-content\\\/uploads\\\/2024\\\/11\\\/playstore.png\",\"width\":512,\"height\":512,\"caption\":\"KudoCook\"},\"image\":{\"@id\":\"https:\\\/\\\/kudocook.com\\\/es\\\/#\\\/schema\\\/logo\\\/image\\\/\"},\"sameAs\":[\"https:\\\/\\\/www.facebook.com\\\/kudocook\",\"https:\\\/\\\/x.com\\\/kudocook\",\"https:\\\/\\\/www.instagram.com\\\/kudocook\",\"https:\\\/\\\/www.youtube.com\\\/channel\\\/UCIHQma3NSZUyloPZowJSBZQ\",\"https:\\\/\\\/pinterest.com\\\/kudocook\"]}]}<\/script>\n<!-- \/ Yoast SEO plugin. -->","yoast_head_json":{"title":"Acerca de KudoCook - KudoCook","description":"Nuestro negocio comenz\u00f3 cuando busc\u00e1bamos una manera f\u00e1cil de preparar comidas caseras con la mayor frecuencia posible utilizando una cocina","robots":{"index":"index","follow":"follow","max-snippet":"max-snippet:-1","max-image-preview":"max-image-preview:large","max-video-preview":"max-video-preview:-1"},"canonical":"https:\/\/kudocook.com\/es\/acerca-de-kudocook\/","og_locale":"es_ES","og_type":"article","og_title":"Acerca de KudoCook - KudoCook","og_description":"Nuestro negocio comenz\u00f3 cuando busc\u00e1bamos una manera f\u00e1cil de preparar comidas caseras con la mayor frecuencia posible utilizando una cocina","og_url":"https:\/\/kudocook.com\/es\/acerca-de-kudocook\/","og_site_name":"KudoCook","article_publisher":"https:\/\/www.facebook.com\/kudocook","article_modified_time":"2024-03-12T10:05:54+00:00","twitter_card":"summary_large_image","twitter_site":"@kudocook","twitter_misc":{"Tiempo de lectura":"1 minuto"},"schema":{"@context":"https:\/\/schema.org","@graph":[{"@type":"WebPage","@id":"https:\/\/kudocook.com\/es\/acerca-de-kudocook\/","url":"https:\/\/kudocook.com\/es\/acerca-de-kudocook\/","name":"Acerca de KudoCook - KudoCook","isPartOf":{"@id":"https:\/\/kudocook.com\/es\/#website"},"datePublished":"2022-04-26T13:28:32+00:00","dateModified":"2024-03-12T10:05:54+00:00","description":"Nuestro negocio comenz\u00f3 cuando busc\u00e1bamos una manera f\u00e1cil de preparar comidas caseras con la mayor frecuencia posible utilizando una cocina","breadcrumb":{"@id":"https:\/\/kudocook.com\/es\/acerca-de-kudocook\/#breadcrumb"},"inLanguage":"es","potentialAction":[{"@type":"ReadAction","target":["https:\/\/kudocook.com\/es\/acerca-de-kudocook\/"]}]},{"@type":"BreadcrumbList","@id":"https:\/\/kudocook.com\/es\/acerca-de-kudocook\/#breadcrumb","itemListElement":[{"@type":"ListItem","position":1,"name":"Inicio","item":"https:\/\/kudocook.com\/es\/"},{"@type":"ListItem","position":2,"name":"Acerca de KudoCook"}]},{"@type":"WebSite","@id":"https:\/\/kudocook.com\/es\/#website","url":"https:\/\/kudocook.com\/es\/","name":"KudoCook","description":"Conquer a world of culinary possibilities!","publisher":{"@id":"https:\/\/kudocook.com\/es\/#organization"},"potentialAction":[{"@type":"SearchAction","target":{"@type":"EntryPoint","urlTemplate":"https:\/\/kudocook.com\/es\/?s={search_term_string}"},"query-input":{"@type":"PropertyValueSpecification","valueRequired":true,"valueName":"search_term_string"}}],"inLanguage":"es"},{"@type":"Organization","@id":"https:\/\/kudocook.com\/es\/#organization","name":"KudoCook","url":"https:\/\/kudocook.com\/es\/","logo":{"@type":"ImageObject","inLanguage":"es","@id":"https:\/\/kudocook.com\/es\/#\/schema\/logo\/image\/","url":"https:\/\/kudocook.com\/wp-content\/uploads\/2024\/11\/playstore.png","contentUrl":"https:\/\/kudocook.com\/wp-content\/uploads\/2024\/11\/playstore.png","width":512,"height":512,"caption":"KudoCook"},"image":{"@id":"https:\/\/kudocook.com\/es\/#\/schema\/logo\/image\/"},"sameAs":["https:\/\/www.facebook.com\/kudocook","https:\/\/x.com\/kudocook","https:\/\/www.instagram.com\/kudocook","https:\/\/www.youtube.com\/channel\/UCIHQma3NSZUyloPZowJSBZQ","https:\/\/pinterest.com\/kudocook"]}]}},"jetpack_sharing_enabled":true,"_links":{"self":[{"href":"https:\/\/kudocook.com\/es\/wp-json\/wp\/v2\/pages\/13911","targetHints":{"allow":["GET"]}}],"collection":[{"href":"https:\/\/kudocook.com\/es\/wp-json\/wp\/v2\/pages"}],"about":[{"href":"https:\/\/kudocook.com\/es\/wp-json\/wp\/v2\/types\/page"}],"author":[{"embeddable":true,"href":"https:\/\/kudocook.com\/es\/wp-json\/wp\/v2\/users\/1"}],"replies":[{"embeddable":true,"href":"https:\/\/kudocook.com\/es\/wp-json\/wp\/v2\/comments?post=13911"}],"version-history":[{"count":1,"href":"https:\/\/kudocook.com\/es\/wp-json\/wp\/v2\/pages\/13911\/revisions"}],"predecessor-version":[{"id":13912,"href":"https:\/\/kudocook.com\/es\/wp-json\/wp\/v2\/pages\/13911\/revisions\/13912"}],"wp:attachment":[{"href":"https:\/\/kudocook.com\/es\/wp-json\/wp\/v2\/media?parent=13911"}],"curies":[{"name":"wp","href":"https:\/\/api.w.org\/{rel}","templated":true}]}}