{"id":13947,"date":"2021-08-23T18:27:27","date_gmt":"2021-08-23T18:27:27","guid":{"rendered":"https:\/\/kudocook.com\/politica-de-privacidad\/"},"modified":"2024-03-12T10:33:14","modified_gmt":"2024-03-12T10:33:14","slug":"politica-de-privacidad","status":"publish","type":"page","link":"https:\/\/kudocook.com\/es\/politica-de-privacidad\/","title":{"rendered":"Pol\u00edtica de privacidad"},"content":{"rendered":"\n<p>KudoCook Sarl ha dise\u00f1ado la aplicaci\u00f3n KudoCook como una aplicaci\u00f3n Freemium. Este SERVICIO es proporcionado por KudoCook Sarl de forma gratuita y est\u00e1 destinado a ser utilizado tal cual.Esta p\u00e1gina se utiliza para informar a los visitantes de nuestras pol\u00edticas con respecto a la recopilaci\u00f3n, uso y divulgaci\u00f3n de informaci\u00f3n personal en caso de que alguien decida utilizar nuestro Servicio.Si decide utilizar nuestro servicio, usted acepta la recopilaci\u00f3n y uso de informaci\u00f3n en relaci\u00f3n con esta pol\u00edtica. La informaci\u00f3n personal que recopilamos se utiliza para proporcionar y mejorar el Servicio. No vamos a utilizar o compartir su informaci\u00f3n con nadie, excepto como se describe en esta Pol\u00edtica de Privacidad.T\u00e9rminos utilizados en esta Pol\u00edtica de Privacidad tienen el mismo significado que en nuestros T\u00e9rminos y Condiciones, que son accesibles en KudoCook, a menos que se defina lo contrario en esta Pol\u00edtica de Privacidad.<\/p>\n\n<p><\/p>\n\n<p><strong>Recopilaci\u00f3n y uso de la informaci\u00f3n<\/strong><\/p>\n\n<p>Para una mejor experiencia, al utilizar nuestro Servicio, podemos pedirle que nos proporcione cierta informaci\u00f3n de identificaci\u00f3n personal, incluyendo, pero no limitado a, nombre, direcci\u00f3n de correo electr\u00f3nico. Conservaremos la informaci\u00f3n que le solicitemos y la utilizaremos como se describe en esta pol\u00edtica de privacidad. La aplicaci\u00f3n utiliza servicios de terceros que pueden recopilar informaci\u00f3n personal identificable. Enlace a la pol\u00edtica de privacidad de los proveedores de servicios de terceros utilizados por la aplicaci\u00f3n Servicios de Google Play, Google Analytics para Firebase Crashlytics y Sentry.<\/p>\n\n<p><\/p>\n\n<p><strong>Registro de datos<\/strong><\/p>\n\n<p>Nos gustar\u00eda informarle de que cada vez que utiliza nuestro Servicio, en caso de error en la aplicaci\u00f3n, recopilamos datos e informaci\u00f3n (a trav\u00e9s de productos de terceros) en su tel\u00e9fono denominados Datos de registro. Estos datos pueden incluir informaci\u00f3n como la direcci\u00f3n IP de su dispositivo, el nombre del dispositivo, la versi\u00f3n del sistema operativo, la configuraci\u00f3n de la aplicaci\u00f3n al utilizar nuestro servicio, la hora y la fecha de su uso del servicio y otras estad\u00edsticas.<\/p>\n\n<p><\/p>\n\n<p><strong>Cookies<\/strong><\/p>\n\n<p><\/p>\n\n<p>Las cookies son archivos que contienen una peque\u00f1a cantidad de datos que se utilizan generalmente como identificadores \u00fanicos an\u00f3nimos. Se env\u00edan a su navegador desde los sitios web que visita y se almacenan en la memoria interna de su dispositivo. Este servicio no utiliza cookies expl\u00edcitamente. Sin embargo, la aplicaci\u00f3n puede utilizar c\u00f3digo y bibliotecas de terceros que utilizan cookies para recopilar informaci\u00f3n y mejorar sus servicios. Usted tiene la opci\u00f3n de aceptar o rechazar estas cookies, y de saber cu\u00e1ndo se env\u00eda una cookie a su dispositivo. Si decide rechazar nuestras cookies, es posible que no pueda utilizar determinadas partes de este servicio.<\/p>\n\n<p><\/p>\n\n<p><strong>Proveedor de servicios<\/strong><\/p>\n\n<p>Podemos contratar a terceras empresas e individuos por las siguientes razones:Para facilitar nuestro Servicio;Para prestar el Servicio en nuestro nombre;Para realizar servicios relacionados con el Servicio; oPara ayudarnos a analizar c\u00f3mo se utiliza nuestro Servicio.Deseamos informar a los usuarios de este servicio de que estos terceros tienen acceso a su informaci\u00f3n personal. El motivo es llevar a cabo las tareas que se les encomiendan en nuestro nombre. Sin embargo, est\u00e1n obligados a no divulgar ni utilizar esta informaci\u00f3n para ning\u00fan otro fin.<\/p>\n\n<p><\/p>\n\n<p><strong>Seguridad<\/strong><\/p>\n\n<p>Agradecemos la confianza que deposita en nosotros al facilitarnos sus datos personales y, por ello, nos esforzamos por utilizar medios comercialmente aceptables para protegerlos. Recuerde, no obstante, que ning\u00fan m\u00e9todo de transmisi\u00f3n por Internet o m\u00e9todo de almacenamiento electr\u00f3nico es 100% seguro o fiable, por lo que no podemos garantizar una seguridad absoluta.<\/p>\n\n<p><\/p>\n\n<p><strong>Enlaces a otros sitios<\/strong><\/p>\n\n<p>Este servicio puede contener enlaces a otros sitios. Si hace clic en un enlace de terceros, ser\u00e1 dirigido a ese sitio. Tenga en cuenta que estos sitios externos no est\u00e1n gestionados por nosotros. Por lo tanto, le recomendamos encarecidamente que consulte las pol\u00edticas de privacidad de estos sitios. No tenemos ning\u00fan control ni asumimos ninguna responsabilidad por el contenido, las pol\u00edticas de privacidad o las pr\u00e1cticas de ning\u00fan sitio o servicio de terceros.<\/p>\n\n<p><\/p>\n\n<p><strong>Privacidad infantil<\/strong><\/p>\n\n<p>Estos servicios no est\u00e1n destinados a menores de 13 a\u00f1os. No recopilamos conscientemente informaci\u00f3n personal identificable de ni\u00f1os menores de 13 a\u00f1os. En caso de que descubramos que un ni\u00f1o menor de 13 a\u00f1os nos ha proporcionado informaci\u00f3n personal, eliminaremos inmediatamente dicha informaci\u00f3n de nuestros servidores. Si usted es padre o tutor y tiene conocimiento de que su hijo nos ha proporcionado informaci\u00f3n personal, p\u00f3ngase en contacto con nosotros para que podamos tomar las medidas oportunas.<\/p>\n\n<p><\/p>\n\n<p><strong>Cambios en esta pol\u00edtica de privacidad<\/strong><\/p>\n\n<p>Es posible que actualicemos nuestra pol\u00edtica de privacidad de vez en cuando. Por lo tanto, le aconsejamos que consulte peri\u00f3dicamente esta p\u00e1gina para comprobar si se han producido cambios. Le notificaremos cualquier cambio publicando la nueva pol\u00edtica de privacidad en esta p\u00e1gina. Esta pol\u00edtica es efectiva a partir del 2024-03-12.<\/p>\n\n<p><\/p>\n\n<p><strong>P\u00f3ngase en contacto con nosotros<\/strong><\/p>\n\n<p>Si tiene alguna pregunta o sugerencia sobre nuestra pol\u00edtica de privacidad, no dude en ponerse en contacto con nosotros en <a href=\"mailto:privacy@kudocook.com\" target=\"_blank\" rel=\"noreferrer noopener\">privacy@kudocook.com.<\/a><\/p>\n","protected":false},"excerpt":{"rendered":"KudoCook Sarl ha dise\u00f1ado la aplicaci\u00f3n KudoCook como una aplicaci\u00f3n Freemium. Este SERVICIO es proporcionado por KudoCook Sarl de forma gratuita y est\u00e1 destinado a ser utilizado tal cual.Esta p\u00e1gina se utiliza para informar a los visitantes de nuestras pol\u00edticas&#8230;","protected":false},"author":1,"featured_media":0,"parent":0,"menu_order":0,"comment_status":"closed","ping_status":"closed","template":"","meta":{"_acf_changed":false,"footnotes":""},"class_list":["post-13947","page","type-page","status-publish","hentry"],"acf":[],"yoast_head":"<!-- This site is optimized with the Yoast SEO plugin v27.4 - https:\/\/yoast.com\/product\/yoast-seo-wordpress\/ -->\n<title>Pol\u00edtica de privacidad - KudoCook<\/title>\n<meta name=\"description\" content=\"Esta p\u00e1gina se utiliza para informar a los visitantes de nuestras pol\u00edticas relativas a la recogida, uso y divulgaci\u00f3n de informaci\u00f3n personal.\" \/>\n<meta name=\"robots\" content=\"index, follow, max-snippet:-1, max-image-preview:large, max-video-preview:-1\" \/>\n<link rel=\"canonical\" href=\"https:\/\/kudocook.com\/es\/politica-de-privacidad\/\" \/>\n<meta property=\"og:locale\" content=\"es_ES\" \/>\n<meta property=\"og:type\" content=\"article\" \/>\n<meta property=\"og:title\" content=\"Pol\u00edtica de privacidad - KudoCook\" \/>\n<meta property=\"og:description\" content=\"Esta p\u00e1gina se utiliza para informar a los visitantes de nuestras pol\u00edticas relativas a la recogida, uso y divulgaci\u00f3n de informaci\u00f3n personal.\" \/>\n<meta property=\"og:url\" content=\"https:\/\/kudocook.com\/es\/politica-de-privacidad\/\" \/>\n<meta property=\"og:site_name\" content=\"KudoCook\" \/>\n<meta property=\"article:publisher\" content=\"https:\/\/www.facebook.com\/kudocook\" \/>\n<meta property=\"article:modified_time\" content=\"2024-03-12T10:33:14+00:00\" \/>\n<meta name=\"twitter:card\" content=\"summary_large_image\" \/>\n<meta name=\"twitter:site\" content=\"@kudocook\" \/>\n<meta name=\"twitter:label1\" content=\"Tiempo de lectura\" \/>\n\t<meta name=\"twitter:data1\" content=\"4 minutos\" \/>\n<script type=\"application\/ld+json\" class=\"yoast-schema-graph\">{\"@context\":\"https:\\\/\\\/schema.org\",\"@graph\":[{\"@type\":\"WebPage\",\"@id\":\"https:\\\/\\\/kudocook.com\\\/es\\\/politica-de-privacidad\\\/\",\"url\":\"https:\\\/\\\/kudocook.com\\\/es\\\/politica-de-privacidad\\\/\",\"name\":\"Pol\u00edtica de privacidad - KudoCook\",\"isPartOf\":{\"@id\":\"https:\\\/\\\/kudocook.com\\\/es\\\/#website\"},\"datePublished\":\"2021-08-23T18:27:27+00:00\",\"dateModified\":\"2024-03-12T10:33:14+00:00\",\"description\":\"Esta p\u00e1gina se utiliza para informar a los visitantes de nuestras pol\u00edticas relativas a la recogida, uso y divulgaci\u00f3n de informaci\u00f3n personal.\",\"breadcrumb\":{\"@id\":\"https:\\\/\\\/kudocook.com\\\/es\\\/politica-de-privacidad\\\/#breadcrumb\"},\"inLanguage\":\"es\",\"potentialAction\":[{\"@type\":\"ReadAction\",\"target\":[\"https:\\\/\\\/kudocook.com\\\/es\\\/politica-de-privacidad\\\/\"]}]},{\"@type\":\"BreadcrumbList\",\"@id\":\"https:\\\/\\\/kudocook.com\\\/es\\\/politica-de-privacidad\\\/#breadcrumb\",\"itemListElement\":[{\"@type\":\"ListItem\",\"position\":1,\"name\":\"Inicio\",\"item\":\"https:\\\/\\\/kudocook.com\\\/es\\\/\"},{\"@type\":\"ListItem\",\"position\":2,\"name\":\"Pol\u00edtica de privacidad\"}]},{\"@type\":\"WebSite\",\"@id\":\"https:\\\/\\\/kudocook.com\\\/es\\\/#website\",\"url\":\"https:\\\/\\\/kudocook.com\\\/es\\\/\",\"name\":\"KudoCook\",\"description\":\"Conquer a world of culinary possibilities!\",\"publisher\":{\"@id\":\"https:\\\/\\\/kudocook.com\\\/es\\\/#organization\"},\"potentialAction\":[{\"@type\":\"SearchAction\",\"target\":{\"@type\":\"EntryPoint\",\"urlTemplate\":\"https:\\\/\\\/kudocook.com\\\/es\\\/?s={search_term_string}\"},\"query-input\":{\"@type\":\"PropertyValueSpecification\",\"valueRequired\":true,\"valueName\":\"search_term_string\"}}],\"inLanguage\":\"es\"},{\"@type\":\"Organization\",\"@id\":\"https:\\\/\\\/kudocook.com\\\/es\\\/#organization\",\"name\":\"KudoCook\",\"url\":\"https:\\\/\\\/kudocook.com\\\/es\\\/\",\"logo\":{\"@type\":\"ImageObject\",\"inLanguage\":\"es\",\"@id\":\"https:\\\/\\\/kudocook.com\\\/es\\\/#\\\/schema\\\/logo\\\/image\\\/\",\"url\":\"https:\\\/\\\/kudocook.com\\\/wp-content\\\/uploads\\\/2024\\\/11\\\/playstore.png\",\"contentUrl\":\"https:\\\/\\\/kudocook.com\\\/wp-content\\\/uploads\\\/2024\\\/11\\\/playstore.png\",\"width\":512,\"height\":512,\"caption\":\"KudoCook\"},\"image\":{\"@id\":\"https:\\\/\\\/kudocook.com\\\/es\\\/#\\\/schema\\\/logo\\\/image\\\/\"},\"sameAs\":[\"https:\\\/\\\/www.facebook.com\\\/kudocook\",\"https:\\\/\\\/x.com\\\/kudocook\",\"https:\\\/\\\/www.instagram.com\\\/kudocook\",\"https:\\\/\\\/www.youtube.com\\\/channel\\\/UCIHQma3NSZUyloPZowJSBZQ\",\"https:\\\/\\\/pinterest.com\\\/kudocook\"]}]}<\/script>\n<!-- \/ Yoast SEO plugin. -->","yoast_head_json":{"title":"Pol\u00edtica de privacidad - KudoCook","description":"Esta p\u00e1gina se utiliza para informar a los visitantes de nuestras pol\u00edticas relativas a la recogida, uso y divulgaci\u00f3n de informaci\u00f3n personal.","robots":{"index":"index","follow":"follow","max-snippet":"max-snippet:-1","max-image-preview":"max-image-preview:large","max-video-preview":"max-video-preview:-1"},"canonical":"https:\/\/kudocook.com\/es\/politica-de-privacidad\/","og_locale":"es_ES","og_type":"article","og_title":"Pol\u00edtica de privacidad - KudoCook","og_description":"Esta p\u00e1gina se utiliza para informar a los visitantes de nuestras pol\u00edticas relativas a la recogida, uso y divulgaci\u00f3n de informaci\u00f3n personal.","og_url":"https:\/\/kudocook.com\/es\/politica-de-privacidad\/","og_site_name":"KudoCook","article_publisher":"https:\/\/www.facebook.com\/kudocook","article_modified_time":"2024-03-12T10:33:14+00:00","twitter_card":"summary_large_image","twitter_site":"@kudocook","twitter_misc":{"Tiempo de lectura":"4 minutos"},"schema":{"@context":"https:\/\/schema.org","@graph":[{"@type":"WebPage","@id":"https:\/\/kudocook.com\/es\/politica-de-privacidad\/","url":"https:\/\/kudocook.com\/es\/politica-de-privacidad\/","name":"Pol\u00edtica de privacidad - KudoCook","isPartOf":{"@id":"https:\/\/kudocook.com\/es\/#website"},"datePublished":"2021-08-23T18:27:27+00:00","dateModified":"2024-03-12T10:33:14+00:00","description":"Esta p\u00e1gina se utiliza para informar a los visitantes de nuestras pol\u00edticas relativas a la recogida, uso y divulgaci\u00f3n de informaci\u00f3n personal.","breadcrumb":{"@id":"https:\/\/kudocook.com\/es\/politica-de-privacidad\/#breadcrumb"},"inLanguage":"es","potentialAction":[{"@type":"ReadAction","target":["https:\/\/kudocook.com\/es\/politica-de-privacidad\/"]}]},{"@type":"BreadcrumbList","@id":"https:\/\/kudocook.com\/es\/politica-de-privacidad\/#breadcrumb","itemListElement":[{"@type":"ListItem","position":1,"name":"Inicio","item":"https:\/\/kudocook.com\/es\/"},{"@type":"ListItem","position":2,"name":"Pol\u00edtica de privacidad"}]},{"@type":"WebSite","@id":"https:\/\/kudocook.com\/es\/#website","url":"https:\/\/kudocook.com\/es\/","name":"KudoCook","description":"Conquer a world of culinary possibilities!","publisher":{"@id":"https:\/\/kudocook.com\/es\/#organization"},"potentialAction":[{"@type":"SearchAction","target":{"@type":"EntryPoint","urlTemplate":"https:\/\/kudocook.com\/es\/?s={search_term_string}"},"query-input":{"@type":"PropertyValueSpecification","valueRequired":true,"valueName":"search_term_string"}}],"inLanguage":"es"},{"@type":"Organization","@id":"https:\/\/kudocook.com\/es\/#organization","name":"KudoCook","url":"https:\/\/kudocook.com\/es\/","logo":{"@type":"ImageObject","inLanguage":"es","@id":"https:\/\/kudocook.com\/es\/#\/schema\/logo\/image\/","url":"https:\/\/kudocook.com\/wp-content\/uploads\/2024\/11\/playstore.png","contentUrl":"https:\/\/kudocook.com\/wp-content\/uploads\/2024\/11\/playstore.png","width":512,"height":512,"caption":"KudoCook"},"image":{"@id":"https:\/\/kudocook.com\/es\/#\/schema\/logo\/image\/"},"sameAs":["https:\/\/www.facebook.com\/kudocook","https:\/\/x.com\/kudocook","https:\/\/www.instagram.com\/kudocook","https:\/\/www.youtube.com\/channel\/UCIHQma3NSZUyloPZowJSBZQ","https:\/\/pinterest.com\/kudocook"]}]}},"jetpack_sharing_enabled":true,"_links":{"self":[{"href":"https:\/\/kudocook.com\/es\/wp-json\/wp\/v2\/pages\/13947","targetHints":{"allow":["GET"]}}],"collection":[{"href":"https:\/\/kudocook.com\/es\/wp-json\/wp\/v2\/pages"}],"about":[{"href":"https:\/\/kudocook.com\/es\/wp-json\/wp\/v2\/types\/page"}],"author":[{"embeddable":true,"href":"https:\/\/kudocook.com\/es\/wp-json\/wp\/v2\/users\/1"}],"replies":[{"embeddable":true,"href":"https:\/\/kudocook.com\/es\/wp-json\/wp\/v2\/comments?post=13947"}],"version-history":[{"count":1,"href":"https:\/\/kudocook.com\/es\/wp-json\/wp\/v2\/pages\/13947\/revisions"}],"predecessor-version":[{"id":13948,"href":"https:\/\/kudocook.com\/es\/wp-json\/wp\/v2\/pages\/13947\/revisions\/13948"}],"wp:attachment":[{"href":"https:\/\/kudocook.com\/es\/wp-json\/wp\/v2\/media?parent=13947"}],"curies":[{"name":"wp","href":"https:\/\/api.w.org\/{rel}","templated":true}]}}