{"id":1139740,"date":"2025-03-15T11:29:40","date_gmt":"2025-03-15T11:29:40","guid":{"rendered":"https:\/\/kudocook.com\/?page_id=1139740"},"modified":"2025-03-15T11:40:55","modified_gmt":"2025-03-15T11:40:55","slug":"selectionnez-les-recettes-par-categorie","status":"publish","type":"page","link":"https:\/\/kudocook.com\/fr\/selectionnez-les-recettes-par-categorie\/","title":{"rendered":"S\u00e9lectionnez les recettes par cat\u00e9gorie"},"content":{"rendered":"\t\t<div data-elementor-type=\"wp-page\" data-elementor-id=\"1139740\" class=\"elementor elementor-1139740\" data-elementor-post-type=\"page\">\n\t\t\t\t<div class=\"elementor-element elementor-element-234957b e-flex e-con-boxed e-con e-parent\" data-id=\"234957b\" data-element_type=\"container\" data-e-type=\"container\" data-settings=\"{&quot;pix_scale_in&quot;:&quot;none&quot;}\">\n\t\t\t\t\t<div class=\"e-con-inner\">\n\t\t\t\t<div class=\"elementor-element elementor-element-81c8e4c elementor-widget elementor-widget-shortcode\" data-id=\"81c8e4c\" data-element_type=\"widget\" data-e-type=\"widget\" data-widget_type=\"shortcode.default\">\n\t\t\t\t<div class=\"elementor-widget-container\">\n\t\t\t\t\t\t\t<div class=\"elementor-shortcode\"><div class=\"taxonomy-buttons\"><a class='elementor-button btn-lg btn-primary pix-m-10' href='https:\/\/kudocook.com\/fr\/recettes\/?_recipe_category=fritters-fr&#038;_compatible_robots=thermomix-fr'>Beignets<\/a><a class='elementor-button btn-lg btn-primary pix-m-10' href='https:\/\/kudocook.com\/fr\/recettes\/?_recipe_category=beverages-fr&#038;_compatible_robots=thermomix-fr'>Boissons<\/a><a class='elementor-button btn-lg btn-primary pix-m-10' href='https:\/\/kudocook.com\/fr\/recettes\/?_recipe_category=bowls-fr&#038;_compatible_robots=thermomix-fr'>Bols<\/a><a class='elementor-button btn-lg btn-primary pix-m-10' href='https:\/\/kudocook.com\/fr\/recettes\/?_recipe_category=broths-fr&#038;_compatible_robots=thermomix-fr'>Bouillons<\/a><a class='elementor-button btn-lg btn-primary pix-m-10' href='https:\/\/kudocook.com\/fr\/recettes\/?_recipe_category=burgers-fr&#038;_compatible_robots=thermomix-fr'>Burgers<\/a><a class='elementor-button btn-lg btn-primary pix-m-10' href='https:\/\/kudocook.com\/fr\/recettes\/?_recipe_category=ceviche-fr&#038;_compatible_robots=thermomix-fr'>Ceviche<\/a><a class='elementor-button btn-lg btn-primary pix-m-10' href='https:\/\/kudocook.com\/fr\/recettes\/?_recipe_category=snacks-fr&#038;_compatible_robots=thermomix-fr'>Collations<\/a><a class='elementor-button btn-lg btn-primary pix-m-10' href='https:\/\/kudocook.com\/fr\/recettes\/?_recipe_category=confiseries-fr&#038;_compatible_robots=thermomix-fr'>Confiseries<\/a><a class='elementor-button btn-lg btn-primary pix-m-10' href='https:\/\/kudocook.com\/fr\/recettes\/?_recipe_category=confitures-fr&#038;_compatible_robots=thermomix-fr'>Confitures<\/a><a class='elementor-button btn-lg btn-primary pix-m-10' href='https:\/\/kudocook.com\/fr\/recettes\/?_recipe_category=pickles-fr&#038;_compatible_robots=thermomix-fr'>Cornichons<\/a><a class='elementor-button btn-lg btn-primary pix-m-10' href='https:\/\/kudocook.com\/fr\/recettes\/?_recipe_category=steamed-fr&#038;_compatible_robots=thermomix-fr'>Cuit \u00e0 la vapeur<\/a><a class='elementor-button btn-lg btn-primary pix-m-10' href='https:\/\/kudocook.com\/fr\/recettes\/?_recipe_category=baked-fr&#038;_compatible_robots=thermomix-fr'>Cuit au four<\/a><a class='elementor-button btn-lg btn-primary pix-m-10' href='https:\/\/kudocook.com\/fr\/recettes\/?_recipe_category=curries-fr&#038;_compatible_robots=thermomix-fr'>Currys<\/a><a class='elementor-button btn-lg btn-primary pix-m-10' href='https:\/\/kudocook.com\/fr\/recettes\/?_recipe_category=sauces-fr&#038;_compatible_robots=thermomix-fr'>Dips &amp; Sauces<\/a><a class='elementor-button btn-lg btn-primary pix-m-10' href='https:\/\/kudocook.com\/fr\/recettes\/?_recipe_category=wraps-fr&#038;_compatible_robots=thermomix-fr'>Enveloppements<\/a><a class='elementor-button btn-lg btn-primary pix-m-10' href='https:\/\/kudocook.com\/fr\/recettes\/?_recipe_category=fermented-fr&#038;_compatible_robots=thermomix-fr'>Ferment\u00e9<\/a><a class='elementor-button btn-lg btn-primary pix-m-10' href='https:\/\/kudocook.com\/fr\/recettes\/?_recipe_category=flans-fr&#038;_compatible_robots=thermomix-fr'>Flans &amp; Cr\u00e8mes<\/a><a class='elementor-button btn-lg btn-primary pix-m-10' href='https:\/\/kudocook.com\/fr\/recettes\/?_recipe_category=fondues-fr&#038;_compatible_robots=thermomix-fr'>Fondues<\/a><a class='elementor-button btn-lg btn-primary pix-m-10' href='https:\/\/kudocook.com\/fr\/recettes\/?_recipe_category=fried-fr&#038;_compatible_robots=thermomix-fr'>Frit<\/a><a class='elementor-button btn-lg btn-primary pix-m-10' href='https:\/\/kudocook.com\/fr\/recettes\/?_recipe_category=galettes-fr&#038;_compatible_robots=thermomix-fr'>Galettes<\/a><a class='elementor-button btn-lg btn-primary pix-m-10' href='https:\/\/kudocook.com\/fr\/recettes\/?_recipe_category=glaces-fr&#038;_compatible_robots=thermomix-fr'>Glaces<\/a><a class='elementor-button btn-lg btn-primary pix-m-10' href='https:\/\/kudocook.com\/fr\/recettes\/?_recipe_category=gratins-fr&#038;_compatible_robots=thermomix-fr'>Gratins<\/a><a class='elementor-button btn-lg btn-primary pix-m-10' href='https:\/\/kudocook.com\/fr\/recettes\/?_recipe_category=grilled-fr&#038;_compatible_robots=thermomix-fr'>Grill\u00e9<\/a><a class='elementor-button btn-lg btn-primary pix-m-10' href='https:\/\/kudocook.com\/fr\/recettes\/?_recipe_category=juice-fr&#038;_compatible_robots=thermomix-fr'>Jus<\/a><a class='elementor-button btn-lg btn-primary pix-m-10' href='https:\/\/kudocook.com\/fr\/recettes\/?_recipe_category=pains-fr&#038;_compatible_robots=thermomix-fr'>Pains<\/a><a class='elementor-button btn-lg btn-primary pix-m-10' href='https:\/\/kudocook.com\/fr\/recettes\/?_recipe_category=pates-fr&#038;_compatible_robots=thermomix-fr'>P\u00e2tes<\/a><a class='elementor-button btn-lg btn-primary pix-m-10' href='https:\/\/kudocook.com\/fr\/recettes\/?_recipe_category=patisseries-fr&#038;_compatible_robots=thermomix-fr'>P\u00e2tisseries<\/a><a class='elementor-button btn-lg btn-primary pix-m-10' href='https:\/\/kudocook.com\/fr\/recettes\/?_recipe_category=pizzas-fr&#038;_compatible_robots=thermomix-fr'>Pizzas<\/a><a class='elementor-button btn-lg btn-primary pix-m-10' href='https:\/\/kudocook.com\/fr\/recettes\/?_recipe_category=purees-fr&#038;_compatible_robots=thermomix-fr'>Pur\u00e9es<\/a><a class='elementor-button btn-lg btn-primary pix-m-10' href='https:\/\/kudocook.com\/fr\/recettes\/?_recipe_category=quiches-fr&#038;_compatible_robots=thermomix-fr'>Quiches<\/a><a class='elementor-button btn-lg btn-primary pix-m-10' href='https:\/\/kudocook.com\/fr\/recettes\/?_recipe_category=ragout-fr&#038;_compatible_robots=thermomix-fr'>Rago\u00fbt<\/a><a class='elementor-button btn-lg btn-primary pix-m-10' href='https:\/\/kudocook.com\/fr\/recettes\/?_recipe_category=stews-fr&#038;_compatible_robots=thermomix-fr'>Rago\u00fbts<\/a><a class='elementor-button btn-lg btn-primary pix-m-10' href='https:\/\/kudocook.com\/fr\/recettes\/?_recipe_category=riz-fr&#038;_compatible_robots=thermomix-fr'>Riz<\/a><a class='elementor-button btn-lg btn-primary pix-m-10' href='https:\/\/kudocook.com\/fr\/recettes\/?_recipe_category=roasted-fr&#038;_compatible_robots=thermomix-fr'>R\u00f4ti<\/a><a class='elementor-button btn-lg btn-primary pix-m-10' href='https:\/\/kudocook.com\/fr\/recettes\/?_recipe_category=salades-fr&#038;_compatible_robots=thermomix-fr'>Salades<\/a><a class='elementor-button btn-lg btn-primary pix-m-10' href='https:\/\/kudocook.com\/fr\/recettes\/?_recipe_category=sandwiches-fr&#038;_compatible_robots=thermomix-fr'>Sandwichs<\/a><a class='elementor-button btn-lg btn-primary pix-m-10' href='https:\/\/kudocook.com\/fr\/recettes\/?_recipe_category=sashimi-fr&#038;_compatible_robots=thermomix-fr'>Sashimi<\/a><a class='elementor-button btn-lg btn-primary pix-m-10' href='https:\/\/kudocook.com\/fr\/recettes\/?_recipe_category=salsas-fr&#038;_compatible_robots=thermomix-fr'>Sauces<\/a><a class='elementor-button btn-lg btn-primary pix-m-10' href='https:\/\/kudocook.com\/fr\/recettes\/?_recipe_category=stir-fried-fr&#038;_compatible_robots=thermomix-fr'>Saut\u00e9<\/a><a class='elementor-button btn-lg btn-primary pix-m-10' href='https:\/\/kudocook.com\/fr\/recettes\/?_recipe_category=smoothies-fr&#038;_compatible_robots=thermomix-fr'>Smoothies<\/a><a class='elementor-button btn-lg btn-primary pix-m-10' href='https:\/\/kudocook.com\/fr\/recettes\/?_recipe_category=soupes-fr&#038;_compatible_robots=thermomix-fr'>Soupes<\/a><a class='elementor-button btn-lg btn-primary pix-m-10' href='https:\/\/kudocook.com\/fr\/recettes\/?_recipe_category=sushi-fr&#038;_compatible_robots=thermomix-fr'>Sushi<\/a><a class='elementor-button btn-lg btn-primary pix-m-10' href='https:\/\/kudocook.com\/fr\/recettes\/?_recipe_category=tacos-fr&#038;_compatible_robots=thermomix-fr'>Tacos<\/a><a class='elementor-button btn-lg btn-primary pix-m-10' href='https:\/\/kudocook.com\/fr\/recettes\/?_recipe_category=tapas-fr&#038;_compatible_robots=thermomix-fr'>Tapas<\/a><a class='elementor-button btn-lg btn-primary pix-m-10' href='https:\/\/kudocook.com\/fr\/recettes\/?_recipe_category=tartes-fr&#038;_compatible_robots=thermomix-fr'>Tartes<\/a><a class='elementor-button btn-lg btn-primary pix-m-10' href='https:\/\/kudocook.com\/fr\/recettes\/?_recipe_category=terrines-fr&#038;_compatible_robots=thermomix-fr'>Terrines<\/a><a class='elementor-button btn-lg btn-primary pix-m-10' href='https:\/\/kudocook.com\/fr\/recettes\/?_recipe_category=dips-fr&#038;_compatible_robots=thermomix-fr'>Trempettes<\/a><a class='elementor-button btn-lg btn-primary pix-m-10' href='https:\/\/kudocook.com\/fr\/recettes\/?_recipe_category=viennoiseries-fr&#038;_compatible_robots=thermomix-fr'>Viennoiseries<\/a><\/div><\/div>\n\t\t\t\t\t\t<\/div>\n\t\t\t\t<\/div>\n\t\t\t\t\t<\/div>\n\t\t\t\t<\/div>\n\t\t<div class=\"elementor-element elementor-element-430d05a e-flex e-con-boxed e-con e-parent\" data-id=\"430d05a\" data-element_type=\"container\" data-e-type=\"container\" data-settings=\"{&quot;pix_scale_in&quot;:&quot;none&quot;}\">\n\t\t\t\t\t<div class=\"e-con-inner\">\n\t\t\t\t<div class=\"elementor-element elementor-element-6152e36 elementor-widget elementor-widget-shortcode\" data-id=\"6152e36\" data-element_type=\"widget\" data-e-type=\"widget\" data-widget_type=\"shortcode.default\">\n\t\t\t\t<div class=\"elementor-widget-container\">\n\t\t\t\t\t\t\t<div class=\"elementor-shortcode\"><div class=\"custom-related-recipes\"><h3>Recettes \u00e0 d\u00e9couvrir<\/h3><div class=\"recipe-card-container\"><div class=\"recipe-card\"><a href=\"https:\/\/kudocook.com\/fr\/recipe\/pates-doeufs-utilisant-un-thermomix\/\"><img decoding=\"async\" width=\"270\" height=\"180\" src=\"https:\/\/kudocook.com\/wp-content\/uploads\/2024\/09\/6351128a9ef94-300x200.jpg\" class=\"recipe-thumbnail wp-post-image\" alt=\"\" srcset=\"https:\/\/kudocook.com\/wp-content\/uploads\/2024\/09\/6351128a9ef94-300x200.jpg 300w, https:\/\/kudocook.com\/wp-content\/uploads\/2024\/09\/6351128a9ef94-768x512.jpg 768w, https:\/\/kudocook.com\/wp-content\/uploads\/2024\/09\/6351128a9ef94-600x400.jpg 600w, https:\/\/kudocook.com\/wp-content\/uploads\/2024\/09\/6351128a9ef94.jpg 900w\" sizes=\"(max-width: 270px) 100vw, 270px\" \/><div class=\"recipe-title\">P\u00e2tes d&rsquo;oeufs utilisant un Thermomix<\/div><\/a><\/div><div class=\"recipe-card\"><a href=\"https:\/\/kudocook.com\/fr\/recipe\/porridge-proteine-utilisant-un-thermomix\/\"><img decoding=\"async\" width=\"270\" height=\"180\" src=\"https:\/\/kudocook.com\/wp-content\/uploads\/2024\/09\/63ee31ac13cd1-300x200.jpg\" class=\"recipe-thumbnail wp-post-image\" alt=\"\" srcset=\"https:\/\/kudocook.com\/wp-content\/uploads\/2024\/09\/63ee31ac13cd1-300x200.jpg 300w, https:\/\/kudocook.com\/wp-content\/uploads\/2024\/09\/63ee31ac13cd1-768x512.jpg 768w, https:\/\/kudocook.com\/wp-content\/uploads\/2024\/09\/63ee31ac13cd1-600x400.jpg 600w, https:\/\/kudocook.com\/wp-content\/uploads\/2024\/09\/63ee31ac13cd1.jpg 900w\" sizes=\"(max-width: 270px) 100vw, 270px\" \/><div class=\"recipe-title\">Porridge prot\u00e9in\u00e9 utilisant un Thermomix<\/div><\/a><\/div><div class=\"recipe-card\"><a href=\"https:\/\/kudocook.com\/fr\/recipe\/gateau-de-semoule-a-la-fleur-doranger-utilisant-un-thermomix\/\"><img decoding=\"async\" width=\"270\" height=\"180\" src=\"https:\/\/kudocook.com\/wp-content\/uploads\/2025\/03\/67c85c0e17095-300x200.jpg\" class=\"recipe-thumbnail wp-post-image\" alt=\"\" srcset=\"https:\/\/kudocook.com\/wp-content\/uploads\/2025\/03\/67c85c0e17095-300x200.jpg 300w, https:\/\/kudocook.com\/wp-content\/uploads\/2025\/03\/67c85c0e17095-768x512.jpg 768w, https:\/\/kudocook.com\/wp-content\/uploads\/2025\/03\/67c85c0e17095.jpg 900w\" sizes=\"(max-width: 270px) 100vw, 270px\" \/><div class=\"recipe-title\">G\u00e2teau de semoule \u00e0 la fleur d&rsquo;oranger utilisant un Thermomix<\/div><\/a><\/div><div class=\"recipe-card\"><a href=\"https:\/\/kudocook.com\/fr\/recipe\/pate-a-tartiner-aux-speculoos-utilisant-un-thermomix\/\"><img loading=\"lazy\" decoding=\"async\" width=\"270\" height=\"180\" src=\"https:\/\/kudocook.com\/wp-content\/uploads\/2025\/01\/6799f98188315-300x200.jpg\" class=\"recipe-thumbnail wp-post-image\" alt=\"\" srcset=\"https:\/\/kudocook.com\/wp-content\/uploads\/2025\/01\/6799f98188315-300x200.jpg 300w, https:\/\/kudocook.com\/wp-content\/uploads\/2025\/01\/6799f98188315-768x512.jpg 768w, https:\/\/kudocook.com\/wp-content\/uploads\/2025\/01\/6799f98188315.jpg 900w\" sizes=\"(max-width: 270px) 100vw, 270px\" \/><div class=\"recipe-title\">Cr\u00e8me aux sp\u00e9culoos utilisant un Thermomix<\/div><\/a><\/div><div class=\"recipe-card\"><a href=\"https:\/\/kudocook.com\/fr\/recipe\/arome-naturel-de-vanille-utilisant-un-thermomix\/\"><img loading=\"lazy\" decoding=\"async\" width=\"270\" height=\"180\" src=\"https:\/\/kudocook.com\/wp-content\/uploads\/2024\/09\/62a6eb6faf0fa-300x200.jpg\" class=\"recipe-thumbnail wp-post-image\" alt=\"\" srcset=\"https:\/\/kudocook.com\/wp-content\/uploads\/2024\/09\/62a6eb6faf0fa-300x200.jpg 300w, https:\/\/kudocook.com\/wp-content\/uploads\/2024\/09\/62a6eb6faf0fa-768x513.jpg 768w, https:\/\/kudocook.com\/wp-content\/uploads\/2024\/09\/62a6eb6faf0fa-600x400.jpg 600w, https:\/\/kudocook.com\/wp-content\/uploads\/2024\/09\/62a6eb6faf0fa.jpg 899w\" sizes=\"(max-width: 270px) 100vw, 270px\" \/><div class=\"recipe-title\">Ar\u00f4me de vanille maison utilisant un Thermomix<\/div><\/a><\/div><div class=\"recipe-card\"><a href=\"https:\/\/kudocook.com\/fr\/recipe\/gratin-de-fusilli-au-jambon-utilisant-un-thermomix\/\"><img loading=\"lazy\" decoding=\"async\" width=\"270\" height=\"180\" src=\"https:\/\/kudocook.com\/wp-content\/uploads\/2025\/02\/679ccc6656f43-300x200.jpg\" class=\"recipe-thumbnail wp-post-image\" alt=\"\" srcset=\"https:\/\/kudocook.com\/wp-content\/uploads\/2025\/02\/679ccc6656f43-300x200.jpg 300w, https:\/\/kudocook.com\/wp-content\/uploads\/2025\/02\/679ccc6656f43-768x512.jpg 768w, https:\/\/kudocook.com\/wp-content\/uploads\/2025\/02\/679ccc6656f43.jpg 900w\" sizes=\"(max-width: 270px) 100vw, 270px\" \/><div class=\"recipe-title\">Gratin de P\u00e2tes au Jambon et au Fromage utilisant un Thermomix<\/div><\/a><\/div><div class=\"recipe-card\"><a href=\"https:\/\/kudocook.com\/fr\/recipe\/murgh-makhani-utilisant-un-thermomix\/\"><img loading=\"lazy\" decoding=\"async\" width=\"270\" height=\"180\" src=\"https:\/\/kudocook.com\/wp-content\/uploads\/2025\/03\/67d98e4b7cdf1-300x200.jpg\" class=\"recipe-thumbnail wp-post-image\" alt=\"\" srcset=\"https:\/\/kudocook.com\/wp-content\/uploads\/2025\/03\/67d98e4b7cdf1-300x200.jpg 300w, https:\/\/kudocook.com\/wp-content\/uploads\/2025\/03\/67d98e4b7cdf1-768x512.jpg 768w, https:\/\/kudocook.com\/wp-content\/uploads\/2025\/03\/67d98e4b7cdf1.jpg 900w\" sizes=\"(max-width: 270px) 100vw, 270px\" \/><div class=\"recipe-title\">Murgh Makhani utilisant un Thermomix<\/div><\/a><\/div><div class=\"recipe-card\"><a href=\"https:\/\/kudocook.com\/fr\/recipe\/compote-coings-et-pommes-utilisant-un-thermomix\/\"><img loading=\"lazy\" decoding=\"async\" width=\"270\" height=\"180\" src=\"https:\/\/kudocook.com\/wp-content\/uploads\/2024\/09\/62b85682e6166-300x200.jpg\" class=\"recipe-thumbnail wp-post-image\" alt=\"\" srcset=\"https:\/\/kudocook.com\/wp-content\/uploads\/2024\/09\/62b85682e6166-300x200.jpg 300w, https:\/\/kudocook.com\/wp-content\/uploads\/2024\/09\/62b85682e6166-768x512.jpg 768w, https:\/\/kudocook.com\/wp-content\/uploads\/2024\/09\/62b85682e6166-600x400.jpg 600w, https:\/\/kudocook.com\/wp-content\/uploads\/2024\/09\/62b85682e6166.jpg 900w\" sizes=\"(max-width: 270px) 100vw, 270px\" \/><div class=\"recipe-title\">Compote de Pommes et de Coings utilisant un Thermomix<\/div><\/a><\/div><div class=\"recipe-card\"><a href=\"https:\/\/kudocook.com\/fr\/recipe\/endives-au-jambon-utilisant-un-thermomix\/\"><img loading=\"lazy\" decoding=\"async\" width=\"270\" height=\"180\" src=\"https:\/\/kudocook.com\/wp-content\/uploads\/2025\/03\/67bb162288cc4-300x200.jpg\" class=\"recipe-thumbnail wp-post-image\" alt=\"\" srcset=\"https:\/\/kudocook.com\/wp-content\/uploads\/2025\/03\/67bb162288cc4-300x200.jpg 300w, https:\/\/kudocook.com\/wp-content\/uploads\/2025\/03\/67bb162288cc4-768x512.jpg 768w, https:\/\/kudocook.com\/wp-content\/uploads\/2025\/03\/67bb162288cc4.jpg 900w\" sizes=\"(max-width: 270px) 100vw, 270px\" \/><div class=\"recipe-title\">Gratin d&rsquo;endives au jambon, b\u00e9chamel et emmental utilisant un Thermomix<\/div><\/a><\/div><\/div><\/div><\/div>\n\t\t\t\t\t\t<\/div>\n\t\t\t\t<\/div>\n\t\t\t\t\t<\/div>\n\t\t\t\t<\/div>\n\t\t\t\t<\/div>\n\t\t","protected":false},"excerpt":{"rendered":"Ah, l'endive au jambon\u2014un plat qui incarne l'\u00e9l\u00e9gance de la cuisine fran\u00e7aise tout en ajoutant une touche de charme rustique ! Imaginez ceci : des endives croustillantes et tendres blotties dans une chaude \u00e9treinte de jambon savoureux, le tout drap\u00e9...","protected":false},"author":1,"featured_media":0,"parent":0,"menu_order":0,"comment_status":"closed","ping_status":"closed","template":"","meta":{"_acf_changed":false,"footnotes":""},"class_list":["post-1139740","page","type-page","status-publish","hentry"],"acf":[],"yoast_head":"<!-- This site is optimized with the Yoast SEO plugin v27.4 - https:\/\/yoast.com\/product\/yoast-seo-wordpress\/ -->\n<title>S\u00e9lectionnez les recettes par cat\u00e9gorie - KudoCook<\/title>\n<meta name=\"robots\" content=\"index, follow, max-snippet:-1, max-image-preview:large, max-video-preview:-1\" \/>\n<link rel=\"canonical\" href=\"https:\/\/kudocook.com\/fr\/selectionnez-les-recettes-par-categorie\/\" \/>\n<meta property=\"og:locale\" content=\"fr_FR\" \/>\n<meta property=\"og:type\" content=\"article\" \/>\n<meta property=\"og:title\" content=\"S\u00e9lectionnez les recettes par cat\u00e9gorie - KudoCook\" \/>\n<meta property=\"og:url\" content=\"https:\/\/kudocook.com\/fr\/selectionnez-les-recettes-par-categorie\/\" \/>\n<meta property=\"og:site_name\" content=\"KudoCook\" \/>\n<meta property=\"article:publisher\" content=\"https:\/\/www.facebook.com\/kudocook\" \/>\n<meta property=\"article:modified_time\" content=\"2025-03-15T11:40:55+00:00\" \/>\n<meta name=\"twitter:card\" content=\"summary_large_image\" \/>\n<meta name=\"twitter:site\" content=\"@kudocook\" \/>\n<meta name=\"twitter:label1\" content=\"Dur\u00e9e de lecture estim\u00e9e\" \/>\n\t<meta name=\"twitter:data1\" content=\"1 minute\" \/>\n<script type=\"application\/ld+json\" class=\"yoast-schema-graph\">{\"@context\":\"https:\\\/\\\/schema.org\",\"@graph\":[{\"@type\":\"WebPage\",\"@id\":\"https:\\\/\\\/kudocook.com\\\/fr\\\/selectionnez-les-recettes-par-categorie\\\/\",\"url\":\"https:\\\/\\\/kudocook.com\\\/fr\\\/selectionnez-les-recettes-par-categorie\\\/\",\"name\":\"S\u00e9lectionnez les recettes par cat\u00e9gorie - KudoCook\",\"isPartOf\":{\"@id\":\"https:\\\/\\\/kudocook.com\\\/fr\\\/#website\"},\"datePublished\":\"2025-03-15T11:29:40+00:00\",\"dateModified\":\"2025-03-15T11:40:55+00:00\",\"breadcrumb\":{\"@id\":\"https:\\\/\\\/kudocook.com\\\/fr\\\/selectionnez-les-recettes-par-categorie\\\/#breadcrumb\"},\"inLanguage\":\"fr-FR\",\"potentialAction\":[{\"@type\":\"ReadAction\",\"target\":[\"https:\\\/\\\/kudocook.com\\\/fr\\\/selectionnez-les-recettes-par-categorie\\\/\"]}]},{\"@type\":\"BreadcrumbList\",\"@id\":\"https:\\\/\\\/kudocook.com\\\/fr\\\/selectionnez-les-recettes-par-categorie\\\/#breadcrumb\",\"itemListElement\":[{\"@type\":\"ListItem\",\"position\":1,\"name\":\"Accueil\",\"item\":\"https:\\\/\\\/kudocook.com\\\/fr\\\/\"},{\"@type\":\"ListItem\",\"position\":2,\"name\":\"S\u00e9lectionnez les recettes par cat\u00e9gorie\"}]},{\"@type\":\"WebSite\",\"@id\":\"https:\\\/\\\/kudocook.com\\\/fr\\\/#website\",\"url\":\"https:\\\/\\\/kudocook.com\\\/fr\\\/\",\"name\":\"KudoCook\",\"description\":\"Conquer a world of culinary possibilities!\",\"publisher\":{\"@id\":\"https:\\\/\\\/kudocook.com\\\/fr\\\/#organization\"},\"potentialAction\":[{\"@type\":\"SearchAction\",\"target\":{\"@type\":\"EntryPoint\",\"urlTemplate\":\"https:\\\/\\\/kudocook.com\\\/fr\\\/?s={search_term_string}\"},\"query-input\":{\"@type\":\"PropertyValueSpecification\",\"valueRequired\":true,\"valueName\":\"search_term_string\"}}],\"inLanguage\":\"fr-FR\"},{\"@type\":\"Organization\",\"@id\":\"https:\\\/\\\/kudocook.com\\\/fr\\\/#organization\",\"name\":\"KudoCook\",\"url\":\"https:\\\/\\\/kudocook.com\\\/fr\\\/\",\"logo\":{\"@type\":\"ImageObject\",\"inLanguage\":\"fr-FR\",\"@id\":\"https:\\\/\\\/kudocook.com\\\/fr\\\/#\\\/schema\\\/logo\\\/image\\\/\",\"url\":\"https:\\\/\\\/kudocook.com\\\/wp-content\\\/uploads\\\/2024\\\/11\\\/playstore.png\",\"contentUrl\":\"https:\\\/\\\/kudocook.com\\\/wp-content\\\/uploads\\\/2024\\\/11\\\/playstore.png\",\"width\":512,\"height\":512,\"caption\":\"KudoCook\"},\"image\":{\"@id\":\"https:\\\/\\\/kudocook.com\\\/fr\\\/#\\\/schema\\\/logo\\\/image\\\/\"},\"sameAs\":[\"https:\\\/\\\/www.facebook.com\\\/kudocook\",\"https:\\\/\\\/x.com\\\/kudocook\",\"https:\\\/\\\/www.instagram.com\\\/kudocook\",\"https:\\\/\\\/www.youtube.com\\\/channel\\\/UCIHQma3NSZUyloPZowJSBZQ\",\"https:\\\/\\\/pinterest.com\\\/kudocook\"]}]}<\/script>\n<!-- \/ Yoast SEO plugin. -->","yoast_head_json":{"title":"S\u00e9lectionnez les recettes par cat\u00e9gorie - KudoCook","robots":{"index":"index","follow":"follow","max-snippet":"max-snippet:-1","max-image-preview":"max-image-preview:large","max-video-preview":"max-video-preview:-1"},"canonical":"https:\/\/kudocook.com\/fr\/selectionnez-les-recettes-par-categorie\/","og_locale":"fr_FR","og_type":"article","og_title":"S\u00e9lectionnez les recettes par cat\u00e9gorie - KudoCook","og_url":"https:\/\/kudocook.com\/fr\/selectionnez-les-recettes-par-categorie\/","og_site_name":"KudoCook","article_publisher":"https:\/\/www.facebook.com\/kudocook","article_modified_time":"2025-03-15T11:40:55+00:00","twitter_card":"summary_large_image","twitter_site":"@kudocook","twitter_misc":{"Dur\u00e9e de lecture estim\u00e9e":"1 minute"},"schema":{"@context":"https:\/\/schema.org","@graph":[{"@type":"WebPage","@id":"https:\/\/kudocook.com\/fr\/selectionnez-les-recettes-par-categorie\/","url":"https:\/\/kudocook.com\/fr\/selectionnez-les-recettes-par-categorie\/","name":"S\u00e9lectionnez les recettes par cat\u00e9gorie - KudoCook","isPartOf":{"@id":"https:\/\/kudocook.com\/fr\/#website"},"datePublished":"2025-03-15T11:29:40+00:00","dateModified":"2025-03-15T11:40:55+00:00","breadcrumb":{"@id":"https:\/\/kudocook.com\/fr\/selectionnez-les-recettes-par-categorie\/#breadcrumb"},"inLanguage":"fr-FR","potentialAction":[{"@type":"ReadAction","target":["https:\/\/kudocook.com\/fr\/selectionnez-les-recettes-par-categorie\/"]}]},{"@type":"BreadcrumbList","@id":"https:\/\/kudocook.com\/fr\/selectionnez-les-recettes-par-categorie\/#breadcrumb","itemListElement":[{"@type":"ListItem","position":1,"name":"Accueil","item":"https:\/\/kudocook.com\/fr\/"},{"@type":"ListItem","position":2,"name":"S\u00e9lectionnez les recettes par cat\u00e9gorie"}]},{"@type":"WebSite","@id":"https:\/\/kudocook.com\/fr\/#website","url":"https:\/\/kudocook.com\/fr\/","name":"KudoCook","description":"Conquer a world of culinary possibilities!","publisher":{"@id":"https:\/\/kudocook.com\/fr\/#organization"},"potentialAction":[{"@type":"SearchAction","target":{"@type":"EntryPoint","urlTemplate":"https:\/\/kudocook.com\/fr\/?s={search_term_string}"},"query-input":{"@type":"PropertyValueSpecification","valueRequired":true,"valueName":"search_term_string"}}],"inLanguage":"fr-FR"},{"@type":"Organization","@id":"https:\/\/kudocook.com\/fr\/#organization","name":"KudoCook","url":"https:\/\/kudocook.com\/fr\/","logo":{"@type":"ImageObject","inLanguage":"fr-FR","@id":"https:\/\/kudocook.com\/fr\/#\/schema\/logo\/image\/","url":"https:\/\/kudocook.com\/wp-content\/uploads\/2024\/11\/playstore.png","contentUrl":"https:\/\/kudocook.com\/wp-content\/uploads\/2024\/11\/playstore.png","width":512,"height":512,"caption":"KudoCook"},"image":{"@id":"https:\/\/kudocook.com\/fr\/#\/schema\/logo\/image\/"},"sameAs":["https:\/\/www.facebook.com\/kudocook","https:\/\/x.com\/kudocook","https:\/\/www.instagram.com\/kudocook","https:\/\/www.youtube.com\/channel\/UCIHQma3NSZUyloPZowJSBZQ","https:\/\/pinterest.com\/kudocook"]}]}},"jetpack_sharing_enabled":true,"_links":{"self":[{"href":"https:\/\/kudocook.com\/fr\/wp-json\/wp\/v2\/pages\/1139740","targetHints":{"allow":["GET"]}}],"collection":[{"href":"https:\/\/kudocook.com\/fr\/wp-json\/wp\/v2\/pages"}],"about":[{"href":"https:\/\/kudocook.com\/fr\/wp-json\/wp\/v2\/types\/page"}],"author":[{"embeddable":true,"href":"https:\/\/kudocook.com\/fr\/wp-json\/wp\/v2\/users\/1"}],"replies":[{"embeddable":true,"href":"https:\/\/kudocook.com\/fr\/wp-json\/wp\/v2\/comments?post=1139740"}],"version-history":[{"count":39,"href":"https:\/\/kudocook.com\/fr\/wp-json\/wp\/v2\/pages\/1139740\/revisions"}],"predecessor-version":[{"id":1139790,"href":"https:\/\/kudocook.com\/fr\/wp-json\/wp\/v2\/pages\/1139740\/revisions\/1139790"}],"wp:attachment":[{"href":"https:\/\/kudocook.com\/fr\/wp-json\/wp\/v2\/media?parent=1139740"}],"curies":[{"name":"wp","href":"https:\/\/api.w.org\/{rel}","templated":true}]}}