{"id":1139800,"date":"2025-03-15T12:07:06","date_gmt":"2025-03-15T12:07:06","guid":{"rendered":"https:\/\/kudocook.com\/?page_id=1139800"},"modified":"2025-03-15T12:07:08","modified_gmt":"2025-03-15T12:07:08","slug":"selectionnez-les-recettes-par-plat","status":"publish","type":"page","link":"https:\/\/kudocook.com\/fr\/selectionnez-les-recettes-par-plat\/","title":{"rendered":"S\u00e9lectionnez les recettes par plat"},"content":{"rendered":"\t\t<div data-elementor-type=\"wp-page\" data-elementor-id=\"1139800\" class=\"elementor elementor-1139800\" data-elementor-post-type=\"page\">\n\t\t\t\t<div class=\"elementor-element elementor-element-234957b e-flex e-con-boxed e-con e-parent\" data-id=\"234957b\" data-element_type=\"container\" data-e-type=\"container\" data-settings=\"{&quot;pix_scale_in&quot;:&quot;none&quot;}\">\n\t\t\t\t\t<div class=\"e-con-inner\">\n\t\t\t\t<div class=\"elementor-element elementor-element-81c8e4c elementor-widget elementor-widget-shortcode\" data-id=\"81c8e4c\" data-element_type=\"widget\" data-e-type=\"widget\" data-widget_type=\"shortcode.default\">\n\t\t\t\t<div class=\"elementor-widget-container\">\n\t\t\t\t\t\t\t<div class=\"elementor-shortcode\"><div class=\"taxonomy-buttons\"><a class='elementor-button btn-lg btn-primary pix-m-10' href='https:\/\/kudocook.com\/fr\/recettes\/?_recipe_meal_course=accompagnement-fr&#038;_compatible_robots=thermomix-fr'>Accompagnement<\/a><a class='elementor-button btn-lg btn-primary pix-m-10' href='https:\/\/kudocook.com\/fr\/recettes\/?_recipe_meal_course=side-dish-fr&#038;_compatible_robots=thermomix-fr'>Accompagnement<\/a><a class='elementor-button btn-lg btn-primary pix-m-10' href='https:\/\/kudocook.com\/fr\/recettes\/?_recipe_meal_course=aperitif-fr&#038;_compatible_robots=thermomix-fr'>Ap\u00e9ritif<\/a><a class='elementor-button btn-lg btn-primary pix-m-10' href='https:\/\/kudocook.com\/fr\/recettes\/?_recipe_meal_course=bbq-fr&#038;_compatible_robots=thermomix-fr'>BBQ<\/a><a class='elementor-button btn-lg btn-primary pix-m-10' href='https:\/\/kudocook.com\/fr\/recettes\/?_recipe_meal_course=boisson-fr&#038;_compatible_robots=thermomix-fr'>Boisson<\/a><a class='elementor-button btn-lg btn-primary pix-m-10' href='https:\/\/kudocook.com\/fr\/recettes\/?_recipe_meal_course=brunch-fr&#038;_compatible_robots=thermomix-fr'>Brunch<\/a><a class='elementor-button btn-lg btn-primary pix-m-10' href='https:\/\/kudocook.com\/fr\/recettes\/?_recipe_meal_course=dessert-fr&#038;_compatible_robots=thermomix-fr'>Dessert<\/a><a class='elementor-button btn-lg btn-primary pix-m-10' href='https:\/\/kudocook.com\/fr\/recettes\/?_recipe_meal_course=entree-fr&#038;_compatible_robots=thermomix-fr'>Entr\u00e9e<\/a><a class='elementor-button btn-lg btn-primary pix-m-10' href='https:\/\/kudocook.com\/fr\/recettes\/?_recipe_meal_course=tea-time-fr&#038;_compatible_robots=thermomix-fr'>Heure du th\u00e9<\/a><a class='elementor-button btn-lg btn-primary pix-m-10' href='https:\/\/kudocook.com\/fr\/recettes\/?_recipe_meal_course=street-food-fr&#038;_compatible_robots=thermomix-fr'>Nourriture de rue<\/a><a class='elementor-button btn-lg btn-primary pix-m-10' href='https:\/\/kudocook.com\/fr\/recettes\/?_recipe_meal_course=petit-dejeuner-fr&#038;_compatible_robots=thermomix-fr'>Petit d\u00e9jeuner<\/a><a class='elementor-button btn-lg btn-primary pix-m-10' href='https:\/\/kudocook.com\/fr\/recettes\/?_recipe_meal_course=plat-principal-fr&#038;_compatible_robots=thermomix-fr'>Plat principal<\/a><a class='elementor-button btn-lg btn-primary pix-m-10' href='https:\/\/kudocook.com\/fr\/recettes\/?_recipe_meal_course=sharing-plates-fr&#038;_compatible_robots=thermomix-fr'>Plats \u00e0 partager<\/a><a class='elementor-button btn-lg btn-primary pix-m-10' href='https:\/\/kudocook.com\/fr\/recettes\/?_recipe_meal_course=snacks-fr&#038;_compatible_robots=thermomix-fr'>Snacks<\/a><a class='elementor-button btn-lg btn-primary pix-m-10' href='https:\/\/kudocook.com\/fr\/recettes\/?_recipe_meal_course=late-night-fr&#038;_compatible_robots=thermomix-fr'>Tard dans la nuit<\/a><\/div><\/div>\n\t\t\t\t\t\t<\/div>\n\t\t\t\t<\/div>\n\t\t\t\t\t<\/div>\n\t\t\t\t<\/div>\n\t\t<div class=\"elementor-element elementor-element-430d05a e-flex e-con-boxed e-con e-parent\" data-id=\"430d05a\" data-element_type=\"container\" data-e-type=\"container\" data-settings=\"{&quot;pix_scale_in&quot;:&quot;none&quot;}\">\n\t\t\t\t\t<div class=\"e-con-inner\">\n\t\t\t\t<div class=\"elementor-element elementor-element-6152e36 elementor-widget elementor-widget-shortcode\" data-id=\"6152e36\" data-element_type=\"widget\" data-e-type=\"widget\" data-widget_type=\"shortcode.default\">\n\t\t\t\t<div class=\"elementor-widget-container\">\n\t\t\t\t\t\t\t<div class=\"elementor-shortcode\"><div class=\"custom-related-recipes\"><h3>Recettes \u00e0 d\u00e9couvrir<\/h3><div class=\"recipe-card-container\"><div class=\"recipe-card\"><a href=\"https:\/\/kudocook.com\/fr\/recipe\/quiches-petits-pois-et-lardons-utilisant-un-thermomix\/\"><img decoding=\"async\" width=\"270\" height=\"180\" src=\"https:\/\/kudocook.com\/wp-content\/uploads\/2024\/09\/628b8821dcb78-300x200.jpg\" class=\"recipe-thumbnail wp-post-image\" alt=\"\" srcset=\"https:\/\/kudocook.com\/wp-content\/uploads\/2024\/09\/628b8821dcb78-300x200.jpg 300w, https:\/\/kudocook.com\/wp-content\/uploads\/2024\/09\/628b8821dcb78-768x512.jpg 768w, https:\/\/kudocook.com\/wp-content\/uploads\/2024\/09\/628b8821dcb78-600x400.jpg 600w, https:\/\/kudocook.com\/wp-content\/uploads\/2024\/09\/628b8821dcb78.jpg 900w\" sizes=\"(max-width: 270px) 100vw, 270px\" \/><div class=\"recipe-title\">Mini quiches aux petits pois et au bacon utilisant un Thermomix<\/div><\/a><\/div><div class=\"recipe-card\"><a href=\"https:\/\/kudocook.com\/fr\/recipe\/nems-de-legumes-utilisant-un-thermomix\/\"><img decoding=\"async\" width=\"270\" height=\"180\" src=\"https:\/\/kudocook.com\/wp-content\/uploads\/2024\/09\/637cdc5d5c36b-300x200.jpg\" class=\"recipe-thumbnail wp-post-image\" alt=\"\" srcset=\"https:\/\/kudocook.com\/wp-content\/uploads\/2024\/09\/637cdc5d5c36b-300x200.jpg 300w, https:\/\/kudocook.com\/wp-content\/uploads\/2024\/09\/637cdc5d5c36b-768x512.jpg 768w, https:\/\/kudocook.com\/wp-content\/uploads\/2024\/09\/637cdc5d5c36b-600x400.jpg 600w, https:\/\/kudocook.com\/wp-content\/uploads\/2024\/09\/637cdc5d5c36b.jpg 900w\" sizes=\"(max-width: 270px) 100vw, 270px\" \/><div class=\"recipe-title\">Nems de l\u00e9gumes utilisant un Thermomix<\/div><\/a><\/div><div class=\"recipe-card\"><a href=\"https:\/\/kudocook.com\/fr\/recipe\/soupe-de-pois-casses-utilisant-un-thermomix\/\"><img decoding=\"async\" width=\"266\" height=\"180\" src=\"https:\/\/kudocook.com\/wp-content\/uploads\/2024\/09\/627cf2565fdaf.jpg\" class=\"recipe-thumbnail wp-post-image\" alt=\"\" srcset=\"https:\/\/kudocook.com\/wp-content\/uploads\/2024\/09\/627cf2565fdaf.jpg 887w, https:\/\/kudocook.com\/wp-content\/uploads\/2024\/09\/627cf2565fdaf-300x203.jpg 300w, https:\/\/kudocook.com\/wp-content\/uploads\/2024\/09\/627cf2565fdaf-768x520.jpg 768w, https:\/\/kudocook.com\/wp-content\/uploads\/2024\/09\/627cf2565fdaf-600x406.jpg 600w\" sizes=\"(max-width: 266px) 100vw, 266px\" \/><div class=\"recipe-title\">Soupe de pois cass\u00e9s utilisant un Thermomix<\/div><\/a><\/div><div class=\"recipe-card\"><a href=\"https:\/\/kudocook.com\/fr\/recipe\/tarte-au-citron-utilisant-un-thermomix\/\"><img loading=\"lazy\" decoding=\"async\" width=\"270\" height=\"180\" src=\"https:\/\/kudocook.com\/wp-content\/uploads\/2024\/09\/627ccac084f04-300x201.jpg\" class=\"recipe-thumbnail wp-post-image\" alt=\"\" srcset=\"https:\/\/kudocook.com\/wp-content\/uploads\/2024\/09\/627ccac084f04-300x201.jpg 300w, https:\/\/kudocook.com\/wp-content\/uploads\/2024\/09\/627ccac084f04-768x514.jpg 768w, https:\/\/kudocook.com\/wp-content\/uploads\/2024\/09\/627ccac084f04-600x402.jpg 600w, https:\/\/kudocook.com\/wp-content\/uploads\/2024\/09\/627ccac084f04.jpg 896w\" sizes=\"(max-width: 270px) 100vw, 270px\" \/><div class=\"recipe-title\">Tarte au citron utilisant un Thermomix<\/div><\/a><\/div><div class=\"recipe-card\"><a href=\"https:\/\/kudocook.com\/fr\/recipe\/gateau-aux-noix-utilisant-un-thermomix\/\"><img loading=\"lazy\" decoding=\"async\" width=\"270\" height=\"180\" src=\"https:\/\/kudocook.com\/wp-content\/uploads\/2024\/09\/62854332c818e-300x200.jpg\" class=\"recipe-thumbnail wp-post-image\" alt=\"\" srcset=\"https:\/\/kudocook.com\/wp-content\/uploads\/2024\/09\/62854332c818e-300x200.jpg 300w, https:\/\/kudocook.com\/wp-content\/uploads\/2024\/09\/62854332c818e-768x512.jpg 768w, https:\/\/kudocook.com\/wp-content\/uploads\/2024\/09\/62854332c818e-600x400.jpg 600w, https:\/\/kudocook.com\/wp-content\/uploads\/2024\/09\/62854332c818e.jpg 900w\" sizes=\"(max-width: 270px) 100vw, 270px\" \/><div class=\"recipe-title\">G\u00e2teau aux noix et p\u00e9pites de chocolat utilisant un Thermomix<\/div><\/a><\/div><div class=\"recipe-card\"><a href=\"https:\/\/kudocook.com\/fr\/recipe\/kibbeh-utilisant-un-thermomix\/\"><img loading=\"lazy\" decoding=\"async\" width=\"270\" height=\"180\" src=\"https:\/\/kudocook.com\/wp-content\/uploads\/2025\/03\/67bc71ad58e12-300x200.jpg\" class=\"recipe-thumbnail wp-post-image\" alt=\"\" srcset=\"https:\/\/kudocook.com\/wp-content\/uploads\/2025\/03\/67bc71ad58e12-300x200.jpg 300w, https:\/\/kudocook.com\/wp-content\/uploads\/2025\/03\/67bc71ad58e12-768x512.jpg 768w, https:\/\/kudocook.com\/wp-content\/uploads\/2025\/03\/67bc71ad58e12.jpg 900w\" sizes=\"(max-width: 270px) 100vw, 270px\" \/><div class=\"recipe-title\">Kibbeh utilisant un Thermomix<\/div><\/a><\/div><div class=\"recipe-card\"><a href=\"https:\/\/kudocook.com\/fr\/recipe\/petits-pots-de-semoule-au-lait-et-au-caramel-utilisant-un-thermomix\/\"><img loading=\"lazy\" decoding=\"async\" width=\"270\" height=\"180\" src=\"https:\/\/kudocook.com\/wp-content\/uploads\/2024\/09\/645cc81bba9ff-300x200.jpg\" class=\"recipe-thumbnail wp-post-image\" alt=\"\" srcset=\"https:\/\/kudocook.com\/wp-content\/uploads\/2024\/09\/645cc81bba9ff-300x200.jpg 300w, https:\/\/kudocook.com\/wp-content\/uploads\/2024\/09\/645cc81bba9ff-768x512.jpg 768w, https:\/\/kudocook.com\/wp-content\/uploads\/2024\/09\/645cc81bba9ff-600x400.jpg 600w, https:\/\/kudocook.com\/wp-content\/uploads\/2024\/09\/645cc81bba9ff.jpg 900w\" sizes=\"(max-width: 270px) 100vw, 270px\" \/><div class=\"recipe-title\">Petits pots de semoule au lait et au caramel utilisant un Thermomix<\/div><\/a><\/div><div class=\"recipe-card\"><a href=\"https:\/\/kudocook.com\/fr\/recipe\/veloute-de-cresson-utilisant-un-thermomix\/\"><img loading=\"lazy\" decoding=\"async\" width=\"270\" height=\"180\" src=\"https:\/\/kudocook.com\/wp-content\/uploads\/2024\/09\/627cc061c8687-300x200.jpg\" class=\"recipe-thumbnail wp-post-image\" alt=\"\" srcset=\"https:\/\/kudocook.com\/wp-content\/uploads\/2024\/09\/627cc061c8687-300x200.jpg 300w, https:\/\/kudocook.com\/wp-content\/uploads\/2024\/09\/627cc061c8687-768x512.jpg 768w, https:\/\/kudocook.com\/wp-content\/uploads\/2024\/09\/627cc061c8687-600x400.jpg 600w, https:\/\/kudocook.com\/wp-content\/uploads\/2024\/09\/627cc061c8687.jpg 900w\" sizes=\"(max-width: 270px) 100vw, 270px\" \/><div class=\"recipe-title\">Velout\u00e9 Cr\u00e9meux au Cresson utilisant un Thermomix<\/div><\/a><\/div><div class=\"recipe-card\"><a href=\"https:\/\/kudocook.com\/fr\/recipe\/soupe-de-poireaux-a-la-viande-et-au-fromage-utilisant-un-thermomix\/\"><img loading=\"lazy\" decoding=\"async\" width=\"270\" height=\"180\" src=\"https:\/\/kudocook.com\/wp-content\/uploads\/2024\/09\/636a290cb3e27-300x200.jpg\" class=\"recipe-thumbnail wp-post-image\" alt=\"\" srcset=\"https:\/\/kudocook.com\/wp-content\/uploads\/2024\/09\/636a290cb3e27-300x200.jpg 300w, https:\/\/kudocook.com\/wp-content\/uploads\/2024\/09\/636a290cb3e27-768x512.jpg 768w, https:\/\/kudocook.com\/wp-content\/uploads\/2024\/09\/636a290cb3e27-600x400.jpg 600w, https:\/\/kudocook.com\/wp-content\/uploads\/2024\/09\/636a290cb3e27.jpg 900w\" sizes=\"(max-width: 270px) 100vw, 270px\" \/><div class=\"recipe-title\">Soupe de poireaux \u00e0 la viande et au fromage utilisant un Thermomix<\/div><\/a><\/div><\/div><\/div><\/div>\n\t\t\t\t\t\t<\/div>\n\t\t\t\t<\/div>\n\t\t\t\t\t<\/div>\n\t\t\t\t<\/div>\n\t\t\t\t<\/div>\n\t\t","protected":false},"excerpt":{"rendered":"Plongez dans un bol de r\u00e9confort avec cette d\u00e9licieuse soupe de poireaux qui marie les saveurs terreuses des poireaux et des oignons avec des escalopes de dinde tendres et une finition cr\u00e9meuse d'Emmental. Originaire du c\u0153ur de la cuisine fran\u00e7aise,...","protected":false},"author":1,"featured_media":0,"parent":0,"menu_order":0,"comment_status":"closed","ping_status":"closed","template":"","meta":{"_acf_changed":false,"footnotes":""},"class_list":["post-1139800","page","type-page","status-publish","hentry"],"acf":[],"yoast_head":"<!-- This site is optimized with the Yoast SEO plugin v27.4 - https:\/\/yoast.com\/product\/yoast-seo-wordpress\/ -->\n<title>S\u00e9lectionnez les recettes par plat - KudoCook<\/title>\n<meta name=\"robots\" content=\"index, follow, max-snippet:-1, max-image-preview:large, max-video-preview:-1\" \/>\n<link rel=\"canonical\" href=\"https:\/\/kudocook.com\/fr\/selectionnez-les-recettes-par-plat\/\" \/>\n<meta property=\"og:locale\" content=\"fr_FR\" \/>\n<meta property=\"og:type\" content=\"article\" \/>\n<meta property=\"og:title\" content=\"S\u00e9lectionnez les recettes par plat - KudoCook\" \/>\n<meta property=\"og:url\" content=\"https:\/\/kudocook.com\/fr\/selectionnez-les-recettes-par-plat\/\" \/>\n<meta property=\"og:site_name\" content=\"KudoCook\" \/>\n<meta property=\"article:publisher\" content=\"https:\/\/www.facebook.com\/kudocook\" \/>\n<meta property=\"article:modified_time\" content=\"2025-03-15T12:07:08+00:00\" \/>\n<meta name=\"twitter:card\" content=\"summary_large_image\" \/>\n<meta name=\"twitter:site\" content=\"@kudocook\" \/>\n<meta name=\"twitter:label1\" content=\"Dur\u00e9e de lecture estim\u00e9e\" \/>\n\t<meta name=\"twitter:data1\" content=\"1 minute\" \/>\n<script type=\"application\/ld+json\" class=\"yoast-schema-graph\">{\"@context\":\"https:\\\/\\\/schema.org\",\"@graph\":[{\"@type\":\"WebPage\",\"@id\":\"https:\\\/\\\/kudocook.com\\\/fr\\\/selectionnez-les-recettes-par-plat\\\/\",\"url\":\"https:\\\/\\\/kudocook.com\\\/fr\\\/selectionnez-les-recettes-par-plat\\\/\",\"name\":\"S\u00e9lectionnez les recettes par plat - KudoCook\",\"isPartOf\":{\"@id\":\"https:\\\/\\\/kudocook.com\\\/fr\\\/#website\"},\"datePublished\":\"2025-03-15T12:07:06+00:00\",\"dateModified\":\"2025-03-15T12:07:08+00:00\",\"breadcrumb\":{\"@id\":\"https:\\\/\\\/kudocook.com\\\/fr\\\/selectionnez-les-recettes-par-plat\\\/#breadcrumb\"},\"inLanguage\":\"fr-FR\",\"potentialAction\":[{\"@type\":\"ReadAction\",\"target\":[\"https:\\\/\\\/kudocook.com\\\/fr\\\/selectionnez-les-recettes-par-plat\\\/\"]}]},{\"@type\":\"BreadcrumbList\",\"@id\":\"https:\\\/\\\/kudocook.com\\\/fr\\\/selectionnez-les-recettes-par-plat\\\/#breadcrumb\",\"itemListElement\":[{\"@type\":\"ListItem\",\"position\":1,\"name\":\"Accueil\",\"item\":\"https:\\\/\\\/kudocook.com\\\/fr\\\/\"},{\"@type\":\"ListItem\",\"position\":2,\"name\":\"S\u00e9lectionnez les recettes par plat\"}]},{\"@type\":\"WebSite\",\"@id\":\"https:\\\/\\\/kudocook.com\\\/fr\\\/#website\",\"url\":\"https:\\\/\\\/kudocook.com\\\/fr\\\/\",\"name\":\"KudoCook\",\"description\":\"Conquer a world of culinary possibilities!\",\"publisher\":{\"@id\":\"https:\\\/\\\/kudocook.com\\\/fr\\\/#organization\"},\"potentialAction\":[{\"@type\":\"SearchAction\",\"target\":{\"@type\":\"EntryPoint\",\"urlTemplate\":\"https:\\\/\\\/kudocook.com\\\/fr\\\/?s={search_term_string}\"},\"query-input\":{\"@type\":\"PropertyValueSpecification\",\"valueRequired\":true,\"valueName\":\"search_term_string\"}}],\"inLanguage\":\"fr-FR\"},{\"@type\":\"Organization\",\"@id\":\"https:\\\/\\\/kudocook.com\\\/fr\\\/#organization\",\"name\":\"KudoCook\",\"url\":\"https:\\\/\\\/kudocook.com\\\/fr\\\/\",\"logo\":{\"@type\":\"ImageObject\",\"inLanguage\":\"fr-FR\",\"@id\":\"https:\\\/\\\/kudocook.com\\\/fr\\\/#\\\/schema\\\/logo\\\/image\\\/\",\"url\":\"https:\\\/\\\/kudocook.com\\\/wp-content\\\/uploads\\\/2024\\\/11\\\/playstore.png\",\"contentUrl\":\"https:\\\/\\\/kudocook.com\\\/wp-content\\\/uploads\\\/2024\\\/11\\\/playstore.png\",\"width\":512,\"height\":512,\"caption\":\"KudoCook\"},\"image\":{\"@id\":\"https:\\\/\\\/kudocook.com\\\/fr\\\/#\\\/schema\\\/logo\\\/image\\\/\"},\"sameAs\":[\"https:\\\/\\\/www.facebook.com\\\/kudocook\",\"https:\\\/\\\/x.com\\\/kudocook\",\"https:\\\/\\\/www.instagram.com\\\/kudocook\",\"https:\\\/\\\/www.youtube.com\\\/channel\\\/UCIHQma3NSZUyloPZowJSBZQ\",\"https:\\\/\\\/pinterest.com\\\/kudocook\"]}]}<\/script>\n<!-- \/ Yoast SEO plugin. -->","yoast_head_json":{"title":"S\u00e9lectionnez les recettes par plat - KudoCook","robots":{"index":"index","follow":"follow","max-snippet":"max-snippet:-1","max-image-preview":"max-image-preview:large","max-video-preview":"max-video-preview:-1"},"canonical":"https:\/\/kudocook.com\/fr\/selectionnez-les-recettes-par-plat\/","og_locale":"fr_FR","og_type":"article","og_title":"S\u00e9lectionnez les recettes par plat - KudoCook","og_url":"https:\/\/kudocook.com\/fr\/selectionnez-les-recettes-par-plat\/","og_site_name":"KudoCook","article_publisher":"https:\/\/www.facebook.com\/kudocook","article_modified_time":"2025-03-15T12:07:08+00:00","twitter_card":"summary_large_image","twitter_site":"@kudocook","twitter_misc":{"Dur\u00e9e de lecture estim\u00e9e":"1 minute"},"schema":{"@context":"https:\/\/schema.org","@graph":[{"@type":"WebPage","@id":"https:\/\/kudocook.com\/fr\/selectionnez-les-recettes-par-plat\/","url":"https:\/\/kudocook.com\/fr\/selectionnez-les-recettes-par-plat\/","name":"S\u00e9lectionnez les recettes par plat - KudoCook","isPartOf":{"@id":"https:\/\/kudocook.com\/fr\/#website"},"datePublished":"2025-03-15T12:07:06+00:00","dateModified":"2025-03-15T12:07:08+00:00","breadcrumb":{"@id":"https:\/\/kudocook.com\/fr\/selectionnez-les-recettes-par-plat\/#breadcrumb"},"inLanguage":"fr-FR","potentialAction":[{"@type":"ReadAction","target":["https:\/\/kudocook.com\/fr\/selectionnez-les-recettes-par-plat\/"]}]},{"@type":"BreadcrumbList","@id":"https:\/\/kudocook.com\/fr\/selectionnez-les-recettes-par-plat\/#breadcrumb","itemListElement":[{"@type":"ListItem","position":1,"name":"Accueil","item":"https:\/\/kudocook.com\/fr\/"},{"@type":"ListItem","position":2,"name":"S\u00e9lectionnez les recettes par plat"}]},{"@type":"WebSite","@id":"https:\/\/kudocook.com\/fr\/#website","url":"https:\/\/kudocook.com\/fr\/","name":"KudoCook","description":"Conquer a world of culinary possibilities!","publisher":{"@id":"https:\/\/kudocook.com\/fr\/#organization"},"potentialAction":[{"@type":"SearchAction","target":{"@type":"EntryPoint","urlTemplate":"https:\/\/kudocook.com\/fr\/?s={search_term_string}"},"query-input":{"@type":"PropertyValueSpecification","valueRequired":true,"valueName":"search_term_string"}}],"inLanguage":"fr-FR"},{"@type":"Organization","@id":"https:\/\/kudocook.com\/fr\/#organization","name":"KudoCook","url":"https:\/\/kudocook.com\/fr\/","logo":{"@type":"ImageObject","inLanguage":"fr-FR","@id":"https:\/\/kudocook.com\/fr\/#\/schema\/logo\/image\/","url":"https:\/\/kudocook.com\/wp-content\/uploads\/2024\/11\/playstore.png","contentUrl":"https:\/\/kudocook.com\/wp-content\/uploads\/2024\/11\/playstore.png","width":512,"height":512,"caption":"KudoCook"},"image":{"@id":"https:\/\/kudocook.com\/fr\/#\/schema\/logo\/image\/"},"sameAs":["https:\/\/www.facebook.com\/kudocook","https:\/\/x.com\/kudocook","https:\/\/www.instagram.com\/kudocook","https:\/\/www.youtube.com\/channel\/UCIHQma3NSZUyloPZowJSBZQ","https:\/\/pinterest.com\/kudocook"]}]}},"jetpack_sharing_enabled":true,"_links":{"self":[{"href":"https:\/\/kudocook.com\/fr\/wp-json\/wp\/v2\/pages\/1139800","targetHints":{"allow":["GET"]}}],"collection":[{"href":"https:\/\/kudocook.com\/fr\/wp-json\/wp\/v2\/pages"}],"about":[{"href":"https:\/\/kudocook.com\/fr\/wp-json\/wp\/v2\/types\/page"}],"author":[{"embeddable":true,"href":"https:\/\/kudocook.com\/fr\/wp-json\/wp\/v2\/users\/1"}],"replies":[{"embeddable":true,"href":"https:\/\/kudocook.com\/fr\/wp-json\/wp\/v2\/comments?post=1139800"}],"version-history":[{"count":9,"href":"https:\/\/kudocook.com\/fr\/wp-json\/wp\/v2\/pages\/1139800\/revisions"}],"predecessor-version":[{"id":1139809,"href":"https:\/\/kudocook.com\/fr\/wp-json\/wp\/v2\/pages\/1139800\/revisions\/1139809"}],"wp:attachment":[{"href":"https:\/\/kudocook.com\/fr\/wp-json\/wp\/v2\/media?parent=1139800"}],"curies":[{"name":"wp","href":"https:\/\/api.w.org\/{rel}","templated":true}]}}