{"id":1139819,"date":"2025-03-15T12:11:06","date_gmt":"2025-03-15T12:11:06","guid":{"rendered":"https:\/\/kudocook.com\/?page_id=1139819"},"modified":"2025-03-15T12:27:28","modified_gmt":"2025-03-15T12:27:28","slug":"selectionnez-les-recettes-par-profil","status":"publish","type":"page","link":"https:\/\/kudocook.com\/fr\/selectionnez-les-recettes-par-profil\/","title":{"rendered":"S\u00e9lectionnez les recettes par profil"},"content":{"rendered":"\t\t<div data-elementor-type=\"wp-page\" data-elementor-id=\"1139819\" class=\"elementor elementor-1139819\" data-elementor-post-type=\"page\">\n\t\t\t\t<div class=\"elementor-element elementor-element-234957b e-flex e-con-boxed e-con e-parent\" data-id=\"234957b\" data-element_type=\"container\" data-e-type=\"container\" data-settings=\"{&quot;pix_scale_in&quot;:&quot;none&quot;}\">\n\t\t\t\t\t<div class=\"e-con-inner\">\n\t\t\t\t<div class=\"elementor-element elementor-element-81c8e4c elementor-widget elementor-widget-shortcode\" data-id=\"81c8e4c\" data-element_type=\"widget\" data-e-type=\"widget\" data-widget_type=\"shortcode.default\">\n\t\t\t\t<div class=\"elementor-widget-container\">\n\t\t\t\t\t\t\t<div class=\"elementor-shortcode\"><div class=\"taxonomy-buttons\"><a class='elementor-button btn-lg btn-primary pix-m-10' href='https:\/\/kudocook.com\/fr\/recettes\/?_recipe_profile=diabetic-friendly-fr&#038;_compatible_robots=thermomix-fr'>Adapt\u00e9 aux diab\u00e9tiques<\/a><a class='elementor-button btn-lg btn-primary pix-m-10' href='https:\/\/kudocook.com\/fr\/recettes\/?_recipe_profile=allege-fr&#038;_compatible_robots=thermomix-fr'>All\u00e9g\u00e9<\/a><a class='elementor-button btn-lg btn-primary pix-m-10' href='https:\/\/kudocook.com\/fr\/recettes\/?_recipe_profile=basiques-fr&#038;_compatible_robots=thermomix-fr'>Basiques<\/a><a class='elementor-button btn-lg btn-primary pix-m-10' href='https:\/\/kudocook.com\/fr\/recettes\/?_recipe_profile=heart-healthy-fr&#038;_compatible_robots=thermomix-fr'>Bon pour le c\u0153ur<\/a><a class='elementor-button btn-lg btn-primary pix-m-10' href='https:\/\/kudocook.com\/fr\/recettes\/?_recipe_profile=carnivore-fr&#038;_compatible_robots=thermomix-fr'>Carnivore<\/a><a class='elementor-button btn-lg btn-primary pix-m-10' href='https:\/\/kudocook.com\/fr\/recettes\/?_recipe_profile=kosher-fr&#038;_compatible_robots=thermomix-fr'>Casher<\/a><a class='elementor-button btn-lg btn-primary pix-m-10' href='https:\/\/kudocook.com\/fr\/recettes\/?_recipe_profile=epice-fr&#038;_compatible_robots=thermomix-fr'>\u00c9pic\u00e9<\/a><a class='elementor-button btn-lg btn-primary pix-m-10' href='https:\/\/kudocook.com\/fr\/recettes\/?_recipe_profile=low-fat-fr&#038;_compatible_robots=thermomix-fr'>Faible en gras<\/a><a class='elementor-button btn-lg btn-primary pix-m-10' href='https:\/\/kudocook.com\/fr\/recettes\/?_recipe_profile=fruits-de-mer-fr&#038;_compatible_robots=thermomix-fr'>Fruits de mer<\/a><a class='elementor-button btn-lg btn-primary pix-m-10' href='https:\/\/kudocook.com\/fr\/recettes\/?_recipe_profile=halal-fr&#038;_compatible_robots=thermomix-fr'>Halal<\/a><a class='elementor-button btn-lg btn-primary pix-m-10' href='https:\/\/kudocook.com\/fr\/recettes\/?_recipe_profile=keto-fr&#038;_compatible_robots=thermomix-fr'>Keto<\/a><a class='elementor-button btn-lg btn-primary pix-m-10' href='https:\/\/kudocook.com\/fr\/recettes\/?_recipe_profile=lacto-vegan-fr&#038;_compatible_robots=thermomix-fr'>Lacto-V\u00e9g\u00e9talien<\/a><a class='elementor-button btn-lg btn-primary pix-m-10' href='https:\/\/kudocook.com\/fr\/recettes\/?_recipe_profile=lowcarb-fr&#038;_compatible_robots=thermomix-fr'>Low-Carb<\/a><a class='elementor-button btn-lg btn-primary pix-m-10' href='https:\/\/kudocook.com\/fr\/recettes\/?_recipe_profile=nourrisson-fr&#038;_compatible_robots=thermomix-fr'>Nourrisson<\/a><a class='elementor-button btn-lg btn-primary pix-m-10' href='https:\/\/kudocook.com\/fr\/recettes\/?_recipe_profile=omega-3-fr&#038;_compatible_robots=thermomix-fr'>Om\u00e9ga-3<\/a><a class='elementor-button btn-lg btn-primary pix-m-10' href='https:\/\/kudocook.com\/fr\/recettes\/?_recipe_profile=paleo-fr&#038;_compatible_robots=thermomix-fr'>Pal\u00e9o<\/a><a class='elementor-button btn-lg btn-primary pix-m-10' href='https:\/\/kudocook.com\/fr\/recettes\/?_recipe_profile=poisson-fr&#038;_compatible_robots=thermomix-fr'>Poisson<\/a><a class='elementor-button btn-lg btn-primary pix-m-10' href='https:\/\/kudocook.com\/fr\/recettes\/?_recipe_profile=probiotic-fr&#038;_compatible_robots=thermomix-fr'>Probiotique<\/a><a class='elementor-button btn-lg btn-primary pix-m-10' href='https:\/\/kudocook.com\/fr\/recettes\/?_recipe_profile=high-protein-fr&#038;_compatible_robots=thermomix-fr'>Riche en prot\u00e9ines<\/a><a class='elementor-button btn-lg btn-primary pix-m-10' href='https:\/\/kudocook.com\/fr\/recettes\/?_recipe_profile=sans-gluten-fr&#038;_compatible_robots=thermomix-fr'>Sans gluten<\/a><a class='elementor-button btn-lg btn-primary pix-m-10' href='https:\/\/kudocook.com\/fr\/recettes\/?_recipe_profile=gluten-free-fr&#038;_compatible_robots=thermomix-fr'>Sans gluten<\/a><a class='elementor-button btn-lg btn-primary pix-m-10' href='https:\/\/kudocook.com\/fr\/recettes\/?_recipe_profile=lactose-free-fr&#038;_compatible_robots=thermomix-fr'>Sans lactose<\/a><a class='elementor-button btn-lg btn-primary pix-m-10' href='https:\/\/kudocook.com\/fr\/recettes\/?_recipe_profile=nut-free-fr&#038;_compatible_robots=thermomix-fr'>Sans noix<\/a><a class='elementor-button btn-lg btn-primary pix-m-10' href='https:\/\/kudocook.com\/fr\/recettes\/?_recipe_profile=egg-free-fr&#038;_compatible_robots=thermomix-fr'>Sans \u0153uf<\/a><a class='elementor-button btn-lg btn-primary pix-m-10' href='https:\/\/kudocook.com\/fr\/recettes\/?_recipe_profile=dairy-free-fr&#038;_compatible_robots=thermomix-fr'>Sans produits laitiers<\/a><a class='elementor-button btn-lg btn-primary pix-m-10' href='https:\/\/kudocook.com\/fr\/recettes\/?_recipe_profile=sugar-free-fr&#038;_compatible_robots=thermomix-fr'>Sans sucre<\/a><a class='elementor-button btn-lg btn-primary pix-m-10' href='https:\/\/kudocook.com\/fr\/recettes\/?_recipe_profile=healthy-fr&#038;_compatible_robots=thermomix-fr'>Sant\u00e9<\/a><a class='elementor-button btn-lg btn-primary pix-m-10' href='https:\/\/kudocook.com\/fr\/recettes\/?_recipe_profile=vegan-fr&#038;_compatible_robots=thermomix-fr'>V\u00e9gan<\/a><a class='elementor-button btn-lg btn-primary pix-m-10' href='https:\/\/kudocook.com\/fr\/recettes\/?_recipe_profile=vegetarien-fr&#038;_compatible_robots=thermomix-fr'>V\u00e9g\u00e9tarien<\/a><a class='elementor-button btn-lg btn-primary pix-m-10' href='https:\/\/kudocook.com\/fr\/recettes\/?_recipe_profile=whole30-fr&#038;_compatible_robots=thermomix-fr'>Whole30<\/a><\/div><\/div>\n\t\t\t\t\t\t<\/div>\n\t\t\t\t<\/div>\n\t\t\t\t\t<\/div>\n\t\t\t\t<\/div>\n\t\t<div class=\"elementor-element elementor-element-430d05a e-flex e-con-boxed e-con e-parent\" data-id=\"430d05a\" data-element_type=\"container\" data-e-type=\"container\" data-settings=\"{&quot;pix_scale_in&quot;:&quot;none&quot;}\">\n\t\t\t\t\t<div class=\"e-con-inner\">\n\t\t\t\t<div class=\"elementor-element elementor-element-6152e36 elementor-widget elementor-widget-shortcode\" data-id=\"6152e36\" data-element_type=\"widget\" data-e-type=\"widget\" data-widget_type=\"shortcode.default\">\n\t\t\t\t<div class=\"elementor-widget-container\">\n\t\t\t\t\t\t\t<div class=\"elementor-shortcode\"><div class=\"custom-related-recipes\"><h3>Recettes \u00e0 d\u00e9couvrir<\/h3><div class=\"recipe-card-container\"><div class=\"recipe-card\"><a href=\"https:\/\/kudocook.com\/fr\/recipe\/barres-collations-aux-arachides-utilisant-un-thermomix\/\"><img decoding=\"async\" width=\"270\" height=\"180\" src=\"https:\/\/kudocook.com\/wp-content\/uploads\/2024\/09\/63e38b94bb209-300x200.jpg\" class=\"recipe-thumbnail wp-post-image\" alt=\"\" srcset=\"https:\/\/kudocook.com\/wp-content\/uploads\/2024\/09\/63e38b94bb209-300x200.jpg 300w, https:\/\/kudocook.com\/wp-content\/uploads\/2024\/09\/63e38b94bb209-768x512.jpg 768w, https:\/\/kudocook.com\/wp-content\/uploads\/2024\/09\/63e38b94bb209-600x400.jpg 600w, https:\/\/kudocook.com\/wp-content\/uploads\/2024\/09\/63e38b94bb209.jpg 900w\" sizes=\"(max-width: 270px) 100vw, 270px\" \/><div class=\"recipe-title\">Barres collations aux arachides utilisant un Thermomix<\/div><\/a><\/div><div class=\"recipe-card\"><a href=\"https:\/\/kudocook.com\/fr\/recipe\/beurre-utilisant-un-thermomix\/\"><img decoding=\"async\" width=\"254\" height=\"180\" src=\"https:\/\/kudocook.com\/wp-content\/uploads\/2024\/09\/62822a4b15ee3.jpg\" class=\"recipe-thumbnail wp-post-image\" alt=\"\" srcset=\"https:\/\/kudocook.com\/wp-content\/uploads\/2024\/09\/62822a4b15ee3.jpg 846w, https:\/\/kudocook.com\/wp-content\/uploads\/2024\/09\/62822a4b15ee3-300x213.jpg 300w, https:\/\/kudocook.com\/wp-content\/uploads\/2024\/09\/62822a4b15ee3-768x545.jpg 768w, https:\/\/kudocook.com\/wp-content\/uploads\/2024\/09\/62822a4b15ee3-600x426.jpg 600w\" sizes=\"(max-width: 254px) 100vw, 254px\" \/><div class=\"recipe-title\">Beurre fait maison utilisant un Thermomix<\/div><\/a><\/div><div class=\"recipe-card\"><a href=\"https:\/\/kudocook.com\/fr\/recipe\/colombo-de-lotte-utilisant-un-thermomix\/\"><img decoding=\"async\" width=\"270\" height=\"180\" src=\"https:\/\/kudocook.com\/wp-content\/uploads\/2025\/02\/67a9f8d660172-300x200.jpg\" class=\"recipe-thumbnail wp-post-image\" alt=\"\" srcset=\"https:\/\/kudocook.com\/wp-content\/uploads\/2025\/02\/67a9f8d660172-300x200.jpg 300w, https:\/\/kudocook.com\/wp-content\/uploads\/2025\/02\/67a9f8d660172-768x512.jpg 768w, https:\/\/kudocook.com\/wp-content\/uploads\/2025\/02\/67a9f8d660172.jpg 900w\" sizes=\"(max-width: 270px) 100vw, 270px\" \/><div class=\"recipe-title\">Colombo de Fruits de mer utilisant un Thermomix<\/div><\/a><\/div><div class=\"recipe-card\"><a href=\"https:\/\/kudocook.com\/fr\/recipe\/granola-aux-graines-de-chocolat-utilisant-un-thermomix\/\"><img loading=\"lazy\" decoding=\"async\" width=\"270\" height=\"180\" src=\"https:\/\/kudocook.com\/wp-content\/uploads\/2024\/09\/63692c792439a-300x200.jpg\" class=\"recipe-thumbnail wp-post-image\" alt=\"\" srcset=\"https:\/\/kudocook.com\/wp-content\/uploads\/2024\/09\/63692c792439a-300x200.jpg 300w, https:\/\/kudocook.com\/wp-content\/uploads\/2024\/09\/63692c792439a-768x512.jpg 768w, https:\/\/kudocook.com\/wp-content\/uploads\/2024\/09\/63692c792439a-600x400.jpg 600w, https:\/\/kudocook.com\/wp-content\/uploads\/2024\/09\/63692c792439a.jpg 900w\" sizes=\"(max-width: 270px) 100vw, 270px\" \/><div class=\"recipe-title\">Granola aux Graines de Chocolat utilisant un Thermomix<\/div><\/a><\/div><div class=\"recipe-card\"><a href=\"https:\/\/kudocook.com\/fr\/recipe\/confiture-de-fraises-utilisant-un-thermomix\/\"><img loading=\"lazy\" decoding=\"async\" width=\"270\" height=\"180\" src=\"https:\/\/kudocook.com\/wp-content\/uploads\/2024\/09\/628541ac58c45-300x200.jpg\" class=\"recipe-thumbnail wp-post-image\" alt=\"\" srcset=\"https:\/\/kudocook.com\/wp-content\/uploads\/2024\/09\/628541ac58c45-300x200.jpg 300w, https:\/\/kudocook.com\/wp-content\/uploads\/2024\/09\/628541ac58c45-768x512.jpg 768w, https:\/\/kudocook.com\/wp-content\/uploads\/2024\/09\/628541ac58c45-600x400.jpg 600w, https:\/\/kudocook.com\/wp-content\/uploads\/2024\/09\/628541ac58c45.jpg 900w\" sizes=\"(max-width: 270px) 100vw, 270px\" \/><div class=\"recipe-title\">Confiture Baiser de Fraise utilisant un Thermomix<\/div><\/a><\/div><div class=\"recipe-card\"><a href=\"https:\/\/kudocook.com\/fr\/recipe\/trifle-anglais-classique-utilisant-un-thermomix\/\"><img loading=\"lazy\" decoding=\"async\" width=\"270\" height=\"180\" src=\"https:\/\/kudocook.com\/wp-content\/uploads\/2025\/03\/67e3c8ba1f3b1-300x200.jpg\" class=\"recipe-thumbnail wp-post-image\" alt=\"\" srcset=\"https:\/\/kudocook.com\/wp-content\/uploads\/2025\/03\/67e3c8ba1f3b1-300x200.jpg 300w, https:\/\/kudocook.com\/wp-content\/uploads\/2025\/03\/67e3c8ba1f3b1-768x512.jpg 768w, https:\/\/kudocook.com\/wp-content\/uploads\/2025\/03\/67e3c8ba1f3b1.jpg 900w\" sizes=\"(max-width: 270px) 100vw, 270px\" \/><div class=\"recipe-title\">Trifle Anglais Classique utilisant un Thermomix<\/div><\/a><\/div><div class=\"recipe-card\"><a href=\"https:\/\/kudocook.com\/fr\/recipe\/soupe-de-vermicelle-au-poulet-utilisant-un-thermomix\/\"><img loading=\"lazy\" decoding=\"async\" width=\"259\" height=\"180\" src=\"https:\/\/kudocook.com\/wp-content\/uploads\/2024\/09\/627a2c257aff8.jpg\" class=\"recipe-thumbnail wp-post-image\" alt=\"\" srcset=\"https:\/\/kudocook.com\/wp-content\/uploads\/2024\/09\/627a2c257aff8.jpg 863w, https:\/\/kudocook.com\/wp-content\/uploads\/2024\/09\/627a2c257aff8-300x209.jpg 300w, https:\/\/kudocook.com\/wp-content\/uploads\/2024\/09\/627a2c257aff8-768x534.jpg 768w, https:\/\/kudocook.com\/wp-content\/uploads\/2024\/09\/627a2c257aff8-600x417.jpg 600w\" sizes=\"(max-width: 259px) 100vw, 259px\" \/><div class=\"recipe-title\">Soupe de vermicelle au poulet utilisant un Thermomix<\/div><\/a><\/div><div class=\"recipe-card\"><a href=\"https:\/\/kudocook.com\/fr\/recipe\/oeufs-cocotte-en-parmentier-utilisant-un-thermomix\/\"><img loading=\"lazy\" decoding=\"async\" width=\"270\" height=\"180\" src=\"https:\/\/kudocook.com\/wp-content\/uploads\/2025\/02\/679fc6971d2a7-300x200.jpg\" class=\"recipe-thumbnail wp-post-image\" alt=\"\" srcset=\"https:\/\/kudocook.com\/wp-content\/uploads\/2025\/02\/679fc6971d2a7-300x200.jpg 300w, https:\/\/kudocook.com\/wp-content\/uploads\/2025\/02\/679fc6971d2a7-768x512.jpg 768w, https:\/\/kudocook.com\/wp-content\/uploads\/2025\/02\/679fc6971d2a7.jpg 900w\" sizes=\"(max-width: 270px) 100vw, 270px\" \/><div class=\"recipe-title\">Parmentier aux Oeufs Excellent utilisant un Thermomix<\/div><\/a><\/div><div class=\"recipe-card\"><a href=\"https:\/\/kudocook.com\/fr\/recipe\/compote-de-poires-utilisant-un-thermomix\/\"><img loading=\"lazy\" decoding=\"async\" width=\"270\" height=\"180\" src=\"https:\/\/kudocook.com\/wp-content\/uploads\/2024\/09\/628b9491f1feb-300x200.jpg\" class=\"recipe-thumbnail wp-post-image\" alt=\"\" srcset=\"https:\/\/kudocook.com\/wp-content\/uploads\/2024\/09\/628b9491f1feb-300x200.jpg 300w, https:\/\/kudocook.com\/wp-content\/uploads\/2024\/09\/628b9491f1feb-768x512.jpg 768w, https:\/\/kudocook.com\/wp-content\/uploads\/2024\/09\/628b9491f1feb-600x400.jpg 600w, https:\/\/kudocook.com\/wp-content\/uploads\/2024\/09\/628b9491f1feb.jpg 900w\" sizes=\"(max-width: 270px) 100vw, 270px\" \/><div class=\"recipe-title\">Parfait de compote de poires utilisant un Thermomix<\/div><\/a><\/div><\/div><\/div><\/div>\n\t\t\t\t\t\t<\/div>\n\t\t\t\t<\/div>\n\t\t\t\t\t<\/div>\n\t\t\t\t<\/div>\n\t\t\t\t<\/div>\n\t\t","protected":false},"excerpt":{"rendered":"Ah, la humble poire ! Souvent \u00e9clips\u00e9e par ses cousines plus flashy comme les pommes et les baies, la poire m\u00e9rite son moment sous les projecteurs, surtout lorsqu'elle se transforme en une d\u00e9licieuse compote. Cette recette vous emm\u00e8ne dans un...","protected":false},"author":1,"featured_media":0,"parent":0,"menu_order":0,"comment_status":"closed","ping_status":"closed","template":"","meta":{"_acf_changed":false,"footnotes":""},"class_list":["post-1139819","page","type-page","status-publish","hentry"],"acf":[],"yoast_head":"<!-- This site is optimized with the Yoast SEO plugin v27.4 - https:\/\/yoast.com\/product\/yoast-seo-wordpress\/ -->\n<title>S\u00e9lectionnez les recettes par profil - KudoCook<\/title>\n<meta name=\"robots\" content=\"index, follow, max-snippet:-1, max-image-preview:large, max-video-preview:-1\" \/>\n<link rel=\"canonical\" href=\"https:\/\/kudocook.com\/fr\/selectionnez-les-recettes-par-profil\/\" \/>\n<meta property=\"og:locale\" content=\"fr_FR\" \/>\n<meta property=\"og:type\" content=\"article\" \/>\n<meta property=\"og:title\" content=\"S\u00e9lectionnez les recettes par profil - KudoCook\" \/>\n<meta property=\"og:url\" content=\"https:\/\/kudocook.com\/fr\/selectionnez-les-recettes-par-profil\/\" \/>\n<meta property=\"og:site_name\" content=\"KudoCook\" \/>\n<meta property=\"article:publisher\" content=\"https:\/\/www.facebook.com\/kudocook\" \/>\n<meta property=\"article:modified_time\" content=\"2025-03-15T12:27:28+00:00\" \/>\n<meta name=\"twitter:card\" content=\"summary_large_image\" \/>\n<meta name=\"twitter:site\" content=\"@kudocook\" \/>\n<meta name=\"twitter:label1\" content=\"Dur\u00e9e de lecture estim\u00e9e\" \/>\n\t<meta name=\"twitter:data1\" content=\"1 minute\" \/>\n<script type=\"application\/ld+json\" class=\"yoast-schema-graph\">{\"@context\":\"https:\\\/\\\/schema.org\",\"@graph\":[{\"@type\":\"WebPage\",\"@id\":\"https:\\\/\\\/kudocook.com\\\/fr\\\/selectionnez-les-recettes-par-profil\\\/\",\"url\":\"https:\\\/\\\/kudocook.com\\\/fr\\\/selectionnez-les-recettes-par-profil\\\/\",\"name\":\"S\u00e9lectionnez les recettes par profil - KudoCook\",\"isPartOf\":{\"@id\":\"https:\\\/\\\/kudocook.com\\\/fr\\\/#website\"},\"datePublished\":\"2025-03-15T12:11:06+00:00\",\"dateModified\":\"2025-03-15T12:27:28+00:00\",\"breadcrumb\":{\"@id\":\"https:\\\/\\\/kudocook.com\\\/fr\\\/selectionnez-les-recettes-par-profil\\\/#breadcrumb\"},\"inLanguage\":\"fr-FR\",\"potentialAction\":[{\"@type\":\"ReadAction\",\"target\":[\"https:\\\/\\\/kudocook.com\\\/fr\\\/selectionnez-les-recettes-par-profil\\\/\"]}]},{\"@type\":\"BreadcrumbList\",\"@id\":\"https:\\\/\\\/kudocook.com\\\/fr\\\/selectionnez-les-recettes-par-profil\\\/#breadcrumb\",\"itemListElement\":[{\"@type\":\"ListItem\",\"position\":1,\"name\":\"Accueil\",\"item\":\"https:\\\/\\\/kudocook.com\\\/fr\\\/\"},{\"@type\":\"ListItem\",\"position\":2,\"name\":\"S\u00e9lectionnez les recettes par profil\"}]},{\"@type\":\"WebSite\",\"@id\":\"https:\\\/\\\/kudocook.com\\\/fr\\\/#website\",\"url\":\"https:\\\/\\\/kudocook.com\\\/fr\\\/\",\"name\":\"KudoCook\",\"description\":\"Conquer a world of culinary possibilities!\",\"publisher\":{\"@id\":\"https:\\\/\\\/kudocook.com\\\/fr\\\/#organization\"},\"potentialAction\":[{\"@type\":\"SearchAction\",\"target\":{\"@type\":\"EntryPoint\",\"urlTemplate\":\"https:\\\/\\\/kudocook.com\\\/fr\\\/?s={search_term_string}\"},\"query-input\":{\"@type\":\"PropertyValueSpecification\",\"valueRequired\":true,\"valueName\":\"search_term_string\"}}],\"inLanguage\":\"fr-FR\"},{\"@type\":\"Organization\",\"@id\":\"https:\\\/\\\/kudocook.com\\\/fr\\\/#organization\",\"name\":\"KudoCook\",\"url\":\"https:\\\/\\\/kudocook.com\\\/fr\\\/\",\"logo\":{\"@type\":\"ImageObject\",\"inLanguage\":\"fr-FR\",\"@id\":\"https:\\\/\\\/kudocook.com\\\/fr\\\/#\\\/schema\\\/logo\\\/image\\\/\",\"url\":\"https:\\\/\\\/kudocook.com\\\/wp-content\\\/uploads\\\/2024\\\/11\\\/playstore.png\",\"contentUrl\":\"https:\\\/\\\/kudocook.com\\\/wp-content\\\/uploads\\\/2024\\\/11\\\/playstore.png\",\"width\":512,\"height\":512,\"caption\":\"KudoCook\"},\"image\":{\"@id\":\"https:\\\/\\\/kudocook.com\\\/fr\\\/#\\\/schema\\\/logo\\\/image\\\/\"},\"sameAs\":[\"https:\\\/\\\/www.facebook.com\\\/kudocook\",\"https:\\\/\\\/x.com\\\/kudocook\",\"https:\\\/\\\/www.instagram.com\\\/kudocook\",\"https:\\\/\\\/www.youtube.com\\\/channel\\\/UCIHQma3NSZUyloPZowJSBZQ\",\"https:\\\/\\\/pinterest.com\\\/kudocook\"]}]}<\/script>\n<!-- \/ Yoast SEO plugin. -->","yoast_head_json":{"title":"S\u00e9lectionnez les recettes par profil - KudoCook","robots":{"index":"index","follow":"follow","max-snippet":"max-snippet:-1","max-image-preview":"max-image-preview:large","max-video-preview":"max-video-preview:-1"},"canonical":"https:\/\/kudocook.com\/fr\/selectionnez-les-recettes-par-profil\/","og_locale":"fr_FR","og_type":"article","og_title":"S\u00e9lectionnez les recettes par profil - KudoCook","og_url":"https:\/\/kudocook.com\/fr\/selectionnez-les-recettes-par-profil\/","og_site_name":"KudoCook","article_publisher":"https:\/\/www.facebook.com\/kudocook","article_modified_time":"2025-03-15T12:27:28+00:00","twitter_card":"summary_large_image","twitter_site":"@kudocook","twitter_misc":{"Dur\u00e9e de lecture estim\u00e9e":"1 minute"},"schema":{"@context":"https:\/\/schema.org","@graph":[{"@type":"WebPage","@id":"https:\/\/kudocook.com\/fr\/selectionnez-les-recettes-par-profil\/","url":"https:\/\/kudocook.com\/fr\/selectionnez-les-recettes-par-profil\/","name":"S\u00e9lectionnez les recettes par profil - KudoCook","isPartOf":{"@id":"https:\/\/kudocook.com\/fr\/#website"},"datePublished":"2025-03-15T12:11:06+00:00","dateModified":"2025-03-15T12:27:28+00:00","breadcrumb":{"@id":"https:\/\/kudocook.com\/fr\/selectionnez-les-recettes-par-profil\/#breadcrumb"},"inLanguage":"fr-FR","potentialAction":[{"@type":"ReadAction","target":["https:\/\/kudocook.com\/fr\/selectionnez-les-recettes-par-profil\/"]}]},{"@type":"BreadcrumbList","@id":"https:\/\/kudocook.com\/fr\/selectionnez-les-recettes-par-profil\/#breadcrumb","itemListElement":[{"@type":"ListItem","position":1,"name":"Accueil","item":"https:\/\/kudocook.com\/fr\/"},{"@type":"ListItem","position":2,"name":"S\u00e9lectionnez les recettes par profil"}]},{"@type":"WebSite","@id":"https:\/\/kudocook.com\/fr\/#website","url":"https:\/\/kudocook.com\/fr\/","name":"KudoCook","description":"Conquer a world of culinary possibilities!","publisher":{"@id":"https:\/\/kudocook.com\/fr\/#organization"},"potentialAction":[{"@type":"SearchAction","target":{"@type":"EntryPoint","urlTemplate":"https:\/\/kudocook.com\/fr\/?s={search_term_string}"},"query-input":{"@type":"PropertyValueSpecification","valueRequired":true,"valueName":"search_term_string"}}],"inLanguage":"fr-FR"},{"@type":"Organization","@id":"https:\/\/kudocook.com\/fr\/#organization","name":"KudoCook","url":"https:\/\/kudocook.com\/fr\/","logo":{"@type":"ImageObject","inLanguage":"fr-FR","@id":"https:\/\/kudocook.com\/fr\/#\/schema\/logo\/image\/","url":"https:\/\/kudocook.com\/wp-content\/uploads\/2024\/11\/playstore.png","contentUrl":"https:\/\/kudocook.com\/wp-content\/uploads\/2024\/11\/playstore.png","width":512,"height":512,"caption":"KudoCook"},"image":{"@id":"https:\/\/kudocook.com\/fr\/#\/schema\/logo\/image\/"},"sameAs":["https:\/\/www.facebook.com\/kudocook","https:\/\/x.com\/kudocook","https:\/\/www.instagram.com\/kudocook","https:\/\/www.youtube.com\/channel\/UCIHQma3NSZUyloPZowJSBZQ","https:\/\/pinterest.com\/kudocook"]}]}},"jetpack_sharing_enabled":true,"_links":{"self":[{"href":"https:\/\/kudocook.com\/fr\/wp-json\/wp\/v2\/pages\/1139819","targetHints":{"allow":["GET"]}}],"collection":[{"href":"https:\/\/kudocook.com\/fr\/wp-json\/wp\/v2\/pages"}],"about":[{"href":"https:\/\/kudocook.com\/fr\/wp-json\/wp\/v2\/types\/page"}],"author":[{"embeddable":true,"href":"https:\/\/kudocook.com\/fr\/wp-json\/wp\/v2\/users\/1"}],"replies":[{"embeddable":true,"href":"https:\/\/kudocook.com\/fr\/wp-json\/wp\/v2\/comments?post=1139819"}],"version-history":[{"count":9,"href":"https:\/\/kudocook.com\/fr\/wp-json\/wp\/v2\/pages\/1139819\/revisions"}],"predecessor-version":[{"id":1139861,"href":"https:\/\/kudocook.com\/fr\/wp-json\/wp\/v2\/pages\/1139819\/revisions\/1139861"}],"wp:attachment":[{"href":"https:\/\/kudocook.com\/fr\/wp-json\/wp\/v2\/media?parent=1139819"}],"curies":[{"name":"wp","href":"https:\/\/api.w.org\/{rel}","templated":true}]}}