{"id":1139863,"date":"2025-03-15T12:29:00","date_gmt":"2025-03-15T12:29:00","guid":{"rendered":"https:\/\/kudocook.com\/?page_id=1139863"},"modified":"2025-03-15T12:30:39","modified_gmt":"2025-03-15T12:30:39","slug":"selectionnez-les-recettes-par-saison","status":"publish","type":"page","link":"https:\/\/kudocook.com\/fr\/selectionnez-les-recettes-par-saison\/","title":{"rendered":"S\u00e9lectionnez les recettes par saison"},"content":{"rendered":"\t\t<div data-elementor-type=\"wp-page\" data-elementor-id=\"1139863\" class=\"elementor elementor-1139863\" data-elementor-post-type=\"page\">\n\t\t\t\t<div class=\"elementor-element elementor-element-234957b e-flex e-con-boxed e-con e-parent\" data-id=\"234957b\" data-element_type=\"container\" data-e-type=\"container\" data-settings=\"{&quot;pix_scale_in&quot;:&quot;none&quot;}\">\n\t\t\t\t\t<div class=\"e-con-inner\">\n\t\t\t\t<div class=\"elementor-element elementor-element-81c8e4c elementor-widget elementor-widget-shortcode\" data-id=\"81c8e4c\" data-element_type=\"widget\" data-e-type=\"widget\" data-widget_type=\"shortcode.default\">\n\t\t\t\t<div class=\"elementor-widget-container\">\n\t\t\t\t\t\t\t<div class=\"elementor-shortcode\"><div class=\"taxonomy-buttons\"><a class='elementor-button btn-lg btn-primary pix-m-10' href='https:\/\/kudocook.com\/fr\/recettes\/?_recipe_season=thanksgiving-fr&#038;_compatible_robots=thermomix-fr'>Action de gr\u00e2ce<\/a><a class='elementor-button btn-lg btn-primary pix-m-10' href='https:\/\/kudocook.com\/fr\/recettes\/?_recipe_season=aid-fr&#038;_compatible_robots=thermomix-fr'>A\u00efd<\/a><a class='elementor-button btn-lg btn-primary pix-m-10' href='https:\/\/kudocook.com\/fr\/recettes\/?_recipe_season=automne-fr&#038;_compatible_robots=thermomix-fr'>Automne<\/a><a class='elementor-button btn-lg btn-primary pix-m-10' href='https:\/\/kudocook.com\/fr\/recettes\/?_recipe_season=summer-bbq-fr&#038;_compatible_robots=thermomix-fr'>Barbecue d&#039;\u00e9t\u00e9<\/a><a class='elementor-button btn-lg btn-primary pix-m-10' href='https:\/\/kudocook.com\/fr\/recettes\/?_recipe_season=winter-comfort-fr&#038;_compatible_robots=thermomix-fr'>Confort d&#039;hiver<\/a><a class='elementor-button btn-lg btn-primary pix-m-10' href='https:\/\/kudocook.com\/fr\/recettes\/?_recipe_season=epiphany-fr&#038;_compatible_robots=thermomix-fr'>\u00c9piphanie<\/a><a class='elementor-button btn-lg btn-primary pix-m-10' href='https:\/\/kudocook.com\/fr\/recettes\/?_recipe_season=autumn-equinox-fr&#038;_compatible_robots=thermomix-fr'>\u00e9quinoxe d&#039;automne<\/a><a class='elementor-button btn-lg btn-primary pix-m-10' href='https:\/\/kudocook.com\/fr\/recettes\/?_recipe_season=spring-equinox-fr&#038;_compatible_robots=thermomix-fr'>\u00e9quinoxe de printemps<\/a><a class='elementor-button btn-lg btn-primary pix-m-10' href='https:\/\/kudocook.com\/fr\/recettes\/?_recipe_season=ete-fr&#038;_compatible_robots=thermomix-fr'>\u00c9t\u00e9<\/a><a class='elementor-button btn-lg btn-primary pix-m-10' href='https:\/\/kudocook.com\/fr\/recettes\/?_recipe_season=fete-des-meres-fr&#038;_compatible_robots=thermomix-fr'>F\u00eate des m\u00e8res<\/a><a class='elementor-button btn-lg btn-primary pix-m-10' href='https:\/\/kudocook.com\/fr\/recettes\/?_recipe_season=halloween-fr&#038;_compatible_robots=thermomix-fr'>Halloween<\/a><a class='elementor-button btn-lg btn-primary pix-m-10' href='https:\/\/kudocook.com\/fr\/recettes\/?_recipe_season=hiver-fr&#038;_compatible_robots=thermomix-fr'>Hiver<\/a><a class='elementor-button btn-lg btn-primary pix-m-10' href='https:\/\/kudocook.com\/fr\/recettes\/?_recipe_season=valentine-s-day-fr&#038;_compatible_robots=thermomix-fr'>La Saint-Valentin<\/a><a class='elementor-button btn-lg btn-primary pix-m-10' href='https:\/\/kudocook.com\/fr\/recettes\/?_recipe_season=noel-fr&#038;_compatible_robots=thermomix-fr'>No\u00ebl<\/a><a class='elementor-button btn-lg btn-primary pix-m-10' href='https:\/\/kudocook.com\/fr\/recettes\/?_recipe_season=new-year-fr&#038;_compatible_robots=thermomix-fr'>Nouvel an<\/a><a class='elementor-button btn-lg btn-primary pix-m-10' href='https:\/\/kudocook.com\/fr\/recettes\/?_recipe_season=paques-fr&#038;_compatible_robots=thermomix-fr'>P\u00e2ques<\/a><a class='elementor-button btn-lg btn-primary pix-m-10' href='https:\/\/kudocook.com\/fr\/recettes\/?_recipe_season=easter-fr&#038;_compatible_robots=thermomix-fr'>P\u00e2ques<\/a><a class='elementor-button btn-lg btn-primary pix-m-10' href='https:\/\/kudocook.com\/fr\/recettes\/?_recipe_season=spring-picnic-fr&#038;_compatible_robots=thermomix-fr'>Pique-nique de printemps<\/a><a class='elementor-button btn-lg btn-primary pix-m-10' href='https:\/\/kudocook.com\/fr\/recettes\/?_recipe_season=printemps-fr&#038;_compatible_robots=thermomix-fr'>Printemps<\/a><a class='elementor-button btn-lg btn-primary pix-m-10' href='https:\/\/kudocook.com\/fr\/recettes\/?_recipe_season=ramadan-fr&#038;_compatible_robots=thermomix-fr'>Ramadan<\/a><a class='elementor-button btn-lg btn-primary pix-m-10' href='https:\/\/kudocook.com\/fr\/recettes\/?_recipe_season=autumn-harvest-fr&#038;_compatible_robots=thermomix-fr'>R\u00e9colte d&#039;automne<\/a><a class='elementor-button btn-lg btn-primary pix-m-10' href='https:\/\/kudocook.com\/fr\/recettes\/?_recipe_season=summer-solstice-fr&#038;_compatible_robots=thermomix-fr'>Solstice d&#039;\u00e9t\u00e9<\/a><a class='elementor-button btn-lg btn-primary pix-m-10' href='https:\/\/kudocook.com\/fr\/recettes\/?_recipe_season=winter-solstice-fr&#038;_compatible_robots=thermomix-fr'>Solstice d&#039;hiver<\/a><\/div><\/div>\n\t\t\t\t\t\t<\/div>\n\t\t\t\t<\/div>\n\t\t\t\t\t<\/div>\n\t\t\t\t<\/div>\n\t\t<div class=\"elementor-element elementor-element-430d05a e-flex e-con-boxed e-con e-parent\" data-id=\"430d05a\" data-element_type=\"container\" data-e-type=\"container\" data-settings=\"{&quot;pix_scale_in&quot;:&quot;none&quot;}\">\n\t\t\t\t\t<div class=\"e-con-inner\">\n\t\t\t\t<div class=\"elementor-element elementor-element-6152e36 elementor-widget elementor-widget-shortcode\" data-id=\"6152e36\" data-element_type=\"widget\" data-e-type=\"widget\" data-widget_type=\"shortcode.default\">\n\t\t\t\t<div class=\"elementor-widget-container\">\n\t\t\t\t\t\t\t<div class=\"elementor-shortcode\"><div class=\"custom-related-recipes\"><h3>Recettes \u00e0 d\u00e9couvrir<\/h3><div class=\"recipe-card-container\"><div class=\"recipe-card\"><a href=\"https:\/\/kudocook.com\/fr\/recipe\/endives-en-ponchon-utilisant-un-thermomix\/\"><img decoding=\"async\" width=\"270\" height=\"180\" src=\"https:\/\/kudocook.com\/wp-content\/uploads\/2024\/09\/627a437834886-300x200.jpg\" class=\"recipe-thumbnail wp-post-image\" alt=\"\" srcset=\"https:\/\/kudocook.com\/wp-content\/uploads\/2024\/09\/627a437834886-300x200.jpg 300w, https:\/\/kudocook.com\/wp-content\/uploads\/2024\/09\/627a437834886-768x512.jpg 768w, https:\/\/kudocook.com\/wp-content\/uploads\/2024\/09\/627a437834886-600x400.jpg 600w, https:\/\/kudocook.com\/wp-content\/uploads\/2024\/09\/627a437834886.jpg 900w\" sizes=\"(max-width: 270px) 100vw, 270px\" \/><div class=\"recipe-title\">Gratin d&rsquo;endives \u00e0 la b\u00e9chamel, chapelure et persil utilisant un Thermomix<\/div><\/a><\/div><div class=\"recipe-card\"><a href=\"https:\/\/kudocook.com\/fr\/recipe\/cordon-bleu-utilisant-un-thermomix\/\"><img decoding=\"async\" width=\"270\" height=\"180\" src=\"https:\/\/kudocook.com\/wp-content\/uploads\/2024\/09\/628b952e62c96-300x200.jpg\" class=\"recipe-thumbnail wp-post-image\" alt=\"\" srcset=\"https:\/\/kudocook.com\/wp-content\/uploads\/2024\/09\/628b952e62c96-300x200.jpg 300w, https:\/\/kudocook.com\/wp-content\/uploads\/2024\/09\/628b952e62c96-768x512.jpg 768w, https:\/\/kudocook.com\/wp-content\/uploads\/2024\/09\/628b952e62c96-600x400.jpg 600w, https:\/\/kudocook.com\/wp-content\/uploads\/2024\/09\/628b952e62c96.jpg 900w\" sizes=\"(max-width: 270px) 100vw, 270px\" \/><div class=\"recipe-title\">Cordon bleu utilisant un Thermomix<\/div><\/a><\/div><div class=\"recipe-card\"><a href=\"https:\/\/kudocook.com\/fr\/recipe\/clafoutis-aux-mures-sauvages-utilisant-un-thermomix\/\"><img decoding=\"async\" width=\"270\" height=\"180\" src=\"https:\/\/kudocook.com\/wp-content\/uploads\/2024\/09\/627cc9d7f1338-300x200.jpg\" class=\"recipe-thumbnail wp-post-image\" alt=\"\" srcset=\"https:\/\/kudocook.com\/wp-content\/uploads\/2024\/09\/627cc9d7f1338-300x200.jpg 300w, https:\/\/kudocook.com\/wp-content\/uploads\/2024\/09\/627cc9d7f1338-768x512.jpg 768w, https:\/\/kudocook.com\/wp-content\/uploads\/2024\/09\/627cc9d7f1338-600x400.jpg 600w, https:\/\/kudocook.com\/wp-content\/uploads\/2024\/09\/627cc9d7f1338.jpg 900w\" sizes=\"(max-width: 270px) 100vw, 270px\" \/><div class=\"recipe-title\">Clafoutis aux m\u00fbres utilisant un Thermomix<\/div><\/a><\/div><div class=\"recipe-card\"><a href=\"https:\/\/kudocook.com\/fr\/recipe\/caramel-mou-au-beurre-sale-utilisant-un-thermomix\/\"><img loading=\"lazy\" decoding=\"async\" width=\"270\" height=\"180\" src=\"https:\/\/kudocook.com\/wp-content\/uploads\/2024\/09\/6285417107c82-300x200.jpg\" class=\"recipe-thumbnail wp-post-image\" alt=\"\" srcset=\"https:\/\/kudocook.com\/wp-content\/uploads\/2024\/09\/6285417107c82-300x200.jpg 300w, https:\/\/kudocook.com\/wp-content\/uploads\/2024\/09\/6285417107c82-768x512.jpg 768w, https:\/\/kudocook.com\/wp-content\/uploads\/2024\/09\/6285417107c82-600x400.jpg 600w, https:\/\/kudocook.com\/wp-content\/uploads\/2024\/09\/6285417107c82.jpg 900w\" sizes=\"(max-width: 270px) 100vw, 270px\" \/><div class=\"recipe-title\">Caramels au beurre sal\u00e9 utilisant un Thermomix<\/div><\/a><\/div><div class=\"recipe-card\"><a href=\"https:\/\/kudocook.com\/fr\/recipe\/croquants-de-cordes-utilisant-un-thermomix\/\"><img loading=\"lazy\" decoding=\"async\" width=\"270\" height=\"180\" src=\"https:\/\/kudocook.com\/wp-content\/uploads\/2024\/09\/62947c8a73526-300x200.jpg\" class=\"recipe-thumbnail wp-post-image\" alt=\"\" srcset=\"https:\/\/kudocook.com\/wp-content\/uploads\/2024\/09\/62947c8a73526-300x200.jpg 300w, https:\/\/kudocook.com\/wp-content\/uploads\/2024\/09\/62947c8a73526-768x512.jpg 768w, https:\/\/kudocook.com\/wp-content\/uploads\/2024\/09\/62947c8a73526-600x400.jpg 600w, https:\/\/kudocook.com\/wp-content\/uploads\/2024\/09\/62947c8a73526.jpg 900w\" sizes=\"(max-width: 270px) 100vw, 270px\" \/><div class=\"recipe-title\">Croquants aux Amandes utilisant un Thermomix<\/div><\/a><\/div><div class=\"recipe-card\"><a href=\"https:\/\/kudocook.com\/fr\/recipe\/milk-shake-fraise-banane-utilisant-un-thermomix\/\"><img loading=\"lazy\" decoding=\"async\" width=\"270\" height=\"180\" src=\"https:\/\/kudocook.com\/wp-content\/uploads\/2024\/09\/6278fa49cf062-300x200.jpg\" class=\"recipe-thumbnail wp-post-image\" alt=\"\" srcset=\"https:\/\/kudocook.com\/wp-content\/uploads\/2024\/09\/6278fa49cf062-300x200.jpg 300w, https:\/\/kudocook.com\/wp-content\/uploads\/2024\/09\/6278fa49cf062-768x512.jpg 768w, https:\/\/kudocook.com\/wp-content\/uploads\/2024\/09\/6278fa49cf062-600x400.jpg 600w, https:\/\/kudocook.com\/wp-content\/uploads\/2024\/09\/6278fa49cf062.jpg 900w\" sizes=\"(max-width: 270px) 100vw, 270px\" \/><div class=\"recipe-title\">Milk-shake aux fruits rouges utilisant un Thermomix<\/div><\/a><\/div><div class=\"recipe-card\"><a href=\"https:\/\/kudocook.com\/fr\/recipe\/haricots-baked-au-sirop-derable-utilisant-un-thermomix\/\"><img loading=\"lazy\" decoding=\"async\" width=\"270\" height=\"180\" src=\"https:\/\/kudocook.com\/wp-content\/uploads\/2025\/03\/67da831144ebd-300x200.jpg\" class=\"recipe-thumbnail wp-post-image\" alt=\"\" srcset=\"https:\/\/kudocook.com\/wp-content\/uploads\/2025\/03\/67da831144ebd-300x200.jpg 300w, https:\/\/kudocook.com\/wp-content\/uploads\/2025\/03\/67da831144ebd-768x512.jpg 768w, https:\/\/kudocook.com\/wp-content\/uploads\/2025\/03\/67da831144ebd.jpg 900w\" sizes=\"(max-width: 270px) 100vw, 270px\" \/><div class=\"recipe-title\">Haricots Baked au Sirop d&rsquo;\u00c9rable utilisant un Thermomix<\/div><\/a><\/div><div class=\"recipe-card\"><a href=\"https:\/\/kudocook.com\/fr\/recipe\/reese-utilisant-un-thermomix\/\"><img loading=\"lazy\" decoding=\"async\" width=\"270\" height=\"180\" src=\"https:\/\/kudocook.com\/wp-content\/uploads\/2024\/09\/62b8594f2fc1b-300x200.jpg\" class=\"recipe-thumbnail wp-post-image\" alt=\"\" srcset=\"https:\/\/kudocook.com\/wp-content\/uploads\/2024\/09\/62b8594f2fc1b-300x200.jpg 300w, https:\/\/kudocook.com\/wp-content\/uploads\/2024\/09\/62b8594f2fc1b-768x512.jpg 768w, https:\/\/kudocook.com\/wp-content\/uploads\/2024\/09\/62b8594f2fc1b-600x400.jpg 600w, https:\/\/kudocook.com\/wp-content\/uploads\/2024\/09\/62b8594f2fc1b.jpg 900w\" sizes=\"(max-width: 270px) 100vw, 270px\" \/><div class=\"recipe-title\">Bouch\u00e9es Chocolat Beurre de Cacahu\u00e8te utilisant un Thermomix<\/div><\/a><\/div><div class=\"recipe-card\"><a href=\"https:\/\/kudocook.com\/fr\/recipe\/salade-de-poulet-au-pesto-rosso-utilisant-un-thermomix\/\"><img loading=\"lazy\" decoding=\"async\" width=\"270\" height=\"180\" src=\"https:\/\/kudocook.com\/wp-content\/uploads\/2025\/02\/67a9eee39f0a2-300x200.jpg\" class=\"recipe-thumbnail wp-post-image\" alt=\"\" srcset=\"https:\/\/kudocook.com\/wp-content\/uploads\/2025\/02\/67a9eee39f0a2-300x200.jpg 300w, https:\/\/kudocook.com\/wp-content\/uploads\/2025\/02\/67a9eee39f0a2-768x512.jpg 768w, https:\/\/kudocook.com\/wp-content\/uploads\/2025\/02\/67a9eee39f0a2.jpg 900w\" sizes=\"(max-width: 270px) 100vw, 270px\" \/><div class=\"recipe-title\">Salade au pesto de poulet utilisant un Thermomix<\/div><\/a><\/div><\/div><\/div><\/div>\n\t\t\t\t\t\t<\/div>\n\t\t\t\t<\/div>\n\t\t\t\t\t<\/div>\n\t\t\t\t<\/div>\n\t\t\t\t<\/div>\n\t\t","protected":false},"excerpt":{"rendered":"Offrez-vous un d\u00e9licieux voyage culinaire avec cette salade de poulet au pesto rosso, o\u00f9 des escalopes de poulet tendres et un yaourt grec cr\u00e9meux dansent ensemble dans une \u00e9treinte vibrante de pesto rouge. Originaire des collines ensoleill\u00e9es d'Italie, le pesto...","protected":false},"author":1,"featured_media":0,"parent":0,"menu_order":0,"comment_status":"closed","ping_status":"closed","template":"","meta":{"_acf_changed":false,"footnotes":""},"class_list":["post-1139863","page","type-page","status-publish","hentry"],"acf":[],"yoast_head":"<!-- This site is optimized with the Yoast SEO plugin v27.4 - https:\/\/yoast.com\/product\/yoast-seo-wordpress\/ -->\n<title>S\u00e9lectionnez les recettes par saison - KudoCook<\/title>\n<meta name=\"robots\" content=\"index, follow, max-snippet:-1, max-image-preview:large, max-video-preview:-1\" \/>\n<link rel=\"canonical\" href=\"https:\/\/kudocook.com\/fr\/selectionnez-les-recettes-par-saison\/\" \/>\n<meta property=\"og:locale\" content=\"fr_FR\" \/>\n<meta property=\"og:type\" content=\"article\" \/>\n<meta property=\"og:title\" content=\"S\u00e9lectionnez les recettes par saison - KudoCook\" \/>\n<meta property=\"og:url\" content=\"https:\/\/kudocook.com\/fr\/selectionnez-les-recettes-par-saison\/\" \/>\n<meta property=\"og:site_name\" content=\"KudoCook\" \/>\n<meta property=\"article:publisher\" content=\"https:\/\/www.facebook.com\/kudocook\" \/>\n<meta property=\"article:modified_time\" content=\"2025-03-15T12:30:39+00:00\" \/>\n<meta name=\"twitter:card\" content=\"summary_large_image\" \/>\n<meta name=\"twitter:site\" content=\"@kudocook\" \/>\n<meta name=\"twitter:label1\" content=\"Dur\u00e9e de lecture estim\u00e9e\" \/>\n\t<meta name=\"twitter:data1\" content=\"1 minute\" \/>\n<script type=\"application\/ld+json\" class=\"yoast-schema-graph\">{\"@context\":\"https:\\\/\\\/schema.org\",\"@graph\":[{\"@type\":\"WebPage\",\"@id\":\"https:\\\/\\\/kudocook.com\\\/fr\\\/selectionnez-les-recettes-par-saison\\\/\",\"url\":\"https:\\\/\\\/kudocook.com\\\/fr\\\/selectionnez-les-recettes-par-saison\\\/\",\"name\":\"S\u00e9lectionnez les recettes par saison - KudoCook\",\"isPartOf\":{\"@id\":\"https:\\\/\\\/kudocook.com\\\/fr\\\/#website\"},\"datePublished\":\"2025-03-15T12:29:00+00:00\",\"dateModified\":\"2025-03-15T12:30:39+00:00\",\"breadcrumb\":{\"@id\":\"https:\\\/\\\/kudocook.com\\\/fr\\\/selectionnez-les-recettes-par-saison\\\/#breadcrumb\"},\"inLanguage\":\"fr-FR\",\"potentialAction\":[{\"@type\":\"ReadAction\",\"target\":[\"https:\\\/\\\/kudocook.com\\\/fr\\\/selectionnez-les-recettes-par-saison\\\/\"]}]},{\"@type\":\"BreadcrumbList\",\"@id\":\"https:\\\/\\\/kudocook.com\\\/fr\\\/selectionnez-les-recettes-par-saison\\\/#breadcrumb\",\"itemListElement\":[{\"@type\":\"ListItem\",\"position\":1,\"name\":\"Accueil\",\"item\":\"https:\\\/\\\/kudocook.com\\\/fr\\\/\"},{\"@type\":\"ListItem\",\"position\":2,\"name\":\"S\u00e9lectionnez les recettes par saison\"}]},{\"@type\":\"WebSite\",\"@id\":\"https:\\\/\\\/kudocook.com\\\/fr\\\/#website\",\"url\":\"https:\\\/\\\/kudocook.com\\\/fr\\\/\",\"name\":\"KudoCook\",\"description\":\"Conquer a world of culinary possibilities!\",\"publisher\":{\"@id\":\"https:\\\/\\\/kudocook.com\\\/fr\\\/#organization\"},\"potentialAction\":[{\"@type\":\"SearchAction\",\"target\":{\"@type\":\"EntryPoint\",\"urlTemplate\":\"https:\\\/\\\/kudocook.com\\\/fr\\\/?s={search_term_string}\"},\"query-input\":{\"@type\":\"PropertyValueSpecification\",\"valueRequired\":true,\"valueName\":\"search_term_string\"}}],\"inLanguage\":\"fr-FR\"},{\"@type\":\"Organization\",\"@id\":\"https:\\\/\\\/kudocook.com\\\/fr\\\/#organization\",\"name\":\"KudoCook\",\"url\":\"https:\\\/\\\/kudocook.com\\\/fr\\\/\",\"logo\":{\"@type\":\"ImageObject\",\"inLanguage\":\"fr-FR\",\"@id\":\"https:\\\/\\\/kudocook.com\\\/fr\\\/#\\\/schema\\\/logo\\\/image\\\/\",\"url\":\"https:\\\/\\\/kudocook.com\\\/wp-content\\\/uploads\\\/2024\\\/11\\\/playstore.png\",\"contentUrl\":\"https:\\\/\\\/kudocook.com\\\/wp-content\\\/uploads\\\/2024\\\/11\\\/playstore.png\",\"width\":512,\"height\":512,\"caption\":\"KudoCook\"},\"image\":{\"@id\":\"https:\\\/\\\/kudocook.com\\\/fr\\\/#\\\/schema\\\/logo\\\/image\\\/\"},\"sameAs\":[\"https:\\\/\\\/www.facebook.com\\\/kudocook\",\"https:\\\/\\\/x.com\\\/kudocook\",\"https:\\\/\\\/www.instagram.com\\\/kudocook\",\"https:\\\/\\\/www.youtube.com\\\/channel\\\/UCIHQma3NSZUyloPZowJSBZQ\",\"https:\\\/\\\/pinterest.com\\\/kudocook\"]}]}<\/script>\n<!-- \/ Yoast SEO plugin. -->","yoast_head_json":{"title":"S\u00e9lectionnez les recettes par saison - KudoCook","robots":{"index":"index","follow":"follow","max-snippet":"max-snippet:-1","max-image-preview":"max-image-preview:large","max-video-preview":"max-video-preview:-1"},"canonical":"https:\/\/kudocook.com\/fr\/selectionnez-les-recettes-par-saison\/","og_locale":"fr_FR","og_type":"article","og_title":"S\u00e9lectionnez les recettes par saison - KudoCook","og_url":"https:\/\/kudocook.com\/fr\/selectionnez-les-recettes-par-saison\/","og_site_name":"KudoCook","article_publisher":"https:\/\/www.facebook.com\/kudocook","article_modified_time":"2025-03-15T12:30:39+00:00","twitter_card":"summary_large_image","twitter_site":"@kudocook","twitter_misc":{"Dur\u00e9e de lecture estim\u00e9e":"1 minute"},"schema":{"@context":"https:\/\/schema.org","@graph":[{"@type":"WebPage","@id":"https:\/\/kudocook.com\/fr\/selectionnez-les-recettes-par-saison\/","url":"https:\/\/kudocook.com\/fr\/selectionnez-les-recettes-par-saison\/","name":"S\u00e9lectionnez les recettes par saison - KudoCook","isPartOf":{"@id":"https:\/\/kudocook.com\/fr\/#website"},"datePublished":"2025-03-15T12:29:00+00:00","dateModified":"2025-03-15T12:30:39+00:00","breadcrumb":{"@id":"https:\/\/kudocook.com\/fr\/selectionnez-les-recettes-par-saison\/#breadcrumb"},"inLanguage":"fr-FR","potentialAction":[{"@type":"ReadAction","target":["https:\/\/kudocook.com\/fr\/selectionnez-les-recettes-par-saison\/"]}]},{"@type":"BreadcrumbList","@id":"https:\/\/kudocook.com\/fr\/selectionnez-les-recettes-par-saison\/#breadcrumb","itemListElement":[{"@type":"ListItem","position":1,"name":"Accueil","item":"https:\/\/kudocook.com\/fr\/"},{"@type":"ListItem","position":2,"name":"S\u00e9lectionnez les recettes par saison"}]},{"@type":"WebSite","@id":"https:\/\/kudocook.com\/fr\/#website","url":"https:\/\/kudocook.com\/fr\/","name":"KudoCook","description":"Conquer a world of culinary possibilities!","publisher":{"@id":"https:\/\/kudocook.com\/fr\/#organization"},"potentialAction":[{"@type":"SearchAction","target":{"@type":"EntryPoint","urlTemplate":"https:\/\/kudocook.com\/fr\/?s={search_term_string}"},"query-input":{"@type":"PropertyValueSpecification","valueRequired":true,"valueName":"search_term_string"}}],"inLanguage":"fr-FR"},{"@type":"Organization","@id":"https:\/\/kudocook.com\/fr\/#organization","name":"KudoCook","url":"https:\/\/kudocook.com\/fr\/","logo":{"@type":"ImageObject","inLanguage":"fr-FR","@id":"https:\/\/kudocook.com\/fr\/#\/schema\/logo\/image\/","url":"https:\/\/kudocook.com\/wp-content\/uploads\/2024\/11\/playstore.png","contentUrl":"https:\/\/kudocook.com\/wp-content\/uploads\/2024\/11\/playstore.png","width":512,"height":512,"caption":"KudoCook"},"image":{"@id":"https:\/\/kudocook.com\/fr\/#\/schema\/logo\/image\/"},"sameAs":["https:\/\/www.facebook.com\/kudocook","https:\/\/x.com\/kudocook","https:\/\/www.instagram.com\/kudocook","https:\/\/www.youtube.com\/channel\/UCIHQma3NSZUyloPZowJSBZQ","https:\/\/pinterest.com\/kudocook"]}]}},"jetpack_sharing_enabled":true,"_links":{"self":[{"href":"https:\/\/kudocook.com\/fr\/wp-json\/wp\/v2\/pages\/1139863","targetHints":{"allow":["GET"]}}],"collection":[{"href":"https:\/\/kudocook.com\/fr\/wp-json\/wp\/v2\/pages"}],"about":[{"href":"https:\/\/kudocook.com\/fr\/wp-json\/wp\/v2\/types\/page"}],"author":[{"embeddable":true,"href":"https:\/\/kudocook.com\/fr\/wp-json\/wp\/v2\/users\/1"}],"replies":[{"embeddable":true,"href":"https:\/\/kudocook.com\/fr\/wp-json\/wp\/v2\/comments?post=1139863"}],"version-history":[{"count":14,"href":"https:\/\/kudocook.com\/fr\/wp-json\/wp\/v2\/pages\/1139863\/revisions"}],"predecessor-version":[{"id":1139877,"href":"https:\/\/kudocook.com\/fr\/wp-json\/wp\/v2\/pages\/1139863\/revisions\/1139877"}],"wp:attachment":[{"href":"https:\/\/kudocook.com\/fr\/wp-json\/wp\/v2\/media?parent=1139863"}],"curies":[{"name":"wp","href":"https:\/\/api.w.org\/{rel}","templated":true}]}}