{"id":13905,"date":"2022-04-26T13:28:32","date_gmt":"2022-04-26T13:28:32","guid":{"rendered":"https:\/\/kudocook.com\/a-propos-de-kudocook\/"},"modified":"2024-03-12T10:05:54","modified_gmt":"2024-03-12T10:05:54","slug":"a-propos-de-kudocook","status":"publish","type":"page","link":"https:\/\/kudocook.com\/fr\/a-propos-de-kudocook\/","title":{"rendered":"\u00c0 propos de KudoCook"},"content":{"rendered":"\n<p class=\"has-medium-font-size\"><strong>Bienvenue chez KudoCook !<\/strong><\/p>\n\n<p class=\"has-medium-font-size\">Notre entreprise a d\u00e9marr\u00e9 lorsque nous cherchions un moyen facile de pr\u00e9parer des repas faits maison le plus souvent possibles. Nous voulions cuisiner avec un robot de cuisine, mais son utilisation \u00e9tait intimidante et nous avions besoin de conseils et d&rsquo;assistance.<\/p>\n\n<p class=\"has-medium-font-size\">Depuis lors, nous nous sommes consacr\u00e9s \u00e0 aider les personnes f\u00e9rues de technologie \u00e0 tirer le meilleur parti de leur robot de cuisine. Nous voulons que vous soyez plus efficace et que vous puissiez mieux explorer de nouvelles options culinaires. Nous savons que le processus entre le moment o\u00f9 l&rsquo;on d\u00e9cide de cuisiner et celui o\u00f9 l&rsquo;on met le plat dans l&rsquo;assiette peut \u00eatre long et sem\u00e9 d&rsquo;obstacles &#8211; et parfois, cela signifie que l&rsquo;on d\u00e9cide de ne rien faire du tout.<\/p>\n\n<p class=\"has-medium-font-size\">C&rsquo;est pourquoi KudoCook est l\u00e0 : pour vous aider \u00e0 aller jusqu&rsquo;au bout de ce processus, \u00e0 l&rsquo;appr\u00e9cier et \u00e0 \u00eatre heureux de votre choix.<\/p>\n\n<p class=\"has-medium-font-size\">Apr\u00e8s avoir utilis\u00e9 KudoCook, vous ne pourrez plus jamais revenir en arri\u00e8re !<\/p>\n\n<p><\/p>\n\n<p><\/p>\n\n<p><\/p>\n","protected":false},"excerpt":{"rendered":"Bienvenue chez KudoCook ! Notre entreprise a d\u00e9marr\u00e9 lorsque nous cherchions un moyen facile de pr\u00e9parer des repas faits maison le plus souvent possibles. Nous voulions cuisiner avec un robot de cuisine, mais son utilisation \u00e9tait intimidante et nous avions&#8230;","protected":false},"author":1,"featured_media":0,"parent":0,"menu_order":0,"comment_status":"closed","ping_status":"closed","template":"","meta":{"_acf_changed":false,"footnotes":""},"class_list":["post-13905","page","type-page","status-publish","hentry"],"acf":[],"yoast_head":"<!-- This site is optimized with the Yoast SEO plugin v27.4 - https:\/\/yoast.com\/product\/yoast-seo-wordpress\/ -->\n<title>\u00c0 propos de KudoCook - KudoCook<\/title>\n<meta name=\"description\" content=\"Notre entreprise a d\u00e9marr\u00e9 lorsque nous cherchions un moyen facile de pr\u00e9parer des repas faits maison le plus souvent possibles.\" \/>\n<meta name=\"robots\" content=\"index, follow, max-snippet:-1, max-image-preview:large, max-video-preview:-1\" \/>\n<link rel=\"canonical\" href=\"https:\/\/kudocook.com\/fr\/a-propos-de-kudocook\/\" \/>\n<meta property=\"og:locale\" content=\"fr_FR\" \/>\n<meta property=\"og:type\" content=\"article\" \/>\n<meta property=\"og:title\" content=\"\u00c0 propos de KudoCook - KudoCook\" \/>\n<meta property=\"og:description\" content=\"Notre entreprise a d\u00e9marr\u00e9 lorsque nous cherchions un moyen facile de pr\u00e9parer des repas faits maison le plus souvent possibles.\" \/>\n<meta property=\"og:url\" content=\"https:\/\/kudocook.com\/fr\/a-propos-de-kudocook\/\" \/>\n<meta property=\"og:site_name\" content=\"KudoCook\" \/>\n<meta property=\"article:publisher\" content=\"https:\/\/www.facebook.com\/kudocook\" \/>\n<meta property=\"article:modified_time\" content=\"2024-03-12T10:05:54+00:00\" \/>\n<meta name=\"twitter:card\" content=\"summary_large_image\" \/>\n<meta name=\"twitter:site\" content=\"@kudocook\" \/>\n<meta name=\"twitter:label1\" content=\"Dur\u00e9e de lecture estim\u00e9e\" \/>\n\t<meta name=\"twitter:data1\" content=\"1 minute\" \/>\n<script type=\"application\/ld+json\" class=\"yoast-schema-graph\">{\"@context\":\"https:\\\/\\\/schema.org\",\"@graph\":[{\"@type\":\"WebPage\",\"@id\":\"https:\\\/\\\/kudocook.com\\\/fr\\\/a-propos-de-kudocook\\\/\",\"url\":\"https:\\\/\\\/kudocook.com\\\/fr\\\/a-propos-de-kudocook\\\/\",\"name\":\"\u00c0 propos de KudoCook - KudoCook\",\"isPartOf\":{\"@id\":\"https:\\\/\\\/kudocook.com\\\/fr\\\/#website\"},\"datePublished\":\"2022-04-26T13:28:32+00:00\",\"dateModified\":\"2024-03-12T10:05:54+00:00\",\"description\":\"Notre entreprise a d\u00e9marr\u00e9 lorsque nous cherchions un moyen facile de pr\u00e9parer des repas faits maison le plus souvent possibles.\",\"breadcrumb\":{\"@id\":\"https:\\\/\\\/kudocook.com\\\/fr\\\/a-propos-de-kudocook\\\/#breadcrumb\"},\"inLanguage\":\"fr-FR\",\"potentialAction\":[{\"@type\":\"ReadAction\",\"target\":[\"https:\\\/\\\/kudocook.com\\\/fr\\\/a-propos-de-kudocook\\\/\"]}]},{\"@type\":\"BreadcrumbList\",\"@id\":\"https:\\\/\\\/kudocook.com\\\/fr\\\/a-propos-de-kudocook\\\/#breadcrumb\",\"itemListElement\":[{\"@type\":\"ListItem\",\"position\":1,\"name\":\"Accueil\",\"item\":\"https:\\\/\\\/kudocook.com\\\/fr\\\/\"},{\"@type\":\"ListItem\",\"position\":2,\"name\":\"\u00c0 propos de KudoCook\"}]},{\"@type\":\"WebSite\",\"@id\":\"https:\\\/\\\/kudocook.com\\\/fr\\\/#website\",\"url\":\"https:\\\/\\\/kudocook.com\\\/fr\\\/\",\"name\":\"KudoCook\",\"description\":\"Conquer a world of culinary possibilities!\",\"publisher\":{\"@id\":\"https:\\\/\\\/kudocook.com\\\/fr\\\/#organization\"},\"potentialAction\":[{\"@type\":\"SearchAction\",\"target\":{\"@type\":\"EntryPoint\",\"urlTemplate\":\"https:\\\/\\\/kudocook.com\\\/fr\\\/?s={search_term_string}\"},\"query-input\":{\"@type\":\"PropertyValueSpecification\",\"valueRequired\":true,\"valueName\":\"search_term_string\"}}],\"inLanguage\":\"fr-FR\"},{\"@type\":\"Organization\",\"@id\":\"https:\\\/\\\/kudocook.com\\\/fr\\\/#organization\",\"name\":\"KudoCook\",\"url\":\"https:\\\/\\\/kudocook.com\\\/fr\\\/\",\"logo\":{\"@type\":\"ImageObject\",\"inLanguage\":\"fr-FR\",\"@id\":\"https:\\\/\\\/kudocook.com\\\/fr\\\/#\\\/schema\\\/logo\\\/image\\\/\",\"url\":\"https:\\\/\\\/kudocook.com\\\/wp-content\\\/uploads\\\/2024\\\/11\\\/playstore.png\",\"contentUrl\":\"https:\\\/\\\/kudocook.com\\\/wp-content\\\/uploads\\\/2024\\\/11\\\/playstore.png\",\"width\":512,\"height\":512,\"caption\":\"KudoCook\"},\"image\":{\"@id\":\"https:\\\/\\\/kudocook.com\\\/fr\\\/#\\\/schema\\\/logo\\\/image\\\/\"},\"sameAs\":[\"https:\\\/\\\/www.facebook.com\\\/kudocook\",\"https:\\\/\\\/x.com\\\/kudocook\",\"https:\\\/\\\/www.instagram.com\\\/kudocook\",\"https:\\\/\\\/www.youtube.com\\\/channel\\\/UCIHQma3NSZUyloPZowJSBZQ\",\"https:\\\/\\\/pinterest.com\\\/kudocook\"]}]}<\/script>\n<!-- \/ Yoast SEO plugin. -->","yoast_head_json":{"title":"\u00c0 propos de KudoCook - KudoCook","description":"Notre entreprise a d\u00e9marr\u00e9 lorsque nous cherchions un moyen facile de pr\u00e9parer des repas faits maison le plus souvent possibles.","robots":{"index":"index","follow":"follow","max-snippet":"max-snippet:-1","max-image-preview":"max-image-preview:large","max-video-preview":"max-video-preview:-1"},"canonical":"https:\/\/kudocook.com\/fr\/a-propos-de-kudocook\/","og_locale":"fr_FR","og_type":"article","og_title":"\u00c0 propos de KudoCook - KudoCook","og_description":"Notre entreprise a d\u00e9marr\u00e9 lorsque nous cherchions un moyen facile de pr\u00e9parer des repas faits maison le plus souvent possibles.","og_url":"https:\/\/kudocook.com\/fr\/a-propos-de-kudocook\/","og_site_name":"KudoCook","article_publisher":"https:\/\/www.facebook.com\/kudocook","article_modified_time":"2024-03-12T10:05:54+00:00","twitter_card":"summary_large_image","twitter_site":"@kudocook","twitter_misc":{"Dur\u00e9e de lecture estim\u00e9e":"1 minute"},"schema":{"@context":"https:\/\/schema.org","@graph":[{"@type":"WebPage","@id":"https:\/\/kudocook.com\/fr\/a-propos-de-kudocook\/","url":"https:\/\/kudocook.com\/fr\/a-propos-de-kudocook\/","name":"\u00c0 propos de KudoCook - KudoCook","isPartOf":{"@id":"https:\/\/kudocook.com\/fr\/#website"},"datePublished":"2022-04-26T13:28:32+00:00","dateModified":"2024-03-12T10:05:54+00:00","description":"Notre entreprise a d\u00e9marr\u00e9 lorsque nous cherchions un moyen facile de pr\u00e9parer des repas faits maison le plus souvent possibles.","breadcrumb":{"@id":"https:\/\/kudocook.com\/fr\/a-propos-de-kudocook\/#breadcrumb"},"inLanguage":"fr-FR","potentialAction":[{"@type":"ReadAction","target":["https:\/\/kudocook.com\/fr\/a-propos-de-kudocook\/"]}]},{"@type":"BreadcrumbList","@id":"https:\/\/kudocook.com\/fr\/a-propos-de-kudocook\/#breadcrumb","itemListElement":[{"@type":"ListItem","position":1,"name":"Accueil","item":"https:\/\/kudocook.com\/fr\/"},{"@type":"ListItem","position":2,"name":"\u00c0 propos de KudoCook"}]},{"@type":"WebSite","@id":"https:\/\/kudocook.com\/fr\/#website","url":"https:\/\/kudocook.com\/fr\/","name":"KudoCook","description":"Conquer a world of culinary possibilities!","publisher":{"@id":"https:\/\/kudocook.com\/fr\/#organization"},"potentialAction":[{"@type":"SearchAction","target":{"@type":"EntryPoint","urlTemplate":"https:\/\/kudocook.com\/fr\/?s={search_term_string}"},"query-input":{"@type":"PropertyValueSpecification","valueRequired":true,"valueName":"search_term_string"}}],"inLanguage":"fr-FR"},{"@type":"Organization","@id":"https:\/\/kudocook.com\/fr\/#organization","name":"KudoCook","url":"https:\/\/kudocook.com\/fr\/","logo":{"@type":"ImageObject","inLanguage":"fr-FR","@id":"https:\/\/kudocook.com\/fr\/#\/schema\/logo\/image\/","url":"https:\/\/kudocook.com\/wp-content\/uploads\/2024\/11\/playstore.png","contentUrl":"https:\/\/kudocook.com\/wp-content\/uploads\/2024\/11\/playstore.png","width":512,"height":512,"caption":"KudoCook"},"image":{"@id":"https:\/\/kudocook.com\/fr\/#\/schema\/logo\/image\/"},"sameAs":["https:\/\/www.facebook.com\/kudocook","https:\/\/x.com\/kudocook","https:\/\/www.instagram.com\/kudocook","https:\/\/www.youtube.com\/channel\/UCIHQma3NSZUyloPZowJSBZQ","https:\/\/pinterest.com\/kudocook"]}]}},"jetpack_sharing_enabled":true,"_links":{"self":[{"href":"https:\/\/kudocook.com\/fr\/wp-json\/wp\/v2\/pages\/13905","targetHints":{"allow":["GET"]}}],"collection":[{"href":"https:\/\/kudocook.com\/fr\/wp-json\/wp\/v2\/pages"}],"about":[{"href":"https:\/\/kudocook.com\/fr\/wp-json\/wp\/v2\/types\/page"}],"author":[{"embeddable":true,"href":"https:\/\/kudocook.com\/fr\/wp-json\/wp\/v2\/users\/1"}],"replies":[{"embeddable":true,"href":"https:\/\/kudocook.com\/fr\/wp-json\/wp\/v2\/comments?post=13905"}],"version-history":[{"count":3,"href":"https:\/\/kudocook.com\/fr\/wp-json\/wp\/v2\/pages\/13905\/revisions"}],"predecessor-version":[{"id":13908,"href":"https:\/\/kudocook.com\/fr\/wp-json\/wp\/v2\/pages\/13905\/revisions\/13908"}],"wp:attachment":[{"href":"https:\/\/kudocook.com\/fr\/wp-json\/wp\/v2\/media?parent=13905"}],"curies":[{"name":"wp","href":"https:\/\/api.w.org\/{rel}","templated":true}]}}