{"id":13930,"date":"2021-08-23T18:27:27","date_gmt":"2021-08-23T18:27:27","guid":{"rendered":"https:\/\/kudocook.com\/politique-de-confidentialite\/"},"modified":"2024-03-12T10:31:38","modified_gmt":"2024-03-12T10:31:38","slug":"politique-de-confidentialite","status":"publish","type":"page","link":"https:\/\/kudocook.com\/fr\/politique-de-confidentialite\/","title":{"rendered":"Politique de confidentialit\u00e9"},"content":{"rendered":"\n<p>KudoCook Sarl a con\u00e7u l&rsquo;application KudoCook comme une application Freemium. Cette page est utilis\u00e9e pour informer les visiteurs de nos politiques en mati\u00e8re de collecte, d&rsquo;utilisation et de divulgation des informations personnelles si quelqu&rsquo;un d\u00e9cidait d&rsquo;utiliser notre Service. Si vous choisissez d&rsquo;utiliser notre service, vous acceptez la collecte et l&rsquo;utilisation des informations en relation avec cette politique. Les informations personnelles que nous recueillons sont utilis\u00e9es pour fournir et am\u00e9liorer le service. Nous n&rsquo;utiliserons ni ne partagerons vos informations avec quiconque, sauf dans les cas d\u00e9crits dans la pr\u00e9sente politique de confidentialit\u00e9.Les termes utilis\u00e9s dans la pr\u00e9sente Politique de confidentialit\u00e9 ont la m\u00eame signification que dans nos Conditions g\u00e9n\u00e9rales, qui sont accessibles sur KudoCook, sauf d\u00e9finition contraire dans la pr\u00e9sente Politique de confidentialit\u00e9.<\/p>\n\n<p><\/p>\n\n<p><strong>Collecte et utilisation de l&rsquo;information<\/strong><\/p>\n\n<p>Pour une meilleure exp\u00e9rience,lors de l&rsquo;utilisation de notre service, nous pouvons vous demander de nous fournir certaines informations personnellement identifiables, y compris, mais sans s&rsquo;y limiter, votre nom et votre adresse \u00e9lectronique. Les informations que nous demandons seront conserv\u00e9es par nos soins et utilis\u00e9es comme d\u00e9crit dans la pr\u00e9sente politique de confidentialit\u00e9. L&rsquo;application utilise des services tiers qui peuvent recueillir des informations permettant de vous identifier. Lien vers la politique de confidentialit\u00e9 des fournisseurs de services tiers utilis\u00e9s par l&rsquo;application Google Play services, Google Analytics pour Firebase Crashlytics et Sentry.<\/p>\n\n<p><\/p>\n\n<p><strong>Donn\u00e9es du journal<\/strong><\/p>\n\n<p>Nous souhaitons vous informer que chaque fois que vous utilisez notre Service, dans le cas d&rsquo;une erreur dans l&rsquo;application, nous collectons des donn\u00e9es et des informations (par le biais de produits tiers) sur votre t\u00e9l\u00e9phone appel\u00e9es Donn\u00e9es de journal. Ces donn\u00e9es peuvent inclure des informations telles que l&rsquo;adresse IP de votre appareil, le nom de l&rsquo;appareil, la version du syst\u00e8me d&rsquo;exploitation, la configuration de l&rsquo;application lors de l&rsquo;utilisation de notre service, l&rsquo;heure et la date de votre utilisation du service et d&rsquo;autres statistiques.<\/p>\n\n<p><\/p>\n\n<p><strong>Cookies<\/strong><\/p>\n\n<p><\/p>\n\n<p>Les cookies sont des fichiers contenant une petite quantit\u00e9 de donn\u00e9es qui sont g\u00e9n\u00e9ralement utilis\u00e9s comme identifiants uniques anonymes. Ils sont envoy\u00e9s \u00e0 votre navigateur par les sites web que vous visitez et sont stock\u00e9s dans la m\u00e9moire interne de votre appareil. Ce service n&rsquo;utilise pas explicitement ces \u00ab\u00a0cookies\u00a0\u00bb. Cependant, l&rsquo;application peut utiliser du code et des biblioth\u00e8ques de tiers qui utilisent des \u00ab\u00a0cookies\u00a0\u00bb pour collecter des informations et am\u00e9liorer leurs services. Vous avez la possibilit\u00e9 d&rsquo;accepter ou de refuser ces cookies et de savoir quand un cookie est envoy\u00e9 \u00e0 votre appareil. Si vous choisissez de refuser nos cookies, il se peut que vous ne puissiez pas utiliser certaines parties de ce service.<\/p>\n\n<p><\/p>\n\n<p><strong>Fournisseurs de services<\/strong><\/p>\n\n<p>Nous pouvons employer des soci\u00e9t\u00e9s et des personnes tierces pour les raisons suivantes : Pour faciliter notre Service ; Pour fournir le Service en notre nom ; Pour effectuer des services li\u00e9s au Service ; ou Pour nous aider \u00e0 analyser la fa\u00e7on dont notre service est utilis\u00e9. Nous souhaitons informer les utilisateurs de ce service que ces tiers ont acc\u00e8s \u00e0 leurs informations personnelles. La raison en est l&rsquo;ex\u00e9cution des t\u00e2ches qui leur sont confi\u00e9es en notre nom. Toutefois, ils sont tenus de ne pas divulguer ou utiliser ces informations \u00e0 d&rsquo;autres fins.<\/p>\n\n<p><\/p>\n\n<p><strong>S\u00e9curit\u00e9<\/strong><\/p>\n\n<p>Nous appr\u00e9cions la confiance que vous nous accordez en nous fournissant vos informations personnelles et nous nous effor\u00e7ons donc d&rsquo;utiliser des moyens commercialement acceptables pour les prot\u00e9ger. Mais n&rsquo;oubliez pas qu&rsquo;aucune m\u00e9thode de transmission sur Internet ou de stockage \u00e9lectronique n&rsquo;est s\u00fbre et fiable \u00e0 100 % et que nous ne pouvons pas garantir une s\u00e9curit\u00e9 absolue.<\/p>\n\n<p><\/p>\n\n<p><strong>Liens vers d&rsquo;autres sites<\/strong><\/p>\n\n<p>Ce service peut contenir des liens vers d&rsquo;autres sites. Si vous cliquez sur le lien d&rsquo;un tiers, vous serez dirig\u00e9 vers ce site. Veuillez noter que ces sites externes ne sont pas exploit\u00e9s par nous. Par cons\u00e9quent, nous vous conseillons vivement de consulter la politique de confidentialit\u00e9 de ces sites. Nous n&rsquo;avons aucun contr\u00f4le et n&rsquo;assumons aucune responsabilit\u00e9 quant au contenu, aux politiques de confidentialit\u00e9 ou aux pratiques de tout site ou service tiers.<\/p>\n\n<p><\/p>\n\n<p><strong>Vie priv\u00e9e des enfants<\/strong><\/p>\n\n<p>Ces services ne sont pas destin\u00e9s aux personnes de moins de 13 ans. Nous ne recueillons pas sciemment d&rsquo;informations personnellement identifiables aupr\u00e8s d&rsquo;enfants de moins de 13 ans. Dans le cas o\u00f9 nous d\u00e9couvrons qu&rsquo;un enfant de moins de 13 ans nous a fourni des informations personnelles, nous les supprimons imm\u00e9diatement de nos serveurs. Si vous \u00eates un parent ou un tuteur et que vous savez que votre enfant nous a fourni des informations personnelles, veuillez nous contacter afin que nous puissions prendre les mesures n\u00e9cessaires.<\/p>\n\n<p><\/p>\n\n<p><strong>Modifications de la pr\u00e9sente politique de confidentialit\u00e9<\/strong><\/p>\n\n<p>Nous pouvons mettre \u00e0 jour notre politique de confidentialit\u00e9 de temps \u00e0 autre. Nous vous conseillons donc de consulter r\u00e9guli\u00e8rement cette page pour prendre connaissance des changements \u00e9ventuels. Nous vous informerons de toute modification en publiant la nouvelle politique de confidentialit\u00e9 sur cette page.Cette politique est en vigueur \u00e0 partir du 2024-03-12.<\/p>\n\n<p><\/p>\n\n<p><strong>Nous contacter<\/strong><\/p>\n\n<p>Si vous avez des questions ou des suggestions concernant notre politique de confidentialit\u00e9, n&rsquo;h\u00e9sitez pas \u00e0 nous contacter \u00e0 l&rsquo;adresse <a href=\"mailto:privacy@kudocook.com\" target=\"_blank\" rel=\"noreferrer noopener\">privacy@kudocook.com<\/a>.<\/p>\n","protected":false},"excerpt":{"rendered":"KudoCook Sarl a con\u00e7u l&rsquo;application KudoCook comme une application Freemium. Cette page est utilis\u00e9e pour informer les visiteurs de nos politiques en mati\u00e8re de collecte, d&rsquo;utilisation et de divulgation des informations personnelles si quelqu&rsquo;un d\u00e9cidait d&rsquo;utiliser notre Service. Si vous&#8230;","protected":false},"author":1,"featured_media":0,"parent":0,"menu_order":0,"comment_status":"closed","ping_status":"closed","template":"","meta":{"_acf_changed":false,"footnotes":""},"class_list":["post-13930","page","type-page","status-publish","hentry"],"acf":[],"yoast_head":"<!-- This site is optimized with the Yoast SEO plugin v27.4 - https:\/\/yoast.com\/product\/yoast-seo-wordpress\/ -->\n<title>Politique de confidentialit\u00e9 - KudoCook<\/title>\n<meta name=\"description\" content=\"Cette page sert \u00e0 informer les visiteurs de nos politiques concernant la collecte, l&#039;utilisation et la divulgation d&#039;informations personnelles.\" \/>\n<meta name=\"robots\" content=\"index, follow, max-snippet:-1, max-image-preview:large, max-video-preview:-1\" \/>\n<link rel=\"canonical\" href=\"https:\/\/kudocook.com\/fr\/politique-de-confidentialite\/\" \/>\n<meta property=\"og:locale\" content=\"fr_FR\" \/>\n<meta property=\"og:type\" content=\"article\" \/>\n<meta property=\"og:title\" content=\"Politique de confidentialit\u00e9 - KudoCook\" \/>\n<meta property=\"og:description\" content=\"Cette page sert \u00e0 informer les visiteurs de nos politiques concernant la collecte, l&#039;utilisation et la divulgation d&#039;informations personnelles.\" \/>\n<meta property=\"og:url\" content=\"https:\/\/kudocook.com\/fr\/politique-de-confidentialite\/\" \/>\n<meta property=\"og:site_name\" content=\"KudoCook\" \/>\n<meta property=\"article:publisher\" content=\"https:\/\/www.facebook.com\/kudocook\" \/>\n<meta property=\"article:modified_time\" content=\"2024-03-12T10:31:38+00:00\" \/>\n<meta name=\"twitter:card\" content=\"summary_large_image\" \/>\n<meta name=\"twitter:site\" content=\"@kudocook\" \/>\n<meta name=\"twitter:label1\" content=\"Dur\u00e9e de lecture estim\u00e9e\" \/>\n\t<meta name=\"twitter:data1\" content=\"4 minutes\" \/>\n<script type=\"application\/ld+json\" class=\"yoast-schema-graph\">{\"@context\":\"https:\\\/\\\/schema.org\",\"@graph\":[{\"@type\":\"WebPage\",\"@id\":\"https:\\\/\\\/kudocook.com\\\/fr\\\/politique-de-confidentialite\\\/\",\"url\":\"https:\\\/\\\/kudocook.com\\\/fr\\\/politique-de-confidentialite\\\/\",\"name\":\"Politique de confidentialit\u00e9 - KudoCook\",\"isPartOf\":{\"@id\":\"https:\\\/\\\/kudocook.com\\\/fr\\\/#website\"},\"datePublished\":\"2021-08-23T18:27:27+00:00\",\"dateModified\":\"2024-03-12T10:31:38+00:00\",\"description\":\"Cette page sert \u00e0 informer les visiteurs de nos politiques concernant la collecte, l'utilisation et la divulgation d'informations personnelles.\",\"breadcrumb\":{\"@id\":\"https:\\\/\\\/kudocook.com\\\/fr\\\/politique-de-confidentialite\\\/#breadcrumb\"},\"inLanguage\":\"fr-FR\",\"potentialAction\":[{\"@type\":\"ReadAction\",\"target\":[\"https:\\\/\\\/kudocook.com\\\/fr\\\/politique-de-confidentialite\\\/\"]}]},{\"@type\":\"BreadcrumbList\",\"@id\":\"https:\\\/\\\/kudocook.com\\\/fr\\\/politique-de-confidentialite\\\/#breadcrumb\",\"itemListElement\":[{\"@type\":\"ListItem\",\"position\":1,\"name\":\"Accueil\",\"item\":\"https:\\\/\\\/kudocook.com\\\/fr\\\/\"},{\"@type\":\"ListItem\",\"position\":2,\"name\":\"Politique de confidentialit\u00e9\"}]},{\"@type\":\"WebSite\",\"@id\":\"https:\\\/\\\/kudocook.com\\\/fr\\\/#website\",\"url\":\"https:\\\/\\\/kudocook.com\\\/fr\\\/\",\"name\":\"KudoCook\",\"description\":\"Conquer a world of culinary possibilities!\",\"publisher\":{\"@id\":\"https:\\\/\\\/kudocook.com\\\/fr\\\/#organization\"},\"potentialAction\":[{\"@type\":\"SearchAction\",\"target\":{\"@type\":\"EntryPoint\",\"urlTemplate\":\"https:\\\/\\\/kudocook.com\\\/fr\\\/?s={search_term_string}\"},\"query-input\":{\"@type\":\"PropertyValueSpecification\",\"valueRequired\":true,\"valueName\":\"search_term_string\"}}],\"inLanguage\":\"fr-FR\"},{\"@type\":\"Organization\",\"@id\":\"https:\\\/\\\/kudocook.com\\\/fr\\\/#organization\",\"name\":\"KudoCook\",\"url\":\"https:\\\/\\\/kudocook.com\\\/fr\\\/\",\"logo\":{\"@type\":\"ImageObject\",\"inLanguage\":\"fr-FR\",\"@id\":\"https:\\\/\\\/kudocook.com\\\/fr\\\/#\\\/schema\\\/logo\\\/image\\\/\",\"url\":\"https:\\\/\\\/kudocook.com\\\/wp-content\\\/uploads\\\/2024\\\/11\\\/playstore.png\",\"contentUrl\":\"https:\\\/\\\/kudocook.com\\\/wp-content\\\/uploads\\\/2024\\\/11\\\/playstore.png\",\"width\":512,\"height\":512,\"caption\":\"KudoCook\"},\"image\":{\"@id\":\"https:\\\/\\\/kudocook.com\\\/fr\\\/#\\\/schema\\\/logo\\\/image\\\/\"},\"sameAs\":[\"https:\\\/\\\/www.facebook.com\\\/kudocook\",\"https:\\\/\\\/x.com\\\/kudocook\",\"https:\\\/\\\/www.instagram.com\\\/kudocook\",\"https:\\\/\\\/www.youtube.com\\\/channel\\\/UCIHQma3NSZUyloPZowJSBZQ\",\"https:\\\/\\\/pinterest.com\\\/kudocook\"]}]}<\/script>\n<!-- \/ Yoast SEO plugin. -->","yoast_head_json":{"title":"Politique de confidentialit\u00e9 - KudoCook","description":"Cette page sert \u00e0 informer les visiteurs de nos politiques concernant la collecte, l'utilisation et la divulgation d'informations personnelles.","robots":{"index":"index","follow":"follow","max-snippet":"max-snippet:-1","max-image-preview":"max-image-preview:large","max-video-preview":"max-video-preview:-1"},"canonical":"https:\/\/kudocook.com\/fr\/politique-de-confidentialite\/","og_locale":"fr_FR","og_type":"article","og_title":"Politique de confidentialit\u00e9 - KudoCook","og_description":"Cette page sert \u00e0 informer les visiteurs de nos politiques concernant la collecte, l'utilisation et la divulgation d'informations personnelles.","og_url":"https:\/\/kudocook.com\/fr\/politique-de-confidentialite\/","og_site_name":"KudoCook","article_publisher":"https:\/\/www.facebook.com\/kudocook","article_modified_time":"2024-03-12T10:31:38+00:00","twitter_card":"summary_large_image","twitter_site":"@kudocook","twitter_misc":{"Dur\u00e9e de lecture estim\u00e9e":"4 minutes"},"schema":{"@context":"https:\/\/schema.org","@graph":[{"@type":"WebPage","@id":"https:\/\/kudocook.com\/fr\/politique-de-confidentialite\/","url":"https:\/\/kudocook.com\/fr\/politique-de-confidentialite\/","name":"Politique de confidentialit\u00e9 - KudoCook","isPartOf":{"@id":"https:\/\/kudocook.com\/fr\/#website"},"datePublished":"2021-08-23T18:27:27+00:00","dateModified":"2024-03-12T10:31:38+00:00","description":"Cette page sert \u00e0 informer les visiteurs de nos politiques concernant la collecte, l'utilisation et la divulgation d'informations personnelles.","breadcrumb":{"@id":"https:\/\/kudocook.com\/fr\/politique-de-confidentialite\/#breadcrumb"},"inLanguage":"fr-FR","potentialAction":[{"@type":"ReadAction","target":["https:\/\/kudocook.com\/fr\/politique-de-confidentialite\/"]}]},{"@type":"BreadcrumbList","@id":"https:\/\/kudocook.com\/fr\/politique-de-confidentialite\/#breadcrumb","itemListElement":[{"@type":"ListItem","position":1,"name":"Accueil","item":"https:\/\/kudocook.com\/fr\/"},{"@type":"ListItem","position":2,"name":"Politique de confidentialit\u00e9"}]},{"@type":"WebSite","@id":"https:\/\/kudocook.com\/fr\/#website","url":"https:\/\/kudocook.com\/fr\/","name":"KudoCook","description":"Conquer a world of culinary possibilities!","publisher":{"@id":"https:\/\/kudocook.com\/fr\/#organization"},"potentialAction":[{"@type":"SearchAction","target":{"@type":"EntryPoint","urlTemplate":"https:\/\/kudocook.com\/fr\/?s={search_term_string}"},"query-input":{"@type":"PropertyValueSpecification","valueRequired":true,"valueName":"search_term_string"}}],"inLanguage":"fr-FR"},{"@type":"Organization","@id":"https:\/\/kudocook.com\/fr\/#organization","name":"KudoCook","url":"https:\/\/kudocook.com\/fr\/","logo":{"@type":"ImageObject","inLanguage":"fr-FR","@id":"https:\/\/kudocook.com\/fr\/#\/schema\/logo\/image\/","url":"https:\/\/kudocook.com\/wp-content\/uploads\/2024\/11\/playstore.png","contentUrl":"https:\/\/kudocook.com\/wp-content\/uploads\/2024\/11\/playstore.png","width":512,"height":512,"caption":"KudoCook"},"image":{"@id":"https:\/\/kudocook.com\/fr\/#\/schema\/logo\/image\/"},"sameAs":["https:\/\/www.facebook.com\/kudocook","https:\/\/x.com\/kudocook","https:\/\/www.instagram.com\/kudocook","https:\/\/www.youtube.com\/channel\/UCIHQma3NSZUyloPZowJSBZQ","https:\/\/pinterest.com\/kudocook"]}]}},"jetpack_sharing_enabled":true,"_links":{"self":[{"href":"https:\/\/kudocook.com\/fr\/wp-json\/wp\/v2\/pages\/13930","targetHints":{"allow":["GET"]}}],"collection":[{"href":"https:\/\/kudocook.com\/fr\/wp-json\/wp\/v2\/pages"}],"about":[{"href":"https:\/\/kudocook.com\/fr\/wp-json\/wp\/v2\/types\/page"}],"author":[{"embeddable":true,"href":"https:\/\/kudocook.com\/fr\/wp-json\/wp\/v2\/users\/1"}],"replies":[{"embeddable":true,"href":"https:\/\/kudocook.com\/fr\/wp-json\/wp\/v2\/comments?post=13930"}],"version-history":[{"count":7,"href":"https:\/\/kudocook.com\/fr\/wp-json\/wp\/v2\/pages\/13930\/revisions"}],"predecessor-version":[{"id":13943,"href":"https:\/\/kudocook.com\/fr\/wp-json\/wp\/v2\/pages\/13930\/revisions\/13943"}],"wp:attachment":[{"href":"https:\/\/kudocook.com\/fr\/wp-json\/wp\/v2\/media?parent=13930"}],"curies":[{"name":"wp","href":"https:\/\/api.w.org\/{rel}","templated":true}]}}