{"id":13954,"date":"2022-04-26T12:45:44","date_gmt":"2022-04-26T12:45:44","guid":{"rendered":"https:\/\/kudocook.com\/conditions-dutilisation\/"},"modified":"2024-03-12T10:40:44","modified_gmt":"2024-03-12T10:40:44","slug":"conditions-dutilisation","status":"publish","type":"page","link":"https:\/\/kudocook.com\/fr\/conditions-dutilisation\/","title":{"rendered":"Conditions d&rsquo;utilisation"},"content":{"rendered":"\n<p><\/p>\n\n<p>En t\u00e9l\u00e9chargeant ou en utilisant l&rsquo;application, ces conditions s&rsquo;appliquent automatiquement \u00e0 vous. Vous devez donc veiller \u00e0 les lire attentivement avant d&rsquo;utiliser l&rsquo;application. Il est interdit de copier ou de modifier l&rsquo;application, toute partie de l&rsquo;application ou nos marques de quelque mani\u00e8re que ce soit. Vous ne pouvez pas tenter d&rsquo;extraire le code source de l&rsquo;application, ni de traduire l&rsquo;application dans d&rsquo;autres langues ou de cr\u00e9er des versions d\u00e9riv\u00e9es. L&rsquo;application elle-m\u00eame, ainsi que toutes les marques, droits d&rsquo;auteur, droits de base de donn\u00e9es et autres droits de propri\u00e9t\u00e9 intellectuelle qui y sont li\u00e9s, restent la propri\u00e9t\u00e9 de KudoCook Sarl.<\/p>\n\n<p>KudoCook Sarl s&rsquo;engage \u00e0 rendre l&rsquo;application aussi utile et efficace que possible. C&rsquo;est pourquoi nous nous r\u00e9servons le droit de modifier l&rsquo;application ou de facturer ses services, \u00e0 tout moment et pour quelque raison que ce soit. Nous ne vous facturerons jamais l&rsquo;application ou ses services sans vous expliquer clairement ce que vous payez.<\/p>\n\n<p>L&rsquo;application KudoCook stocke et traite les donn\u00e9es personnelles que vous nous avez fournies, afin de fournir notre service. Il est de votre responsabilit\u00e9 de s\u00e9curiser votre t\u00e9l\u00e9phone et l&rsquo;acc\u00e8s \u00e0 l&rsquo;application. Nous vous recommandons donc de ne pas jailbreaker ou root\u00e9 votre t\u00e9l\u00e9phone, ce qui implique de supprimer les restrictions et limitations logicielles impos\u00e9es par le syst\u00e8me d&rsquo;exploitation officiel de votre appareil. Cela pourrait rendre votre t\u00e9l\u00e9phone vuln\u00e9rable aux logiciels malveillants\/virus\/programmes malveillants, compromettre les fonctions de s\u00e9curit\u00e9 de votre t\u00e9l\u00e9phone et faire en sorte que l&rsquo;application KudoCook ne fonctionne pas correctement ou pas du tout.<\/p>\n\n<p>L&rsquo;application utilise des services tiers qui d\u00e9clarent leurs conditions d&rsquo;utilisation.<\/p>\n\n<p>Veuillez noter que KudoCook Sarl n&rsquo;assume pas la responsabilit\u00e9 de certains \u00e9l\u00e9ments. Certaines fonctions de l&rsquo;application n\u00e9cessitent une connexion Internet active. La connexion peut \u00eatre Wi-Fi ou fournie par votre fournisseur de r\u00e9seau mobile, mais KudoCook Sarl ne peut \u00eatre tenu responsable du fait que l&rsquo;application ne fonctionne pas pleinement si vous n&rsquo;avez pas acc\u00e8s \u00e0 une connexion Wi-Fi et si vous n&rsquo;avez plus d&rsquo;allocation de donn\u00e9es.<\/p>\n\n<p>Si vous utilisez l&rsquo;application en dehors d&rsquo;une zone Wi-Fi, n&rsquo;oubliez pas que les conditions de l&rsquo;accord avec votre fournisseur de r\u00e9seau mobile restent d&rsquo;application. En cons\u00e9quence, votre fournisseur de t\u00e9l\u00e9phonie mobile peut vous facturer le co\u00fbt des donn\u00e9es pour la dur\u00e9e de la connexion lors de l&rsquo;acc\u00e8s \u00e0 l&rsquo;application, ou d&rsquo;autres frais de tiers. En utilisant l&rsquo;application, vous acceptez la responsabilit\u00e9 de ces frais, y compris les frais d&rsquo;itin\u00e9rance des donn\u00e9es si vous utilisez l&rsquo;application en dehors de votre territoire d&rsquo;origine (c&rsquo;est-\u00e0-dire votre r\u00e9gion ou votre pays) sans d\u00e9sactiver l&rsquo;itin\u00e9rance des donn\u00e9es. Si vous n&rsquo;\u00eates pas le payeur de la facture pour l&rsquo;appareil sur lequel vous utilisez l&rsquo;application, veuillez noter que nous supposons que vous avez re\u00e7u l&rsquo;autorisation du payeur de la facture pour utiliser l&rsquo;application.<\/p>\n\n<p>De m\u00eame, KudoCook Sarl ne peut pas toujours assumer la responsabilit\u00e9 de la mani\u00e8re dont vous utilisez l&rsquo;application, c&rsquo;est-\u00e0-dire que vous devez veiller \u00e0 ce que votre appareil reste charg\u00e9 &#8211; s&rsquo;il n&rsquo;y a plus de batterie et que vous ne pouvez pas l&rsquo;allumer pour utiliser le Service, KudoCook Sarl ne peut pas en assumer la responsabilit\u00e9.<\/p>\n\n<p>En ce qui concerne la responsabilit\u00e9 de KudoCook Sarl pour votre utilisation de l&rsquo;application, lorsque vous utilisez l&rsquo;application, il est important de garder \u00e0 l&rsquo;esprit que, bien que nous nous efforcions de veiller \u00e0 ce qu&rsquo;elle soit mise \u00e0 jour et correcte \u00e0 tout moment, nous nous appuyons sur des tiers pour nous fournir des informations afin que nous puissions les mettre \u00e0 votre disposition. KudoCook Sarl n&rsquo;accepte aucune responsabilit\u00e9 pour toute perte, directe ou indirecte, que vous pourriez subir en vous fiant enti\u00e8rement \u00e0 cette fonction de l&rsquo;application.<\/p>\n\n<p>Il se peut qu&rsquo;\u00e0 un moment donn\u00e9, nous souhaitions mettre \u00e0 jour l&rsquo;application. L&rsquo;application est actuellement disponible sur Android et iOS &#8211; les conditions requises pour ces deux syst\u00e8mes (et tout autre syst\u00e8me auquel nous d\u00e9ciderons d&rsquo;\u00e9tendre la disponibilit\u00e9 de l&rsquo;application) peuvent changer, et vous devrez t\u00e9l\u00e9charger les mises \u00e0 jour si vous souhaitez continuer \u00e0 utiliser l&rsquo;application. KudoCook Sarl ne promet pas qu&rsquo;elle mettra toujours \u00e0 jour l&rsquo;application afin qu&rsquo;elle soit pertinente pour vous et\/ou qu&rsquo;elle fonctionne avec la version d&rsquo;Android et d&rsquo;iOS que vous avez install\u00e9e sur votre appareil. Cependant, vous acceptez toujours les mises \u00e0 jour de l&rsquo;application lorsqu&rsquo;elles vous sont propos\u00e9es. Nous pouvons \u00e9galement souhaiter cesser de fournir l&rsquo;application, et pouvons mettre fin \u00e0 son utilisation \u00e0 tout moment sans vous donner de pr\u00e9avis de r\u00e9siliation. Sauf avis contraire de notre part, en cas de r\u00e9siliation, (a) les droits et licences qui vous sont accord\u00e9s dans les pr\u00e9sentes conditions seront r\u00e9sili\u00e9s ; (b) vous devez cesser d&rsquo;utiliser l&rsquo;application et (si n\u00e9cessaire) la supprimer de votre appareil.<\/p>\n\n<p><\/p>\n\n<h3 class=\"wp-block-heading\"><strong>Modifications des pr\u00e9sentes conditions g\u00e9n\u00e9rales<\/strong><\/h3>\n\n<p><\/p>\n\n<p>Nous pouvons mettre \u00e0 jour nos conditions g\u00e9n\u00e9rales de temps \u00e0 autre. Nous vous recommandons de consulter r\u00e9guli\u00e8rement cette page pour prendre connaissance des \u00e9ventuelles modifications. Les pr\u00e9sentes conditions g\u00e9n\u00e9rales entrent en vigueur le 2024-03-12.<\/p>\n\n<p><\/p>\n\n<h3 class=\"wp-block-heading\"><strong>Nous contacter<\/strong><\/h3>\n\n<p>Si vous avez des questions ou des suggestions concernant nos conditions g\u00e9n\u00e9rales, n&rsquo;h\u00e9sitez pas \u00e0 nous contacter \u00e0 l&rsquo;adresse <a href=\"mailto:privacy@kudocook.com\" target=\"_blank\" rel=\"noreferrer noopener\">privacy@kudocook.com<\/a>.<\/p>\n","protected":false},"excerpt":{"rendered":"En t\u00e9l\u00e9chargeant ou en utilisant l&rsquo;application, ces conditions s&rsquo;appliquent automatiquement \u00e0 vous. Vous devez donc veiller \u00e0 les lire attentivement avant d&rsquo;utiliser l&rsquo;application. Il est interdit de copier ou de modifier l&rsquo;application, toute partie de l&rsquo;application ou nos marques de&#8230;","protected":false},"author":1,"featured_media":0,"parent":0,"menu_order":0,"comment_status":"closed","ping_status":"closed","template":"","meta":{"_acf_changed":false,"footnotes":""},"class_list":["post-13954","page","type-page","status-publish","hentry"],"acf":[],"yoast_head":"<!-- This site is optimized with the Yoast SEO plugin v27.4 - https:\/\/yoast.com\/product\/yoast-seo-wordpress\/ -->\n<title>Conditions d&#039;utilisation - KudoCook<\/title>\n<meta name=\"description\" content=\"En t\u00e9l\u00e9chargeant ou en utilisant l&#039;application, ces conditions s&#039;appliquent automatiquement \u00e0 vous. Lisez-les attentivement avant d&#039;utiliser l&#039;application\" \/>\n<meta name=\"robots\" content=\"index, follow, max-snippet:-1, max-image-preview:large, max-video-preview:-1\" \/>\n<link rel=\"canonical\" href=\"https:\/\/kudocook.com\/fr\/conditions-dutilisation\/\" \/>\n<meta property=\"og:locale\" content=\"fr_FR\" \/>\n<meta property=\"og:type\" content=\"article\" \/>\n<meta property=\"og:title\" content=\"Conditions d&#039;utilisation - KudoCook\" \/>\n<meta property=\"og:description\" content=\"En t\u00e9l\u00e9chargeant ou en utilisant l&#039;application, ces conditions s&#039;appliquent automatiquement \u00e0 vous. Lisez-les attentivement avant d&#039;utiliser l&#039;application\" \/>\n<meta property=\"og:url\" content=\"https:\/\/kudocook.com\/fr\/conditions-dutilisation\/\" \/>\n<meta property=\"og:site_name\" content=\"KudoCook\" \/>\n<meta property=\"article:publisher\" content=\"https:\/\/www.facebook.com\/kudocook\" \/>\n<meta property=\"article:modified_time\" content=\"2024-03-12T10:40:44+00:00\" \/>\n<meta name=\"twitter:card\" content=\"summary_large_image\" \/>\n<meta name=\"twitter:site\" content=\"@kudocook\" \/>\n<meta name=\"twitter:label1\" content=\"Dur\u00e9e de lecture estim\u00e9e\" \/>\n\t<meta name=\"twitter:data1\" content=\"4 minutes\" \/>\n<script type=\"application\/ld+json\" class=\"yoast-schema-graph\">{\"@context\":\"https:\\\/\\\/schema.org\",\"@graph\":[{\"@type\":\"WebPage\",\"@id\":\"https:\\\/\\\/kudocook.com\\\/fr\\\/conditions-dutilisation\\\/\",\"url\":\"https:\\\/\\\/kudocook.com\\\/fr\\\/conditions-dutilisation\\\/\",\"name\":\"Conditions d'utilisation - KudoCook\",\"isPartOf\":{\"@id\":\"https:\\\/\\\/kudocook.com\\\/fr\\\/#website\"},\"datePublished\":\"2022-04-26T12:45:44+00:00\",\"dateModified\":\"2024-03-12T10:40:44+00:00\",\"description\":\"En t\u00e9l\u00e9chargeant ou en utilisant l'application, ces conditions s'appliquent automatiquement \u00e0 vous. Lisez-les attentivement avant d'utiliser l'application\",\"breadcrumb\":{\"@id\":\"https:\\\/\\\/kudocook.com\\\/fr\\\/conditions-dutilisation\\\/#breadcrumb\"},\"inLanguage\":\"fr-FR\",\"potentialAction\":[{\"@type\":\"ReadAction\",\"target\":[\"https:\\\/\\\/kudocook.com\\\/fr\\\/conditions-dutilisation\\\/\"]}]},{\"@type\":\"BreadcrumbList\",\"@id\":\"https:\\\/\\\/kudocook.com\\\/fr\\\/conditions-dutilisation\\\/#breadcrumb\",\"itemListElement\":[{\"@type\":\"ListItem\",\"position\":1,\"name\":\"Accueil\",\"item\":\"https:\\\/\\\/kudocook.com\\\/fr\\\/\"},{\"@type\":\"ListItem\",\"position\":2,\"name\":\"Conditions d&rsquo;utilisation\"}]},{\"@type\":\"WebSite\",\"@id\":\"https:\\\/\\\/kudocook.com\\\/fr\\\/#website\",\"url\":\"https:\\\/\\\/kudocook.com\\\/fr\\\/\",\"name\":\"KudoCook\",\"description\":\"Conquer a world of culinary possibilities!\",\"publisher\":{\"@id\":\"https:\\\/\\\/kudocook.com\\\/fr\\\/#organization\"},\"potentialAction\":[{\"@type\":\"SearchAction\",\"target\":{\"@type\":\"EntryPoint\",\"urlTemplate\":\"https:\\\/\\\/kudocook.com\\\/fr\\\/?s={search_term_string}\"},\"query-input\":{\"@type\":\"PropertyValueSpecification\",\"valueRequired\":true,\"valueName\":\"search_term_string\"}}],\"inLanguage\":\"fr-FR\"},{\"@type\":\"Organization\",\"@id\":\"https:\\\/\\\/kudocook.com\\\/fr\\\/#organization\",\"name\":\"KudoCook\",\"url\":\"https:\\\/\\\/kudocook.com\\\/fr\\\/\",\"logo\":{\"@type\":\"ImageObject\",\"inLanguage\":\"fr-FR\",\"@id\":\"https:\\\/\\\/kudocook.com\\\/fr\\\/#\\\/schema\\\/logo\\\/image\\\/\",\"url\":\"https:\\\/\\\/kudocook.com\\\/wp-content\\\/uploads\\\/2024\\\/11\\\/playstore.png\",\"contentUrl\":\"https:\\\/\\\/kudocook.com\\\/wp-content\\\/uploads\\\/2024\\\/11\\\/playstore.png\",\"width\":512,\"height\":512,\"caption\":\"KudoCook\"},\"image\":{\"@id\":\"https:\\\/\\\/kudocook.com\\\/fr\\\/#\\\/schema\\\/logo\\\/image\\\/\"},\"sameAs\":[\"https:\\\/\\\/www.facebook.com\\\/kudocook\",\"https:\\\/\\\/x.com\\\/kudocook\",\"https:\\\/\\\/www.instagram.com\\\/kudocook\",\"https:\\\/\\\/www.youtube.com\\\/channel\\\/UCIHQma3NSZUyloPZowJSBZQ\",\"https:\\\/\\\/pinterest.com\\\/kudocook\"]}]}<\/script>\n<!-- \/ Yoast SEO plugin. -->","yoast_head_json":{"title":"Conditions d'utilisation - KudoCook","description":"En t\u00e9l\u00e9chargeant ou en utilisant l'application, ces conditions s'appliquent automatiquement \u00e0 vous. Lisez-les attentivement avant d'utiliser l'application","robots":{"index":"index","follow":"follow","max-snippet":"max-snippet:-1","max-image-preview":"max-image-preview:large","max-video-preview":"max-video-preview:-1"},"canonical":"https:\/\/kudocook.com\/fr\/conditions-dutilisation\/","og_locale":"fr_FR","og_type":"article","og_title":"Conditions d'utilisation - KudoCook","og_description":"En t\u00e9l\u00e9chargeant ou en utilisant l'application, ces conditions s'appliquent automatiquement \u00e0 vous. Lisez-les attentivement avant d'utiliser l'application","og_url":"https:\/\/kudocook.com\/fr\/conditions-dutilisation\/","og_site_name":"KudoCook","article_publisher":"https:\/\/www.facebook.com\/kudocook","article_modified_time":"2024-03-12T10:40:44+00:00","twitter_card":"summary_large_image","twitter_site":"@kudocook","twitter_misc":{"Dur\u00e9e de lecture estim\u00e9e":"4 minutes"},"schema":{"@context":"https:\/\/schema.org","@graph":[{"@type":"WebPage","@id":"https:\/\/kudocook.com\/fr\/conditions-dutilisation\/","url":"https:\/\/kudocook.com\/fr\/conditions-dutilisation\/","name":"Conditions d'utilisation - KudoCook","isPartOf":{"@id":"https:\/\/kudocook.com\/fr\/#website"},"datePublished":"2022-04-26T12:45:44+00:00","dateModified":"2024-03-12T10:40:44+00:00","description":"En t\u00e9l\u00e9chargeant ou en utilisant l'application, ces conditions s'appliquent automatiquement \u00e0 vous. Lisez-les attentivement avant d'utiliser l'application","breadcrumb":{"@id":"https:\/\/kudocook.com\/fr\/conditions-dutilisation\/#breadcrumb"},"inLanguage":"fr-FR","potentialAction":[{"@type":"ReadAction","target":["https:\/\/kudocook.com\/fr\/conditions-dutilisation\/"]}]},{"@type":"BreadcrumbList","@id":"https:\/\/kudocook.com\/fr\/conditions-dutilisation\/#breadcrumb","itemListElement":[{"@type":"ListItem","position":1,"name":"Accueil","item":"https:\/\/kudocook.com\/fr\/"},{"@type":"ListItem","position":2,"name":"Conditions d&rsquo;utilisation"}]},{"@type":"WebSite","@id":"https:\/\/kudocook.com\/fr\/#website","url":"https:\/\/kudocook.com\/fr\/","name":"KudoCook","description":"Conquer a world of culinary possibilities!","publisher":{"@id":"https:\/\/kudocook.com\/fr\/#organization"},"potentialAction":[{"@type":"SearchAction","target":{"@type":"EntryPoint","urlTemplate":"https:\/\/kudocook.com\/fr\/?s={search_term_string}"},"query-input":{"@type":"PropertyValueSpecification","valueRequired":true,"valueName":"search_term_string"}}],"inLanguage":"fr-FR"},{"@type":"Organization","@id":"https:\/\/kudocook.com\/fr\/#organization","name":"KudoCook","url":"https:\/\/kudocook.com\/fr\/","logo":{"@type":"ImageObject","inLanguage":"fr-FR","@id":"https:\/\/kudocook.com\/fr\/#\/schema\/logo\/image\/","url":"https:\/\/kudocook.com\/wp-content\/uploads\/2024\/11\/playstore.png","contentUrl":"https:\/\/kudocook.com\/wp-content\/uploads\/2024\/11\/playstore.png","width":512,"height":512,"caption":"KudoCook"},"image":{"@id":"https:\/\/kudocook.com\/fr\/#\/schema\/logo\/image\/"},"sameAs":["https:\/\/www.facebook.com\/kudocook","https:\/\/x.com\/kudocook","https:\/\/www.instagram.com\/kudocook","https:\/\/www.youtube.com\/channel\/UCIHQma3NSZUyloPZowJSBZQ","https:\/\/pinterest.com\/kudocook"]}]}},"jetpack_sharing_enabled":true,"_links":{"self":[{"href":"https:\/\/kudocook.com\/fr\/wp-json\/wp\/v2\/pages\/13954","targetHints":{"allow":["GET"]}}],"collection":[{"href":"https:\/\/kudocook.com\/fr\/wp-json\/wp\/v2\/pages"}],"about":[{"href":"https:\/\/kudocook.com\/fr\/wp-json\/wp\/v2\/types\/page"}],"author":[{"embeddable":true,"href":"https:\/\/kudocook.com\/fr\/wp-json\/wp\/v2\/users\/1"}],"replies":[{"embeddable":true,"href":"https:\/\/kudocook.com\/fr\/wp-json\/wp\/v2\/comments?post=13954"}],"version-history":[{"count":1,"href":"https:\/\/kudocook.com\/fr\/wp-json\/wp\/v2\/pages\/13954\/revisions"}],"predecessor-version":[{"id":13955,"href":"https:\/\/kudocook.com\/fr\/wp-json\/wp\/v2\/pages\/13954\/revisions\/13955"}],"wp:attachment":[{"href":"https:\/\/kudocook.com\/fr\/wp-json\/wp\/v2\/media?parent=13954"}],"curies":[{"name":"wp","href":"https:\/\/api.w.org\/{rel}","templated":true}]}}